{"id":9,"date":"2016-08-21T11:42:35","date_gmt":"2016-08-21T09:42:35","guid":{"rendered":"http:\/\/www.cheminpetit.de\/wordpress\/?page_id=9"},"modified":"2016-08-21T11:42:35","modified_gmt":"2016-08-21T09:42:35","slug":"buehnenwerke","status":"publish","type":"page","link":"https:\/\/cheminpetit.de\/wordpress\/werkverzeichnis\/buehnenwerke\/","title":{"rendered":"B\u00fchnenwerke"},"content":{"rendered":"<p><!--\/raw--><\/p>\n<figure id=\"attachment_281\" aria-describedby=\"caption-attachment-281\" style=\"width: 300px\" class=\"wp-caption alignright\"><img decoding=\"async\" loading=\"lazy\" class=\"wp-image-281\" src=\"http:\/\/cheminpetit.de\/wordpress\/wp-content\/uploads\/2016\/08\/k_4_1-300x170.jpg\" alt=\" Szene aus der Urauff\u00fchrung K\u00d6NIG NICOLO am 6. Mai 1962 im Stadttheater Aachen Foto: Frans Driessens, Aachen \" width=\"300\" height=\"170\" srcset=\"https:\/\/cheminpetit.de\/wordpress\/wp-content\/uploads\/2016\/08\/k_4_1-300x170.jpg 300w, https:\/\/cheminpetit.de\/wordpress\/wp-content\/uploads\/2016\/08\/k_4_1-768x436.jpg 768w, https:\/\/cheminpetit.de\/wordpress\/wp-content\/uploads\/2016\/08\/k_4_1-1024x581.jpg 1024w, https:\/\/cheminpetit.de\/wordpress\/wp-content\/uploads\/2016\/08\/k_4_1.jpg 1057w\" sizes=\"(max-width: 300px) 100vw, 300px\" \/><figcaption id=\"caption-attachment-281\" class=\"wp-caption-text\">Szene aus der Urauff\u00fchrung K\u00d6NIG NICOLO am 6. Mai 1962 im Stadttheater Aachen<br \/> Foto: Frans Driessens, Aachen<\/figcaption><\/figure>\n<p><strong>1923<br \/>\nKom\u00f6die der Irrungen<br \/>\nWilliam Shakespeare; B\u00fchnenmusik <\/strong><br \/>\nSpieldauer: 45 Minuten<br \/>\nMs-Partitur<br \/>\nMaterial nicht mehr vorhanden<br \/>\n<em>Besetzung: FI., Ob., KI., Fg., Hf., Klav., Pk.,\u2028Schl. (Bk., kl.Tr., Tri., Xylo., Kastagn.), Streicher<\/em><br \/>\nUA: 1923, Ltg.: Hans Chemin-Petit \u2028(n\u00e4here Angaben nicht bekannt)<\/p>\n<p><strong>1927<br \/>\nDer gefangene Vogel<br \/>\nEin lyrisches Spiel f\u00fcr Menschen oder Marionetten; Karla H\u00f6cker <\/strong><br \/>\nSpieldauer: 35 Minuten<br \/>\nVerlag: R. Lienau, Berlin 1986<br \/>\nPartitur Rekonstruktion von Heinrich Wollheim, Klavierauszug von Lena Chemin-Petit\u2028Leihmaterial R. Lienau<br \/>\n<em>Besetzung: Sopran, Tenor, Bariton, Sprecher, stumme Figur, Gefolge; Fl. (auch Picc.), Ob., Kl., Fg., Hrn., Hf., Pk., Schl. (Bk., kl.Tr., chin. Holztr., Tri., Glockensp., chin. Gong, Tamtam), 2 Vl., 2 Vla., 2 Vcl., Ktb.<\/em><br \/>\nUA: 16. Oktober 1927 Berlin, Renaissance-Theater; Regie: Hans Holtorf; Maria Rubinstein, Fritz G\u00f6llnitz, Richard Klewitz, Hans Holtorf, August Rabien, Kam\u00admerorchester der Gemeinn\u00fctzigen Vereinigung zur Pflege deutscher Kunst e.V., Mus. Ltg.: Hans Chemin-Petit<\/p>\n<!--[if lt IE 9]><script>document.createElement('audio');<\/script><![endif]-->\n<audio class=\"wp-audio-shortcode\" id=\"audio-9-1\" preload=\"none\" style=\"width: 100%;\" controls=\"controls\"><source type=\"audio\/mpeg\" src=\"http:\/\/cheminpetit.de\/wordpress\/wp-content\/uploads\/2016\/08\/01.mp3?_=1\" \/><a href=\"http:\/\/cheminpetit.de\/wordpress\/wp-content\/uploads\/2016\/08\/01.mp3\">http:\/\/cheminpetit.de\/wordpress\/wp-content\/uploads\/2016\/08\/01.mp3<\/a><\/audio>\n<p>H\u00f6rbeispiel: &#8222;Der gefangene Vogel&#8220;<\/p>\n<p><strong>1929<br \/>\nLady Monica<br \/>\nHeitere Oper in 3 Aufz\u00fcgen; Hans Joachim Moser <\/strong><br \/>\nSpieldauer: ca. 75 Minuten<br \/>\nMs-Partitur, Klavierauszug von Bernhard Henking (Kopisten-Ms)<br \/>\nMaterial noch nicht vorhanden<br \/>\n<em>Besetzung: Sopran, Alt, Tenor, Bariton, Ba\u00df, Ba\u00df-Buffo, Chor oder Solo-Quartett hinter der B\u00fchne; Fl., Ob., Kl., Fg., 2 Hrn., Trp., Hf., Schl., 4 Vl., 2 Vla., 2 Vcl., Ktb.<\/em><br \/>\nNoch nicht aufgef\u00fchrt<\/p>\n<p><strong>1938<br \/>\nDr. Johannes Faust<br \/>\nB\u00fchnenmusik zum Spiel f\u00fcr Handpuppen und Schattenfiguren; nach dem alten Volksbuch <\/strong><br \/>\nSpieldauer: 36 Minuten<br \/>\nMs-Partitur<br \/>\nMaterial nicht mehr vorhanden<br \/>\n<em>Besetzung: Ob., Kl., Fg., Orgel, Akkordeon, Pk., Schl. (Bk., kl.Tr., Tri., tiefer Gong, Tamtam), Streicher<\/em><br \/>\nUA: 25. Januar 1939 im Rahmen der &#8222;Musikwoche der Staatlichen Hochschule f\u00fcr Musikerziehung und Kirchenmusik Berlin Schlo\u00df Charlottenburg&#8220;; Gesamtleitung: Heinz Ohlendorf, Handpuppen: Chris Baumgarten, Schattenfiguren: Jutta Barchewitz, Mus. Ltg.: Hans Chemin-Petit<\/p>\n<p><strong>1959<br \/>\nK\u00f6nig Nicolo<br \/>\nOper in 7 Bildern; nach Frank Wedekind<br \/>\nTextfassung vom Komponisten<\/strong><br \/>\nSpieldauer: 113 Minuten<br \/>\nVerlag: Bote &amp; Bock, Berlin 1961<br \/>\nLeihmaterial Bote &amp; Bock<br \/>\n*Textbuch<br \/>\n<em>Besetzung: 2 Sopran, Alt, 7 Tenor, 3 Bariton, 3 Ba\u00df, Chor, T\u00e4nzerinnen; 2 Fl., Picc., 2 Ob., E.H., 2 Kl., Ba\u00dfkl., 2 Fg., Ktfg., 4 Hrn., 3 Trp., 2 Pos., 2 Tuba, Hf., Laute, Pk., Schl. (Bk., gr.Bk., kl.Tr., gr.Tr., Holztr., R\u00fchrtr., Tri., Xylo., Tamtam), Streicher<\/em><br \/>\nUA: 6. Mai 1962 Aachen, Stadttheater; Regie: Karl Pempelfort; Gotthard Kronstein, Joy Mannen, u.a., Mus. Ltg.: Wolfgang Trommer<\/p>\n<figure id=\"attachment_282\" aria-describedby=\"caption-attachment-282\" style=\"width: 300px\" class=\"wp-caption alignright\"><img decoding=\"async\" loading=\"lazy\" class=\"wp-image-282\" src=\"http:\/\/cheminpetit.de\/wordpress\/wp-content\/uploads\/2016\/08\/k_4_2-300x169.jpg\" alt=\" Szene aus der Urauff\u00fchrung DIE KOM\u00d6DIANTIN am 17. Juni 1970 im Landestheater Coburg Foto: Ilse Buhs, Berlin \" width=\"300\" height=\"169\" srcset=\"https:\/\/cheminpetit.de\/wordpress\/wp-content\/uploads\/2016\/08\/k_4_2-300x169.jpg 300w, https:\/\/cheminpetit.de\/wordpress\/wp-content\/uploads\/2016\/08\/k_4_2-768x434.jpg 768w, https:\/\/cheminpetit.de\/wordpress\/wp-content\/uploads\/2016\/08\/k_4_2-1024x579.jpg 1024w, https:\/\/cheminpetit.de\/wordpress\/wp-content\/uploads\/2016\/08\/k_4_2.jpg 1062w\" sizes=\"(max-width: 300px) 100vw, 300px\" \/><figcaption id=\"caption-attachment-282\" class=\"wp-caption-text\">Szene aus der Urauff\u00fchrung DIE KOM\u00d6DIANTIN am 17. Juni 1970 im Landestheater Coburg<br \/> Foto: Ilse Buhs, Berlin<\/figcaption><\/figure>\n<p><strong>1965<br \/>\nDie Kom\u00f6diantin<br \/>\nHeitere Oper in 3 Bildern; nach Heinz Coubier<br \/>\nTextfassung vom Komponisten<\/strong><br \/>\nSpieldauer: 97 Minuten<br \/>\nVerlag: Ries &amp; Erler, Edition Corona Berlin, 1969<br \/>\nLeihmaterial Ries &amp; Erler<br \/>\n<em>Besetzung: 2 Sopran, 2 Tenor, Bariton, 2 Ba\u00df;\u20282 FI. (2. auch Picc.), 2 Ob., 2 Kl. (2. auch Ba\u00dfkl.\u2028oder Alt-Sax.), 2 Fg. (2. auch Ktfg.), 3 Hrn., 2 Trp.,\u2028Ba\u00dfpos., Hf., Celesta, Pk., Schl. (Bk., kl.Tr., gr.Tr.,\u2028Holztr., Tri., Marimb., Glockensp., R\u00f6hrengl. in\u2028Ges, Tempelbl., Tamtam), Streicher<\/em><br \/>\nUA: 17. Juni 1970 Coburg, Landestheater; Regie: Hannsjoachim Worringen; Renate L\u00fcke, Gudrun Ebel, Hartmut Bauer, Richard Schilbach, u.a., Mus. Ltg.: Hellmut Pape<\/p>\n<audio class=\"wp-audio-shortcode\" id=\"audio-9-2\" preload=\"none\" style=\"width: 100%;\" controls=\"controls\"><source type=\"audio\/mpeg\" src=\"http:\/\/cheminpetit.de\/wordpress\/wp-content\/uploads\/2016\/08\/02.mp3?_=2\" \/><a href=\"http:\/\/cheminpetit.de\/wordpress\/wp-content\/uploads\/2016\/08\/02.mp3\">http:\/\/cheminpetit.de\/wordpress\/wp-content\/uploads\/2016\/08\/02.mp3<\/a><\/audio>\n<p>H\u00f6rbeispiel: &#8222;Die Kom\u00f6diantin&#8220;<\/p>\n<p><strong>1969<br \/>\nDie Rivalinnen<br \/>\nHeitere Kammeroper; nach Giovanni Loredano<br \/>\nTextfassung von Wolfgang Poch und Hans Chemin-Petit <\/strong><br \/>\nSpieldauer: 66 Minuten<br \/>\nMs-Partitur, Klavierauszug<br \/>\nMaterial im Besitz der Hochschule der K\u00fcnste Berlin, Zentrale Hochschulbibliothek<br \/>\n<em>Besetzung: Sopran, Mezzosopran, Alt, Tenor, Bariton, Sprecher; FI., Ob., Kl., Fg., Hrn., Hf., Celesta (+Cembalo), Cembalo auf der B\u00fchne, Pk., Schl. (Bk., kl.Tr., gr.Tr., Tri., Xylo., Marimb., Glocken, Tamtam), Streicher (solistisch): 3 Vl., 2 Vla., 2 Vcl., Ktb.<\/em><br \/>\nUA: 21. Juli 1984 Berlin, Studienprojekt der Hochschule der K\u00fcnste, Theater- und Probensaal der HdK; Regie: G\u00fcnter Roth; Studierende der HdK, Kammerorchester der HdK, Mus. Ltg.: Kai Bumann, Noam Yeini<br \/>\nNiederl\u00e4ndische Erstauff\u00fchrung am 17. M\u00e4rz 1986 im Rahmen einer Studioauff\u00fchrung der Opernklasse des Konservatoriums Maastricht, Stadsschouwburg; Regie: Karl Heinz Hundorf; Studierende des Konser\u00advatoriums, Mitglieder des Konservatorium Symphonie Orchesters, Mus. Ltg.: Wolfgang Trommer<\/p>\n<figure id=\"attachment_283\" aria-describedby=\"caption-attachment-283\" style=\"width: 300px\" class=\"wp-caption alignright\"><img decoding=\"async\" loading=\"lazy\" class=\"wp-image-283\" src=\"http:\/\/cheminpetit.de\/wordpress\/wp-content\/uploads\/2016\/08\/k_4_3-300x222.jpg\" alt=\"B\u00fchnenbild-Entwurf Hans Chemin-Petits f\u00fcr seine Oper DIE RIVALINNEN, um 1969. Die Urauff\u00fchrung fand erst 1984 - nach seinem Tode - statt \" width=\"300\" height=\"222\" srcset=\"https:\/\/cheminpetit.de\/wordpress\/wp-content\/uploads\/2016\/08\/k_4_3-300x222.jpg 300w, https:\/\/cheminpetit.de\/wordpress\/wp-content\/uploads\/2016\/08\/k_4_3-768x568.jpg 768w, https:\/\/cheminpetit.de\/wordpress\/wp-content\/uploads\/2016\/08\/k_4_3.jpg 811w\" sizes=\"(max-width: 300px) 100vw, 300px\" \/><figcaption id=\"caption-attachment-283\" class=\"wp-caption-text\">B\u00fchnenbild-Entwurf Hans Chemin-Petits f\u00fcr seine Oper DIE RIVALINNEN, um 1969.<br \/> Die Urauff\u00fchrung fand erst 1984 &#8211; nach seinem Tode &#8211; statt<\/figcaption><\/figure>\n<p><strong>1971<br \/>\nKlage der Ariadne<br \/>\nDramatische Szene; nach Friedrich Nietzsche<br \/>\nTextfassung vom Komponisten<\/strong><br \/>\nSpieldauer: 16 Minuten<br \/>\nMs-Partitur, Klavierauszug<br \/>\nMaterial Akademie der K\u00fcnste Berlin<br \/>\n<em>Besetzung: Sopran, Bariton; Fl., Ob., Kl., Fg., Hrn.,\u2028Hf., Cembalo, Pk., Schl. (Bk., kl.Tr., gr.Tr., Xylo.,\u2028Tamtam), 3 Vl., 2 Vla., 2 Vcl., Ktb.<\/em><br \/>\nUA (konzertant): 15. September 1973 Berlin,\u2028Kon\u00adzertsaal der Hochschule f\u00fcr Musik;\u2028Barbara Vogel, Shogo Miyahara,\u2028Symphonisches Orchester Berlin,\u2028Ltg.: Hans Chemin-Petit<\/p>\n<p>1975<br \/>\nKassandras Tod<br \/>\n<strong>Dramatische Kantate mit Vorspruch und Epilog; nach Aischylos<br \/>\nf\u00fcr Soli, Chor und Orchester<br \/>\nTextfassung vom Komponisten<br \/>\n(s. 2. Bild Kassandra, 1980) <\/strong><br \/>\nSpieldauer: 40 Minuten<br \/>\nMs-Partitur, Klavierauszug, Chorpartitur<br \/>\nMaterial Philharmonischer Chor Berlin<br \/>\n*Textbuch, Druckwerkst\u00e4tte Gottschalk OHG, Berlin<br \/>\n<em>Besetzung: Sopran, Mezzosopran, Alt, Tenor, Ba\u00df, Chor; Instrumentalbesetzung s. Kassandra, 1980<\/em><br \/>\nUA (konzertant): 16. Oktober 1977 Festkonzert des Philharmonischen Chores Berlin in Verbindung mit der Akademie der K\u00fcnste anl\u00e4\u00dflich des 75. Geburts\u00adtages von Hans Chemin-Petit, Berlin, Philharmonie; Carol Wyatt, Janis Martin, u.a., Philharmonischer Chor Berlin, Berliner Philharmonisches Orchester, Ltg.: Hans Chemin-Petit<br \/>\nRundfunk: SFB Mitschnitt der UA und Mitschnitt der UA Kassandra, 1980<\/p>\n<figure id=\"attachment_294\" aria-describedby=\"caption-attachment-294\" style=\"width: 214px\" class=\"wp-caption alignright\"><img decoding=\"async\" loading=\"lazy\" class=\"wp-image-294 size-medium\" src=\"http:\/\/cheminpetit.de\/wordpress\/wp-content\/uploads\/2016\/08\/k_10-214x300.jpg\" alt=\" Szene aus der Urauff\u00fchrung DIE RIVALINNEN am 21. Juli 1984 in der Hochschule der K\u00fcnste Berlin Foto: story press - jochen claus \" width=\"214\" height=\"300\" srcset=\"https:\/\/cheminpetit.de\/wordpress\/wp-content\/uploads\/2016\/08\/k_10-214x300.jpg 214w, https:\/\/cheminpetit.de\/wordpress\/wp-content\/uploads\/2016\/08\/k_10.jpg 427w\" sizes=\"(max-width: 214px) 100vw, 214px\" \/><figcaption id=\"caption-attachment-294\" class=\"wp-caption-text\">Szene aus der Urauff\u00fchrung DIE RIVALINNEN am 21. Juli 1984 in der Hochschule der K\u00fcnste Berlin<br \/> Foto: story press &#8211; jochen claus<\/figcaption><\/figure>\n<p><strong>1980<br \/>\nKassandra<br \/>\nDrama in 2 Bildern mit Vorspruch und Epilog; nach Aischylos<br \/>\nTextfassung vom Komponisten<br \/>\n(2. Bild s. Kassandras Tod, 1975) <\/strong><br \/>\nSpieldauer: 82 Minuten<br \/>\nMs-Partitur, Klavierauszug, Chorpartitur<br \/>\nKlavierauszug 1. Bild von Johannes Berthold<br \/>\nMaterial Philharmonischer Chor Berlin<br \/>\n*Textbuch, Druckwerkst\u00e4tte Gottschalk OHG, Berlin<br \/>\n<em>Besetzung: Sopran, Mezzosopran, 3 Alt, 4 Tenor, 3 Bariton,\u20283 Ba\u00df, Chor; 3 Fl. (1. und 2. auch Picc.), 2 Ob., E.H., 2 Kl.,\u2028Ba\u00dfkl., 2 Fg., Ktfg., 4 Hrn., 3 Trp., 3 Pos., Tuba, Hf., Pk.,\u2028Schl. (Bk., kl.Tr., gr.Tr., R\u00fchrtr., Tri., Xylo., Marimb., Tamtam),\u20284 Vl., 2 Vla., 2 Vcl., Ktb.; Elektronik (Cluster)<\/em><br \/>\nUA (konzertant): 22. Mai 1982 anl\u00e4\u00dflich des 80. Geburtstages von Hans\u2028Chemin-Petit, Berlin, Philhar\u00admonie; Carola Rentz, Rose Wagemann, u.a.,\u2028Philhar\u00admonischer Chor Berlin (Studienleitung Rainer Seekamp), Radio-\u2028Symphonie-Orchester Berlin, Ltg.: Carl Gorvin<br \/>\nRundfunk: SFB Mitschnitt der UA<\/p>\n<audio class=\"wp-audio-shortcode\" id=\"audio-9-3\" preload=\"none\" style=\"width: 100%;\" controls=\"controls\"><source type=\"audio\/mpeg\" src=\"http:\/\/cheminpetit.de\/wordpress\/wp-content\/uploads\/2016\/08\/03.mp3?_=3\" \/><a href=\"http:\/\/cheminpetit.de\/wordpress\/wp-content\/uploads\/2016\/08\/03.mp3\">http:\/\/cheminpetit.de\/wordpress\/wp-content\/uploads\/2016\/08\/03.mp3<\/a><\/audio>\n<p>H\u00f6rbeispiel: &#8222;Kassandra&#8220;<br \/>\n<!--\/raw--><\/p>\n","protected":false},"excerpt":{"rendered":"<p>1923 Kom\u00f6die der Irrungen William Shakespeare; B\u00fchnenmusik Spieldauer: 45 Minuten Ms-Partitur Material nicht mehr vorhanden Besetzung: FI., Ob., KI., Fg., Hf., Klav., Pk.,\u2028Schl. (Bk., kl.Tr., Tri., Xylo., Kastagn.), Streicher UA: 1923, Ltg.: Hans Chemin-Petit \u2028(n\u00e4here Angaben nicht bekannt) 1927 Der gefangene Vogel Ein lyrisches Spiel f\u00fcr Menschen oder Marionetten; Karla H\u00f6cker Spieldauer: 35 Minuten Verlag: [&hellip;]<\/p>\n","protected":false},"author":2,"featured_media":0,"parent":35,"menu_order":0,"comment_status":"closed","ping_status":"closed","template":"templates\/page-ribbon.php","meta":{"ngg_post_thumbnail":0},"_links":{"self":[{"href":"https:\/\/cheminpetit.de\/wordpress\/wp-json\/wp\/v2\/pages\/9"}],"collection":[{"href":"https:\/\/cheminpetit.de\/wordpress\/wp-json\/wp\/v2\/pages"}],"about":[{"href":"https:\/\/cheminpetit.de\/wordpress\/wp-json\/wp\/v2\/types\/page"}],"author":[{"embeddable":true,"href":"https:\/\/cheminpetit.de\/wordpress\/wp-json\/wp\/v2\/users\/2"}],"replies":[{"embeddable":true,"href":"https:\/\/cheminpetit.de\/wordpress\/wp-json\/wp\/v2\/comments?post=9"}],"version-history":[{"count":0,"href":"https:\/\/cheminpetit.de\/wordpress\/wp-json\/wp\/v2\/pages\/9\/revisions"}],"up":[{"embeddable":true,"href":"https:\/\/cheminpetit.de\/wordpress\/wp-json\/wp\/v2\/pages\/35"}],"wp:attachment":[{"href":"https:\/\/cheminpetit.de\/wordpress\/wp-json\/wp\/v2\/media?parent=9"}],"curies":[{"name":"wp","href":"https:\/\/api.w.org\/{rel}","templated":true}]}}