{"id":784,"date":"2016-08-29T18:22:41","date_gmt":"2016-08-29T16:22:41","guid":{"rendered":"http:\/\/www.cheminpetit.de\/wordpress\/?page_id=784"},"modified":"2021-04-17T11:43:04","modified_gmt":"2021-04-17T11:43:04","slug":"home","status":"publish","type":"page","link":"https:\/\/cheminpetit.de\/wordpress\/home\/","title":{"rendered":""},"content":{"rendered":"<p><a href=\"http:\/\/www.cheminpetit.de\/wordpress\/aktuelles\">AKTUELLES<\/a><\/p>\n<p><a href=\"http:\/\/www.cheminpetit.de\/wordpress\/vita\/\">ZEITTAFEL<\/a><\/p>\n<p><a href=\"http:\/\/www.cheminpetit.de\/wordpress\/leben-und-wirken\/komponist\/\">KOMPONIST<\/a><\/p>\n<p><a href=\"http:\/\/www.cheminpetit.de\/wordpress\/leben-und-wirken\/dirigent\/\">DIRIGENT<\/a><\/p>\n<p><a href=\"http:\/\/www.cheminpetit.de\/wordpress\/werkverzeichnis\/\">WERKVERZEICHNIS<\/a><\/p>\n<p><a href=\"http:\/\/www.cheminpetit.de\/wordpress\/audio\/\">H\u00d6RBEISPIELE<\/a><\/p>\n<p><a href=\"http:\/\/www.cheminpetit.de\/wordpress\/leben-und-wirken\/chorleiter-und-chor\/\">CHORLEITER UND CHOR<\/a><\/p>\n<p><a href=\"http:\/\/www.cheminpetit.de\/texte\/5_hochschule.html\">HOCHSCHULE<\/a><\/p>\n<p><a href=\"http:\/\/www.cheminpetit.de\/wordpress\/publikationen\/literaturverzeichnis\/\">PUBLIKATIONEN<\/a><\/p>\n<p><a href=\"http:\/\/www.cheminpetit.de\/texte\/6_ehrenaemter.html\">EHREN\u00c4MTER<\/a><\/p>\n<p><a href=\"http:\/\/www.cheminpetit.de\/wordpress\/leben-und-wirken\/ehrungen\/\">EHRUNGEN<\/a><\/p>\n<p>&nbsp;<\/p>\n<p><a href=\"https:\/\/archiv.adk.de\/\" target=\"_new\" rel=\"noopener\">Nachlass Hans Chemin-Petit: Archiv der Akademie der K\u00fcnste<\/a><\/p>\n","protected":false},"excerpt":{"rendered":"<p>AKTUELLES ZEITTAFEL KOMPONIST DIRIGENT WERKVERZEICHNIS H\u00d6RBEISPIELE CHORLEITER UND CHOR HOCHSCHULE PUBLIKATIONEN EHREN\u00c4MTER EHRUNGEN &nbsp; Nachlass Hans Chemin-Petit: Archiv der Akademie der K\u00fcnste<\/p>\n","protected":false},"author":2,"featured_media":0,"parent":0,"menu_order":0,"comment_status":"closed","ping_status":"closed","template":"templates\/page-ribbon.php","meta":{"ngg_post_thumbnail":0},"_links":{"self":[{"href":"https:\/\/cheminpetit.de\/wordpress\/wp-json\/wp\/v2\/pages\/784"}],"collection":[{"href":"https:\/\/cheminpetit.de\/wordpress\/wp-json\/wp\/v2\/pages"}],"about":[{"href":"https:\/\/cheminpetit.de\/wordpress\/wp-json\/wp\/v2\/types\/page"}],"author":[{"embeddable":true,"href":"https:\/\/cheminpetit.de\/wordpress\/wp-json\/wp\/v2\/users\/2"}],"replies":[{"embeddable":true,"href":"https:\/\/cheminpetit.de\/wordpress\/wp-json\/wp\/v2\/comments?post=784"}],"version-history":[{"count":2,"href":"https:\/\/cheminpetit.de\/wordpress\/wp-json\/wp\/v2\/pages\/784\/revisions"}],"predecessor-version":[{"id":1397,"href":"https:\/\/cheminpetit.de\/wordpress\/wp-json\/wp\/v2\/pages\/784\/revisions\/1397"}],"wp:attachment":[{"href":"https:\/\/cheminpetit.de\/wordpress\/wp-json\/wp\/v2\/media?parent=784"}],"curies":[{"name":"wp","href":"https:\/\/api.w.org\/{rel}","templated":true}]}}