{"id":777,"date":"2016-08-29T17:36:09","date_gmt":"2016-08-29T15:36:09","guid":{"rendered":"http:\/\/www.cheminpetit.de\/wordpress\/?page_id=777"},"modified":"2016-08-29T17:36:09","modified_gmt":"2016-08-29T15:36:09","slug":"ueber-diese-seite","status":"publish","type":"page","link":"https:\/\/cheminpetit.de\/wordpress\/ueber-diese-seite\/","title":{"rendered":"\u00dcber diese Seite"},"content":{"rendered":"<p>Dieser Internet-Auftritt ist die offizielle Website zu Leben und Wirken von Hans Chemin-Petit.<\/p>\n<p>Die Grundlage f\u00fcr den Inhalt bildet die 10-j\u00e4hrige Archivarbeit von Andrea Witte, geb. Chemin-Petit. Unterst\u00fctzt wurde sie von Gerd Witte, Prof. K\u00e4te Walter, Rainer Feind und Barbara Fischer.<\/p>\n<p>F\u00fcr die technische Umsetzung vielen Dank an Olaf Augele.<\/p>\n","protected":false},"excerpt":{"rendered":"<p>Dieser Internet-Auftritt ist die offizielle Website zu Leben und Wirken von Hans Chemin-Petit. Die Grundlage f\u00fcr den Inhalt bildet die 10-j\u00e4hrige Archivarbeit von Andrea Witte, geb. Chemin-Petit. Unterst\u00fctzt wurde sie von Gerd Witte, Prof. K\u00e4te Walter, Rainer Feind und Barbara Fischer. F\u00fcr die technische Umsetzung vielen Dank an Olaf Augele.<\/p>\n","protected":false},"author":2,"featured_media":0,"parent":0,"menu_order":0,"comment_status":"closed","ping_status":"closed","template":"templates\/page-ribbon.php","meta":{"ngg_post_thumbnail":0},"_links":{"self":[{"href":"https:\/\/cheminpetit.de\/wordpress\/wp-json\/wp\/v2\/pages\/777"}],"collection":[{"href":"https:\/\/cheminpetit.de\/wordpress\/wp-json\/wp\/v2\/pages"}],"about":[{"href":"https:\/\/cheminpetit.de\/wordpress\/wp-json\/wp\/v2\/types\/page"}],"author":[{"embeddable":true,"href":"https:\/\/cheminpetit.de\/wordpress\/wp-json\/wp\/v2\/users\/2"}],"replies":[{"embeddable":true,"href":"https:\/\/cheminpetit.de\/wordpress\/wp-json\/wp\/v2\/comments?post=777"}],"version-history":[{"count":0,"href":"https:\/\/cheminpetit.de\/wordpress\/wp-json\/wp\/v2\/pages\/777\/revisions"}],"wp:attachment":[{"href":"https:\/\/cheminpetit.de\/wordpress\/wp-json\/wp\/v2\/media?parent=777"}],"curies":[{"name":"wp","href":"https:\/\/api.w.org\/{rel}","templated":true}]}}