{"id":7,"date":"2016-08-21T11:41:33","date_gmt":"2016-08-21T09:41:33","guid":{"rendered":"http:\/\/www.cheminpetit.de\/wordpress\/?page_id=7"},"modified":"2016-08-21T11:41:33","modified_gmt":"2016-08-21T09:41:33","slug":"vita","status":"publish","type":"page","link":"https:\/\/cheminpetit.de\/wordpress\/vita\/","title":{"rendered":"Biographische Notizen"},"content":{"rendered":"<figure id=\"attachment_355\" aria-describedby=\"caption-attachment-355\" style=\"width: 300px\" class=\"wp-caption alignright\"><img decoding=\"async\" loading=\"lazy\" class=\"size-medium wp-image-355\" src=\"http:\/\/cheminpetit.de\/wordpress\/wp-content\/uploads\/2016\/08\/p_01_1-300x267.jpg\" alt=\"Die Eltern: Hans Chemin-Petit und Selma, geb. Feldt, um 1910 \" width=\"300\" height=\"267\" srcset=\"https:\/\/cheminpetit.de\/wordpress\/wp-content\/uploads\/2016\/08\/p_01_1-300x267.jpg 300w, https:\/\/cheminpetit.de\/wordpress\/wp-content\/uploads\/2016\/08\/p_01_1.jpg 674w\" sizes=\"(max-width: 300px) 100vw, 300px\" \/><figcaption id=\"caption-attachment-355\" class=\"wp-caption-text\">Die Eltern: Hans Chemin-Petit und Selma,<br \/>geb. Feldt, um 1910<\/figcaption><\/figure>\n<p class=\"liste\"><strong><span class=\"liste_bold\">1902<\/span><\/strong><\/p>\n<p class=\"liste\">24. Juli geboren in Potsdam<br \/>\nVater: Kapellmeister Hans Chemin-Petit<br \/>\nMutter: S\u00e4ngerin Selma, geb. Feldt<br \/>\nErster Unterricht in Klavier und Violoncello bei\u00a0den Eltern<br \/>\nVioloncello-Unterricht dann beim Kammervirtuosen Rudolf Kratina<\/p>\n<p class=\"liste_bold\"><strong>1917<\/strong><br \/>\n<span class=\"liste\">Tod des Vaters<\/span><\/p>\n<p class=\"liste_bold\"><strong>1920<\/strong><br \/>\n<span class=\"liste\">Humanistisches Abitur am Staatlichen Viktoria-Gymnasium zu Potsdam<\/span><\/p>\n<p class=\"liste\"><strong><span class=\"liste_bold\">1920-1927<\/span><\/strong><br \/>\nStudium an der K\u00f6niglichen Akademischen\u00a0Hochschule f\u00fcr Musik Berlin Charlottenburg \/\u00a0ab 1922 Staatliche Akademische Hochschule f\u00fcr Musik<br \/>\n1920-1925 Violoncello bei Hugo Becker<br \/>\n1924-1927 Mitglied des Bruinier-Quartetts<br \/>\n1925-1927 Komposition bei <a href=\"http:\/\/www.Juon.org\" target=\"_blank\">Paul Juon<\/a><br \/>\n<em>Lieder<\/em><br \/>\n<em>Streichquartette<\/em><\/p>\n<p class=\"liste\"><strong><span class=\"liste_bold\">1927<\/span><\/strong><br \/>\nMitbegr\u00fcnder des Ensembles &#8222;Tournee Berliner Kammeroper&#8220;, Gastspielreisen<br \/>\n<em>Der gefangene Vogel<\/em><\/p>\n<figure id=\"attachment_356\" aria-describedby=\"caption-attachment-356\" style=\"width: 209px\" class=\"wp-caption alignright\"><img decoding=\"async\" loading=\"lazy\" class=\"size-medium wp-image-356\" src=\"http:\/\/cheminpetit.de\/wordpress\/wp-content\/uploads\/2016\/08\/p_01_2-209x300.jpg\" alt=\"Zeichnung Max Arens, Portrait-Maler am Kaiserlichen Hof in Potsdam 1921 \" width=\"209\" height=\"300\" srcset=\"https:\/\/cheminpetit.de\/wordpress\/wp-content\/uploads\/2016\/08\/p_01_2-209x300.jpg 209w, https:\/\/cheminpetit.de\/wordpress\/wp-content\/uploads\/2016\/08\/p_01_2.jpg 678w\" sizes=\"(max-width: 209px) 100vw, 209px\" \/><figcaption id=\"caption-attachment-356\" class=\"wp-caption-text\">Zeichnung Max Arens, Portrait-Maler am Kaiserlichen Hof in Potsdam<br \/>1921<\/figcaption><\/figure>\n<p><strong><span class=\"liste_bold\">1928<\/span><\/strong><br \/>\n<span class=\"liste\">Heirat mit Lena von Hippel, Violoncellistin <\/span><\/p>\n<p><strong><span class=\"liste_bold\">1929<\/span><\/strong><br \/>\n<span class=\"liste\">Kompositionserfolg auf der Opernfestwoche Duisburg\u00a0mit dem <em>Gefangenen Vogel<\/em><br \/>\nHans Joachim Moser \u00fcbertr\u00e4gt Hans Chemin-Petit\u00a0Lehrveranstaltungen in Vertretung f\u00fcr Waldemar von\u00a0Bausznern an der Staatlichen Akademie f\u00fcr Kirchenund Schulmusik, Berlin<br \/>\n<em>Eichendorff-Madrigale<\/em> <\/span><\/p>\n<p><strong><span class=\"liste_bold\">1930<\/span><\/strong><span class=\"liste\"><br \/>\nDozent f\u00fcr Musiktheorie und Tonsatz an der Staatlichen\u00a0Akademie f\u00fcr Kirchen- und Schulmusik\u00a0Staatliche Privatmusiklehrerpr\u00fcfung f\u00fcr Violoncello,\u00a0Komposition und Theorie der Musik<br \/>\n<em>Lyrische Suite <\/em><\/span><\/p>\n<p class=\"liste_bold\"><strong>1931<\/strong><br \/>\n<span class=\"liste\"><em>Konzert f\u00fcr Violoncello und Orchester<\/em><\/span><\/p>\n<p class=\"liste_bold\"><strong>1933<\/strong><br \/>\n<span class=\"liste\">Erstes Konzert mit dem Philharmonischen Orchester\u00a0Berlin, Chemin-Petit dirigiert seine <em>Sinfonietta <\/em><br \/>\nIm zweiten Konzert mit dem Philharmonischen Orchester\u00a01934 ist Wilhelm Kempff Solist<\/span><\/p>\n<p class=\"liste_bold\"><strong>1933-1935<\/strong><br \/>\n<span class=\"liste\"><em>Claudius-Motetten<\/em><\/span><\/p>\n<p class=\"liste_bold\"><strong>1934-1945<\/strong><br \/>\n<span class=\"liste\">wohnte die Familie Chemin-Petit im <a href=\"http:\/\/www.kleinesschloss.de\" target=\"_blank\">&#8218;Kleinen Schlo\u00df&#8216;<\/a> im Park Babelsberg<\/span><\/p>\n<p class=\"liste_bold\"><strong>1936-1969<\/strong><br \/>\n<span class=\"liste\">Professur an der Staatlichen Hochschule f\u00fcr Musikerziehung und Kirchenmusik Berlin \/ ab 1945: Hochschule f\u00fcr Musik<br \/>\nLehrgebiete: Musiktheorie, Tonsatz, Komposition, Chorleitung; ab 1940 Leitung des Kammerchores an der Staatlichen Hochschule<\/span><\/p>\n<figure id=\"attachment_361\" aria-describedby=\"caption-attachment-361\" style=\"width: 223px\" class=\"wp-caption alignright\"><img decoding=\"async\" loading=\"lazy\" class=\"size-medium wp-image-361\" src=\"http:\/\/cheminpetit.de\/wordpress\/wp-content\/uploads\/2016\/08\/p_03_1-223x300.jpg\" alt=\"Kohlezeichnung von Ursula Wennrich 1947\" width=\"223\" height=\"300\" srcset=\"https:\/\/cheminpetit.de\/wordpress\/wp-content\/uploads\/2016\/08\/p_03_1-223x300.jpg 223w, https:\/\/cheminpetit.de\/wordpress\/wp-content\/uploads\/2016\/08\/p_03_1.jpg 445w\" sizes=\"(max-width: 223px) 100vw, 223px\" \/><figcaption id=\"caption-attachment-361\" class=\"wp-caption-text\">Kohlezeichnung von Ursula Wennrich<br \/>1947<\/figcaption><\/figure>\n<p class=\"liste_bold\"><strong>1937<\/strong><br \/>\n<span class=\"liste\"><em>Kantate An die Liebe <\/em><\/span><\/p>\n<p class=\"liste_bold\"><strong>1939<\/strong><br \/>\n<span class=\"liste\"><em>Orchesterprolog <\/em><\/span><\/p>\n<p class=\"liste_bold\"><strong>1939-1942<\/strong><br \/>\n<span class=\"liste\">Leitung des Magdeburger Domchores<\/span><\/p>\n<p class=\"liste_bold\"><strong>1939-1961<\/strong><br \/>\n<span class=\"liste\">Leitung des Reblingschen Gesangvereins Magdeburg \/\u00a0sp\u00e4ter Reblingscher Chor, Rebling Chor<\/span><\/p>\n<p class=\"liste_bold\"><strong>1939 &#8211; 1944<\/strong><br \/>\n<span class=\"liste\">Initiator der St\u00e4dtischen Sinfoniekonzerte und der\u00a0Musiktage in Memel, Leitung musikalischer\u00a0Veranstaltungen<\/span><\/p>\n<p class=\"liste_bold\"><strong>1943 -1945<\/strong><br \/>\n<span class=\"liste\">\u00dcbernahme des <a href=\"http:\/\/www.philharmonischer-chor.de\" target=\"_blank\">Philharmonischen Chores Berlin<\/a>\u00a0bis zur Aufl\u00f6sung bei Kriegsende<\/span><\/p>\n<p class=\"liste_bold\"><strong>1944<\/strong><br \/>\n<span class=\"liste\"><em>Orchesterkonzert D-Dur\u00a0<\/em><em>Kantate Werkleute sind wir <\/em><\/span><\/p>\n<p class=\"liste_bold\"><strong>1945 -1953<\/strong><br \/>\n<span class=\"liste\">F\u00fchrende Mitwirkung beim Wiederaufbau des Potsdamer Musiklebens.<br \/>\nLeitung des St\u00e4dtischen Chores Potsdam bis 1948; erstes Konzert am 29. Juli 1945.<br \/>\nMitbegr\u00fcnder des Kulturbundes zur demokratischen Erneuerung Deutschlands, Potsdam.<br \/>\nGesamtplanung des Bach-Jahres 1950 in Potsdam und Leitung mehrerer Konzerte.<br \/>\nGr\u00fcnder des <a href=\"http:\/\/www.cm-potsdam.de\" target=\"_blank\">Collegium musicum Potsdam<\/a>.<\/span><\/p>\n<p class=\"liste_bold\"><strong>1945<\/strong><br \/>\n<span class=\"liste\">Mitbegr\u00fcnder des Berliner Sinfonie-Orchesters<\/span><\/p>\n<p class=\"liste_bold\"><strong>1945 -1981<\/strong><br \/>\n<span class=\"liste\">Wiederaufbau des <a href=\"http:\/\/www.philharmonischer-chor.de\" target=\"_blank\">Philharmonischen Chores Berlin<\/a> nach 1945. Ende 1946 Best\u00e4tigung der Neugr\u00fcndung durch den Magistrat der Stadt Berlin; erstes Konzert nach der Neugr\u00fcndung am\u00a015. Dezember 1946 mit dem <em>Messias <\/em> von H\u00e4ndel. Profilierung und Leitung des Chores bis 1981,\u00a0ca. 200 Konzerte, letztes Konzert am 27. April 1980 mit der <em>Missa solemnis <\/em> von Beethoven.<\/span><\/p>\n<p class=\"liste_bold\"><strong>seit 1946<\/strong><br \/>\n<span class=\"liste\"> Gastdirigate: Deutsche Staatskapelle Berlin, Gewandhausorchester Leipzig, Nieders\u00e4chsisches Symphonie-Orchester Hannover, M\u00fcnchner Philharmoniker u. a.<\/span><\/p>\n<p class=\"liste_bold\"><strong>1948<\/strong><br \/>\n<span class=\"liste\">Deutsche Erstauff\u00fchrung der 9. Symphonie von Dmitri Schostakowitsch in Hannover<\/span><\/p>\n<p class=\"liste\"><strong><span class=\"liste_bold\">1949<\/span><\/strong><br \/>\n<span class=\"liste\"><em>2. Symphonie <\/em><\/span><\/p>\n<figure id=\"attachment_364\" aria-describedby=\"caption-attachment-364\" style=\"width: 211px\" class=\"wp-caption alignright\"><img decoding=\"async\" loading=\"lazy\" class=\"size-medium wp-image-364\" src=\"http:\/\/cheminpetit.de\/wordpress\/wp-content\/uploads\/2016\/08\/p_04_1-211x300.jpg\" alt=\"B\u00fcste von Gustav Seitz 1962\" width=\"211\" height=\"300\" srcset=\"https:\/\/cheminpetit.de\/wordpress\/wp-content\/uploads\/2016\/08\/p_04_1-211x300.jpg 211w, https:\/\/cheminpetit.de\/wordpress\/wp-content\/uploads\/2016\/08\/p_04_1.jpg 422w\" sizes=\"(max-width: 211px) 100vw, 211px\" \/><figcaption id=\"caption-attachment-364\" class=\"wp-caption-text\">B\u00fcste von Gustav Seitz<br \/>1962<\/figcaption><\/figure>\n<p class=\"liste_bold\"><strong>1949-1950<\/strong><br \/>\n<span class=\"liste\">Fachausschu\u00dfmitglied Freie Volksb\u00fchne e. V. Berlin<\/span><\/p>\n<p class=\"liste\"><strong><span class=\"liste_bold\">1953<\/span><\/strong><br \/>\n<span class=\"liste\">\u00dcbersiedlung von Potsdam nach Berlin<br \/>\n<em>Der 90. Psalm<\/em><\/span><\/p>\n<p class=\"liste_bold\"><strong>1954<\/strong><br \/>\n<span class=\"liste\"><em>Der 150. Psalm<\/em><\/span><\/p>\n<p class=\"liste_bold\"><strong>1959<\/strong><br \/>\n<span class=\"liste\"><em>K\u00f6nig Nicolo<\/em><\/span><\/p>\n<p class=\"liste_bold\"><strong>1960<\/strong><br \/>\n<span class=\"liste\"><em>Prooemion<br \/>\nAus dem Buch Hiob<\/em><\/span><\/p>\n<p class=\"liste_bold\"><strong>1962<\/strong><br \/>\n<span class=\"liste\"><em>Der 98. Psalm <\/em><br \/>\n<em>Schwebender Genius <\/em><\/span><\/p>\n<p class=\"liste_bold\"><strong>1963<\/strong><br \/>\n<span class=\"liste\">Berufung zum Mitglied der Akademie der K\u00fcnste, Berlin<br \/>\n<em>Intrada e Passacaglia <\/em><br \/>\n<em>Konzert f\u00fcr Orgel, Streichorchester und Pauken<\/em><\/span><\/p>\n<p class=\"liste_bold\"><strong>1963-1964<\/strong><br \/>\n<span class=\"liste\">Mitglied im Rundfunkrat des Senders Freies Berlin<\/span><\/p>\n<p class=\"liste_bold\"><strong>1964<\/strong><br \/>\n<span class=\"liste\">Verleihung des Berliner Kunstpreises<br \/>\n<em>Der 100. Psalm <\/em><br \/>\n<em>Ringelnatz-Ch\u00f6re <\/em><\/span><\/p>\n<p class=\"liste_bold\"><strong>1965<\/strong><br \/>\n<span class=\"liste\">Gastkonzert des Philharmonischen Chores Berlin beim 25. Beethovenfest der Stadt Bonn mit der<br \/>\n<em>Missa solemnis <\/em><br \/>\n<em>Die Kom\u00f6diantin <\/em><\/span><\/p>\n<p class=\"liste_bold\"><strong>1965 -1969<\/strong><br \/>\n<span class=\"liste\">Stellvertretender Direktor der Hochschule f\u00fcr Musik Berlin<\/span><\/p>\n<p class=\"liste_bold\"><strong>1965 -1968<\/strong><br \/>\n<span class=\"liste\">Stellvertretender Direktor der Abteilung Musik in der Akademie der K\u00fcnste Berlin<\/span><\/p>\n<p class=\"liste_bold\"><strong>1966<\/strong><br \/>\n<span class=\"liste\">Mitbegr\u00fcnder des Symphonischen Orchesters Berlin e. V.<br \/>\n1966 Vorstandsmitglied und 1973 Vorsitzender des Tr\u00e4gervereins des Symphonischen Orchesters Berlin (bis 1975)<br \/>\n<em>Symphonische Kantate<\/em><\/span><\/p>\n<p class=\"liste_bold\"><strong>1966-1981<\/strong><br \/>\n<span class=\"liste\">Leitende \u00c4mter in der GEMA<br \/>\n1966 Berufung in den Werkausschu\u00df der GEMA, 1975 &#8211; 1981 Vorsitzender dieses Werkausschusses<br \/>\n1969 Kuratoriumsmitglied der GEMA-Sozialkasse (bis 1972) und der Versorgungsstiftung der deutschen Komponisten (bis 1981)<\/span><\/p>\n<p class=\"liste\"><strong><span class=\"liste_bold\">1966<\/span><\/strong><br \/>\n<span class=\"liste\">Rom-Preis, Ehrengast in der &#8222;Villa Massimo&#8220; der Deutschen Akademie in Rom<\/span><\/p>\n<p class=\"liste\"><strong><span class=\"liste_bold\">1967<\/span><\/strong><br \/>\n<span class=\"liste\">Ehrenmitglied des Philharmonischen Chores Berlin<\/span><\/p>\n<p class=\"liste_bold\"><strong>1967-1974<\/strong><br \/>\n<span class=\"liste\">Mitglied im Vorstand des Deutschen Komponistenverbandes<\/span><\/p>\n<p class=\"liste\"><strong><span class=\"liste_bold\">1968<\/span><\/strong><br \/>\n<span class=\"liste\">Verleihung des Bundesverdienstkreuzes<br \/>\n<em>Musik f\u00fcr Orchester 1968<\/em><\/span><\/p>\n<p class=\"liste_bold\"><strong>1968-1981<\/strong><br \/>\n<span class=\"liste\">Direktor der Abteilung Musik in der Akademie der K\u00fcnste Berlin<\/span><\/p>\n<p class=\"liste\"><strong><span class=\"liste_bold\">1969<\/span><\/strong><br \/>\n<span class=\"liste\"><em>Introitus und Hymnus <\/em><br \/>\n<em>Die Rivalinnen <\/em><\/span><\/p>\n<p class=\"liste_bold\"><strong>1971<\/strong><br \/>\n<span class=\"liste\">Mitglied im Vorstand der Dramatiker-Union (bis 1981)<br \/>\n<em>Klage der Ariadne <\/em><br \/>\n<em>Konzert f\u00fcr Violine und Orchester <\/em><br \/>\n<em>Huchel-Lieder <\/em><\/span><\/p>\n<p class=\"liste_bold\"><strong>1972<\/strong><br \/>\n<span class=\"liste\">Gastkonzert des Philharmonischen Chores Berlin anl\u00e4\u00dflich der Olympischen Spiele in M\u00fcnchen mit Werken von Bruckner, Bialas, Genzmer und eigener Komposition<\/span><\/p>\n<p class=\"liste_bold\"><strong>1973<\/strong><br \/>\n<span class=\"liste\"><em>Konzert f\u00fcr Blockfl\u00f6te und Cembalo<\/em><\/span><\/p>\n<p class=\"liste_bold\"><strong>1973-1981<\/strong><br \/>\n<span class=\"liste\">Gr\u00fcnder und Vorsitzender der Arbeitsgemeinschaft der Ch\u00f6re Berlin<\/span><\/p>\n<p class=\"liste\"><strong><span class=\"liste_bold\">1976<\/span><\/strong><br \/>\n<span class=\"liste\"><em>Concerto symphonico <\/em><br \/>\n<em>Psalmkantate <\/em><\/span><\/p>\n<p class=\"liste_bold\"><strong>1976 -1981<\/strong><br \/>\n<span class=\"liste\">St\u00e4ndiger Vertreter der Dramatiker-Union im Verwaltungsrat der Neuen Zentralstelle der B\u00fchnenautoren und B\u00fchnenverleger<br \/>\nMitglied im Beirat der Gesellschaft der Freunde Wilhelm Furtw\u00e4nglers<\/span><\/p>\n<p class=\"liste_bold\"><strong>1977<\/strong><br \/>\n<span class=\"liste\">Goldene Nadel der Dramatiker-Union<br \/>\nErnst-Reuter-Plakette der Stadt Berlin<\/span><\/p>\n<p class=\"liste_bold\"><strong>1978<\/strong><span class=\"liste\"><br \/>\nGoldene Ehrennadel des Volksbundes Deutsche Kriegsgr\u00e4berf\u00fcrsorge e.V.<\/span><\/p>\n<p class=\"liste_bold\"><strong>1980<\/strong><br \/>\n<span class=\"liste\"><em>Kassandra <\/em><br \/>\n<em>Heitere Suite <\/em><br \/>\n<em>Elegie <\/em><br \/>\n<em>Introitus und Choral <\/em><\/span><\/p>\n<p class=\"liste_bold\"><strong>1981<\/strong><br \/>\n<span class=\"liste\">Am 12. April in Berlin gestorben<\/span><br \/>\n<span class=\"liste\">Das Familiengrab befindet sich auf dem Alten Luisenstadt-Friedhof, Berlin.<\/span><\/p>\n<p class=\"liste_klein\">Entnommen aus dem Buch HANS CHEMIN-PETIT 1902 &#8211; 1981 von Vera Gr\u00fctzner<\/p>\n","protected":false},"excerpt":{"rendered":"<p>1902 24. Juli geboren in Potsdam Vater: Kapellmeister Hans Chemin-Petit Mutter: S\u00e4ngerin Selma, geb. Feldt Erster Unterricht in Klavier und Violoncello bei\u00a0den Eltern Violoncello-Unterricht dann beim Kammervirtuosen Rudolf Kratina 1917 Tod des Vaters 1920 Humanistisches Abitur am Staatlichen Viktoria-Gymnasium zu Potsdam 1920-1927 Studium an der K\u00f6niglichen Akademischen\u00a0Hochschule f\u00fcr Musik Berlin Charlottenburg \/\u00a0ab 1922 Staatliche Akademische [&hellip;]<\/p>\n","protected":false},"author":2,"featured_media":0,"parent":0,"menu_order":0,"comment_status":"closed","ping_status":"closed","template":"templates\/page-ribbon.php","meta":{"ngg_post_thumbnail":0},"_links":{"self":[{"href":"https:\/\/cheminpetit.de\/wordpress\/wp-json\/wp\/v2\/pages\/7"}],"collection":[{"href":"https:\/\/cheminpetit.de\/wordpress\/wp-json\/wp\/v2\/pages"}],"about":[{"href":"https:\/\/cheminpetit.de\/wordpress\/wp-json\/wp\/v2\/types\/page"}],"author":[{"embeddable":true,"href":"https:\/\/cheminpetit.de\/wordpress\/wp-json\/wp\/v2\/users\/2"}],"replies":[{"embeddable":true,"href":"https:\/\/cheminpetit.de\/wordpress\/wp-json\/wp\/v2\/comments?post=7"}],"version-history":[{"count":0,"href":"https:\/\/cheminpetit.de\/wordpress\/wp-json\/wp\/v2\/pages\/7\/revisions"}],"wp:attachment":[{"href":"https:\/\/cheminpetit.de\/wordpress\/wp-json\/wp\/v2\/media?parent=7"}],"curies":[{"name":"wp","href":"https:\/\/api.w.org\/{rel}","templated":true}]}}