{"id":61,"date":"2016-08-21T12:00:25","date_gmt":"2016-08-21T10:00:25","guid":{"rendered":"http:\/\/www.cheminpetit.de\/wordpress\/?page_id=61"},"modified":"2016-08-21T12:00:25","modified_gmt":"2016-08-21T10:00:25","slug":"fussnoten","status":"publish","type":"page","link":"https:\/\/cheminpetit.de\/wordpress\/leben-und-wirken\/fussnoten\/","title":{"rendered":"Fu\u00dfnoten"},"content":{"rendered":"<p><!--\/raw--><br \/>\n(1) Nachruf von Werner Oehlmann in Der Tagesspiegel vom 14. April 1981<\/p>\n<p>(2) Kondolenzbrief von Ulrich Roloff, Pr\u00e4sident der Hochschule der K\u00fcnste<br \/>\nvom 29. April 1981<\/p>\n<p>(3) Werner Oehlmann in Der Tagesspiegel vom 24. Juli 1962<br \/>\n&#8222;Ein traditionsbewu\u00dfter Moderner. Zum 60. Geburtstag von Hans Chemin-Petit&#8220;<\/p>\n<p>(4) Hans Chemin-Petit. Betrachtung einer Lebensleistung<br \/>\nhrsg. von Marianne Buder und Dorette Gonschorek, S.11-15; Stapp Verlag 1977<\/p>\n<p>(5) Rezension in der M\u00e4rkischen Volksstimme Nr. 88, S.3 vom 2. August 1946<\/p>\n<p>(6) Dankschreiben vom Bischof der evangelischen Kirche von Berlin Brandenburg<br \/>\nOtto Dibelius vom 14. Juli 1951<\/p>\n<p>(7) Aus dem Gru\u00dfwort zum 70. Geburtstag von Hans Chemin-Petit beim Treffen der Ehemaligen (Studierenden) in der Akademie der K\u00fcnste Berlin, Hanseatenweg am 22. Oktober 1972<\/p>\n<p>(8) Interview Horst Dittberner, RIAS Berlin, mit Hans Chemin-Petit anl\u00e4\u00dflich seines 70. Geburtstages am 24. Juli 1972<\/p>\n<p>(9) Aus dem Nachruf von Werner D\u00fcttmann, Pr\u00e4sident der Akademie der K\u00fcnste Berlin, gehalten in der Trauerfeier am 27. April 1981<\/p>\n<p>(10) Peter Girth, Intendant des Berliner Philharmonischen Orchesters, April 1981<\/p>\n<p>(11) Aus der Laudatio von Dieter Sauberzweig, Senator f\u00fcr Kulturelle Angelegenheiten, gehalten aus Anla\u00df der Verleihung der Ernst-Reuter-Plakette am 26. Oktober 1977<\/p>\n<p><!--\/raw-->\t<\/p>\n","protected":false},"excerpt":{"rendered":"<p>(1) Nachruf von Werner Oehlmann in Der Tagesspiegel vom 14. April 1981 (2) Kondolenzbrief von Ulrich Roloff, Pr\u00e4sident der Hochschule der K\u00fcnste vom 29. April 1981 (3) Werner Oehlmann in Der Tagesspiegel vom 24. Juli 1962 &#8222;Ein traditionsbewu\u00dfter Moderner. Zum 60. Geburtstag von Hans Chemin-Petit&#8220; (4) Hans Chemin-Petit. Betrachtung einer Lebensleistung hrsg. von Marianne Buder [&hellip;]<\/p>\n","protected":false},"author":2,"featured_media":0,"parent":45,"menu_order":0,"comment_status":"closed","ping_status":"closed","template":"templates\/page-ribbon.php","meta":{"ngg_post_thumbnail":0},"_links":{"self":[{"href":"https:\/\/cheminpetit.de\/wordpress\/wp-json\/wp\/v2\/pages\/61"}],"collection":[{"href":"https:\/\/cheminpetit.de\/wordpress\/wp-json\/wp\/v2\/pages"}],"about":[{"href":"https:\/\/cheminpetit.de\/wordpress\/wp-json\/wp\/v2\/types\/page"}],"author":[{"embeddable":true,"href":"https:\/\/cheminpetit.de\/wordpress\/wp-json\/wp\/v2\/users\/2"}],"replies":[{"embeddable":true,"href":"https:\/\/cheminpetit.de\/wordpress\/wp-json\/wp\/v2\/comments?post=61"}],"version-history":[{"count":0,"href":"https:\/\/cheminpetit.de\/wordpress\/wp-json\/wp\/v2\/pages\/61\/revisions"}],"up":[{"embeddable":true,"href":"https:\/\/cheminpetit.de\/wordpress\/wp-json\/wp\/v2\/pages\/45"}],"wp:attachment":[{"href":"https:\/\/cheminpetit.de\/wordpress\/wp-json\/wp\/v2\/media?parent=61"}],"curies":[{"name":"wp","href":"https:\/\/api.w.org\/{rel}","templated":true}]}}