{"id":548,"date":"2016-08-23T13:42:43","date_gmt":"2016-08-23T11:42:43","guid":{"rendered":"http:\/\/www.cheminpetit.de\/wordpress\/?page_id=548"},"modified":"2017-01-03T14:46:19","modified_gmt":"2017-01-03T14:46:19","slug":"hochschule","status":"publish","type":"page","link":"https:\/\/cheminpetit.de\/wordpress\/fotogalerie\/hochschule\/","title":{"rendered":"Hochschule"},"content":{"rendered":"<p>&nbsp;<\/p>\n<!-- index.php -->\n<div\n\tclass=\"ngg-galleryoverview ngg-ajax-pagination-none\"\n\tid=\"ngg-gallery-d89fe0b02c16d95cf05f447aa0ccc6d7-1\">\n\n    \t\t<!-- Thumbnails -->\n\t\t\t\t<div id=\"ngg-image-0\" class=\"ngg-gallery-thumbnail-box\" >\n\t\t\t\t        <div class=\"ngg-gallery-thumbnail\">\n            <a href=\"https:\/\/cheminpetit.de\/wordpress\/wp-content\/gallery\/hochschule\/h_01-1.jpg\"\n               title=\"Staatliche Hochschule f\u00fcr Musikerziehung und Kirchenmusik Berlin vor der Zerst\u00f6rung im 2. Weltkrieg\"\n               data-src=\"https:\/\/cheminpetit.de\/wordpress\/wp-content\/gallery\/hochschule\/h_01-1.jpg\"\n               data-thumbnail=\"https:\/\/cheminpetit.de\/wordpress\/wp-content\/gallery\/hochschule\/thumbs\/thumbs_h_01-1.jpg\"\n               data-image-id=\"53\"\n               data-title=\"Hochschule f\u00fcr Musikerziehung\"\n               data-description=\"Staatliche Hochschule f\u00fcr Musikerziehung und Kirchenmusik Berlin vor der Zerst\u00f6rung im 2. Weltkrieg\"\n               data-image-slug=\"h_01\"\n               class=\"ngg-fancybox\" rel=\"d89fe0b02c16d95cf05f447aa0ccc6d7\">\n                <img\n                    title=\"Hochschule f\u00fcr Musikerziehung\"\n                    alt=\"Hochschule f\u00fcr Musikerziehung\"\n                    src=\"https:\/\/cheminpetit.de\/wordpress\/wp-content\/gallery\/hochschule\/thumbs\/thumbs_h_01-1.jpg\"\n                    width=\"210\"\n                    height=\"210\"\n                    style=\"max-width:100%;\"\n                \/>\n            <\/a>\n        <\/div>\n\t\t\t\t\t\t\t<\/div> \n\t\t\t\n        \n\t\t\t\t<div id=\"ngg-image-1\" class=\"ngg-gallery-thumbnail-box\" >\n\t\t\t\t        <div class=\"ngg-gallery-thumbnail\">\n            <a href=\"https:\/\/cheminpetit.de\/wordpress\/wp-content\/gallery\/hochschule\/h_02-1.jpg\"\n               title=\"Hans Chemin-Petit bei einer Probe zur Einstudierung der Johannes-Passion mit dem Hochschulchor im Eosandersaal im Schlo\u00df Charlottenburg, Februar 1943 - f\u00fcr die Studierenden ein unvergessenes Ereignis\"\n               data-src=\"https:\/\/cheminpetit.de\/wordpress\/wp-content\/gallery\/hochschule\/h_02-1.jpg\"\n               data-thumbnail=\"https:\/\/cheminpetit.de\/wordpress\/wp-content\/gallery\/hochschule\/thumbs\/thumbs_h_02-1.jpg\"\n               data-image-id=\"54\"\n               data-title=\"Eosandersaal im Schlo\u00df Charlottenburg, Februar 1943\"\n               data-description=\"Hans Chemin-Petit bei einer Probe zur Einstudierung der Johannes-Passion mit dem Hochschulchor im Eosandersaal im Schlo\u00df Charlottenburg, Februar 1943 - f\u00fcr die Studierenden ein unvergessenes Ereignis\"\n               data-image-slug=\"h_02\"\n               class=\"ngg-fancybox\" rel=\"d89fe0b02c16d95cf05f447aa0ccc6d7\">\n                <img\n                    title=\"Eosandersaal im Schlo\u00df Charlottenburg, Februar 1943\"\n                    alt=\"Eosandersaal im Schlo\u00df Charlottenburg, Februar 1943\"\n                    src=\"https:\/\/cheminpetit.de\/wordpress\/wp-content\/gallery\/hochschule\/thumbs\/thumbs_h_02-1.jpg\"\n                    width=\"210\"\n                    height=\"210\"\n                    style=\"max-width:100%;\"\n                \/>\n            <\/a>\n        <\/div>\n\t\t\t\t\t\t\t<\/div> \n\t\t\t\n        \n\t\t\t\t<div id=\"ngg-image-2\" class=\"ngg-gallery-thumbnail-box\" >\n\t\t\t\t        <div class=\"ngg-gallery-thumbnail\">\n            <a href=\"https:\/\/cheminpetit.de\/wordpress\/wp-content\/gallery\/hochschule\/h_03-1.jpg\"\n               title=\"Konzert mit dem Kammerchor der Staatlichen Hochschule f\u00fcr Musik, den Hans Chemin-Petit 1940 \u00fcbernahm, w\u00e4hrend einer Gastspielreise 1944\"\n               data-src=\"https:\/\/cheminpetit.de\/wordpress\/wp-content\/gallery\/hochschule\/h_03-1.jpg\"\n               data-thumbnail=\"https:\/\/cheminpetit.de\/wordpress\/wp-content\/gallery\/hochschule\/thumbs\/thumbs_h_03-1.jpg\"\n               data-image-id=\"55\"\n               data-title=\"Gastspielreise 1944\"\n               data-description=\"Konzert mit dem Kammerchor der Staatlichen Hochschule f\u00fcr Musik, den Hans Chemin-Petit 1940 \u00fcbernahm, w\u00e4hrend einer Gastspielreise 1944\"\n               data-image-slug=\"h_03\"\n               class=\"ngg-fancybox\" rel=\"d89fe0b02c16d95cf05f447aa0ccc6d7\">\n                <img\n                    title=\"Gastspielreise 1944\"\n                    alt=\"Gastspielreise 1944\"\n                    src=\"https:\/\/cheminpetit.de\/wordpress\/wp-content\/gallery\/hochschule\/thumbs\/thumbs_h_03-1.jpg\"\n                    width=\"210\"\n                    height=\"210\"\n                    style=\"max-width:100%;\"\n                \/>\n            <\/a>\n        <\/div>\n\t\t\t\t\t\t\t<\/div> \n\t\t\t\n        \n\t\t\t\t<div id=\"ngg-image-3\" class=\"ngg-gallery-thumbnail-box\" >\n\t\t\t\t        <div class=\"ngg-gallery-thumbnail\">\n            <a href=\"https:\/\/cheminpetit.de\/wordpress\/wp-content\/gallery\/hochschule\/h_04-1.jpg\"\n               title=\"Konzert mit dem Kammerchor der Staatlichen Hochschule f\u00fcr Musik, den Hans Chemin-Petit 1940 \u00fcbernahm, w\u00e4hrend einer Gastspielreise 1944\"\n               data-src=\"https:\/\/cheminpetit.de\/wordpress\/wp-content\/gallery\/hochschule\/h_04-1.jpg\"\n               data-thumbnail=\"https:\/\/cheminpetit.de\/wordpress\/wp-content\/gallery\/hochschule\/thumbs\/thumbs_h_04-1.jpg\"\n               data-image-id=\"56\"\n               data-title=\"Gastspielreise 1944\"\n               data-description=\"Konzert mit dem Kammerchor der Staatlichen Hochschule f\u00fcr Musik, den Hans Chemin-Petit 1940 \u00fcbernahm, w\u00e4hrend einer Gastspielreise 1944\"\n               data-image-slug=\"h_04\"\n               class=\"ngg-fancybox\" rel=\"d89fe0b02c16d95cf05f447aa0ccc6d7\">\n                <img\n                    title=\"Gastspielreise 1944\"\n                    alt=\"Gastspielreise 1944\"\n                    src=\"https:\/\/cheminpetit.de\/wordpress\/wp-content\/gallery\/hochschule\/thumbs\/thumbs_h_04-1.jpg\"\n                    width=\"210\"\n                    height=\"210\"\n                    style=\"max-width:100%;\"\n                \/>\n            <\/a>\n        <\/div>\n\t\t\t\t\t\t\t<\/div> \n\t\t\t\n        \n\t\t\t\t<div id=\"ngg-image-4\" class=\"ngg-gallery-thumbnail-box\" >\n\t\t\t\t        <div class=\"ngg-gallery-thumbnail\">\n            <a href=\"https:\/\/cheminpetit.de\/wordpress\/wp-content\/gallery\/hochschule\/h_05-1.jpg\"\n               title=\"Schreiben von Werner Egk, Direktor der Hochschule f\u00fcr Musik, Berlin\"\n               data-src=\"https:\/\/cheminpetit.de\/wordpress\/wp-content\/gallery\/hochschule\/h_05-1.jpg\"\n               data-thumbnail=\"https:\/\/cheminpetit.de\/wordpress\/wp-content\/gallery\/hochschule\/thumbs\/thumbs_h_05-1.jpg\"\n               data-image-id=\"57\"\n               data-title=\"Schreiben von Werner Egk\"\n               data-description=\"Schreiben von Werner Egk, Direktor der Hochschule f\u00fcr Musik, Berlin\"\n               data-image-slug=\"h_05\"\n               class=\"ngg-fancybox\" rel=\"d89fe0b02c16d95cf05f447aa0ccc6d7\">\n                <img\n                    title=\"Schreiben von Werner Egk\"\n                    alt=\"Schreiben von Werner Egk\"\n                    src=\"https:\/\/cheminpetit.de\/wordpress\/wp-content\/gallery\/hochschule\/thumbs\/thumbs_h_05-1.jpg\"\n                    width=\"210\"\n                    height=\"210\"\n                    style=\"max-width:100%;\"\n                \/>\n            <\/a>\n        <\/div>\n\t\t\t\t\t\t\t<\/div> \n\t\t\t\n        \n\t\t\t\t<div id=\"ngg-image-5\" class=\"ngg-gallery-thumbnail-box\" >\n\t\t\t\t        <div class=\"ngg-gallery-thumbnail\">\n            <a href=\"https:\/\/cheminpetit.de\/wordpress\/wp-content\/gallery\/hochschule\/h_06-1.jpg\"\n               title=\"Widmung zum Buchgeschenk anl\u00e4\u00dflich des Gastkonzertes des Chores der Hochschule f\u00fcr Musik in Hameln am 28. Mai 1963, ein besonderes Hochschulerlebnis f\u00fcr Hans Chemin-Petit\"\n               data-src=\"https:\/\/cheminpetit.de\/wordpress\/wp-content\/gallery\/hochschule\/h_06-1.jpg\"\n               data-thumbnail=\"https:\/\/cheminpetit.de\/wordpress\/wp-content\/gallery\/hochschule\/thumbs\/thumbs_h_06-1.jpg\"\n               data-image-id=\"58\"\n               data-title=\"Widmung zum Buchgeschenk\"\n               data-description=\"Widmung zum Buchgeschenk anl\u00e4\u00dflich des Gastkonzertes des Chores der Hochschule f\u00fcr Musik in Hameln am 28. Mai 1963, ein besonderes Hochschulerlebnis f\u00fcr Hans Chemin-Petit\"\n               data-image-slug=\"h_06\"\n               class=\"ngg-fancybox\" rel=\"d89fe0b02c16d95cf05f447aa0ccc6d7\">\n                <img\n                    title=\"Widmung zum Buchgeschenk\"\n                    alt=\"Widmung zum Buchgeschenk\"\n                    src=\"https:\/\/cheminpetit.de\/wordpress\/wp-content\/gallery\/hochschule\/thumbs\/thumbs_h_06-1.jpg\"\n                    width=\"210\"\n                    height=\"210\"\n                    style=\"max-width:100%;\"\n                \/>\n            <\/a>\n        <\/div>\n\t\t\t\t\t\t\t<\/div> \n\t\t\t\n        \n\t\t\t\t<div id=\"ngg-image-6\" class=\"ngg-gallery-thumbnail-box\" >\n\t\t\t\t        <div class=\"ngg-gallery-thumbnail\">\n            <a href=\"https:\/\/cheminpetit.de\/wordpress\/wp-content\/gallery\/hochschule\/h_07-1.jpg\"\n               title=\"Eine Verabschiedung, wie sie sonst nicht \u00fcblich war, von der Staatlichen Hochschule f\u00fcr Musik und Darstellende Kunst am 8. Juli 1969 f\u00fcr Hans Chemin-Petit\"\n               data-src=\"https:\/\/cheminpetit.de\/wordpress\/wp-content\/gallery\/hochschule\/h_07-1.jpg\"\n               data-thumbnail=\"https:\/\/cheminpetit.de\/wordpress\/wp-content\/gallery\/hochschule\/thumbs\/thumbs_h_07-1.jpg\"\n               data-image-id=\"59\"\n               data-title=\"Verabschiedung\"\n               data-description=\"Eine Verabschiedung, wie sie sonst nicht \u00fcblich war, von der Staatlichen Hochschule f\u00fcr Musik und Darstellende Kunst am 8. Juli 1969 f\u00fcr Hans Chemin-Petit\"\n               data-image-slug=\"h_07\"\n               class=\"ngg-fancybox\" rel=\"d89fe0b02c16d95cf05f447aa0ccc6d7\">\n                <img\n                    title=\"Verabschiedung\"\n                    alt=\"Verabschiedung\"\n                    src=\"https:\/\/cheminpetit.de\/wordpress\/wp-content\/gallery\/hochschule\/thumbs\/thumbs_h_07-1.jpg\"\n                    width=\"210\"\n                    height=\"210\"\n                    style=\"max-width:100%;\"\n                \/>\n            <\/a>\n        <\/div>\n\t\t\t\t\t\t\t<\/div> \n\t\t\t\n        \n\t\t\t\t<div id=\"ngg-image-7\" class=\"ngg-gallery-thumbnail-box\" >\n\t\t\t\t        <div class=\"ngg-gallery-thumbnail\">\n            <a href=\"https:\/\/cheminpetit.de\/wordpress\/wp-content\/gallery\/hochschule\/h_08-1.jpg\"\n               title=\"Abschiedsgeschenk des Lehrerkollegiums mit Widmung: Bronzeabgu\u00df des Tanzenden Fauns, Pompeji&lt;br&gt; Fotos: Hans-Joachim Witte, Wiesbaden\"\n               data-src=\"https:\/\/cheminpetit.de\/wordpress\/wp-content\/gallery\/hochschule\/h_08-1.jpg\"\n               data-thumbnail=\"https:\/\/cheminpetit.de\/wordpress\/wp-content\/gallery\/hochschule\/thumbs\/thumbs_h_08-1.jpg\"\n               data-image-id=\"60\"\n               data-title=\"Abschiedsgeschenk\"\n               data-description=\"Abschiedsgeschenk des Lehrerkollegiums mit Widmung: Bronzeabgu\u00df des Tanzenden Fauns, Pompeji&lt;br&gt; Fotos: Hans-Joachim Witte, Wiesbaden\"\n               data-image-slug=\"h_08\"\n               class=\"ngg-fancybox\" rel=\"d89fe0b02c16d95cf05f447aa0ccc6d7\">\n                <img\n                    title=\"Abschiedsgeschenk\"\n                    alt=\"Abschiedsgeschenk\"\n                    src=\"https:\/\/cheminpetit.de\/wordpress\/wp-content\/gallery\/hochschule\/thumbs\/thumbs_h_08-1.jpg\"\n                    width=\"210\"\n                    height=\"210\"\n                    style=\"max-width:100%;\"\n                \/>\n            <\/a>\n        <\/div>\n\t\t\t\t\t\t\t<\/div> \n\t\t\t\n        \n\t\t\t\t<div id=\"ngg-image-8\" class=\"ngg-gallery-thumbnail-box\" >\n\t\t\t\t        <div class=\"ngg-gallery-thumbnail\">\n            <a href=\"https:\/\/cheminpetit.de\/wordpress\/wp-content\/gallery\/hochschule\/h_09-1.jpg\"\n               title=\"Abschiedsgeschenk des Lehrerkollegiums mit Widmung: Bronzeabgu\u00df des Tanzenden Fauns, Pompeji&lt;br&gt; Fotos: Hans-Joachim Witte, Wiesbaden\"\n               data-src=\"https:\/\/cheminpetit.de\/wordpress\/wp-content\/gallery\/hochschule\/h_09-1.jpg\"\n               data-thumbnail=\"https:\/\/cheminpetit.de\/wordpress\/wp-content\/gallery\/hochschule\/thumbs\/thumbs_h_09-1.jpg\"\n               data-image-id=\"61\"\n               data-title=\"Abschiedsgeschenk\"\n               data-description=\"Abschiedsgeschenk des Lehrerkollegiums mit Widmung: Bronzeabgu\u00df des Tanzenden Fauns, Pompeji&lt;br&gt; Fotos: Hans-Joachim Witte, Wiesbaden\"\n               data-image-slug=\"h_09\"\n               class=\"ngg-fancybox\" rel=\"d89fe0b02c16d95cf05f447aa0ccc6d7\">\n                <img\n                    title=\"Abschiedsgeschenk\"\n                    alt=\"Abschiedsgeschenk\"\n                    src=\"https:\/\/cheminpetit.de\/wordpress\/wp-content\/gallery\/hochschule\/thumbs\/thumbs_h_09-1.jpg\"\n                    width=\"210\"\n                    height=\"210\"\n                    style=\"max-width:100%;\"\n                \/>\n            <\/a>\n        <\/div>\n\t\t\t\t\t\t\t<\/div> \n\t\t\t\n        \n\t\t\t\t<div id=\"ngg-image-9\" class=\"ngg-gallery-thumbnail-box\" >\n\t\t\t\t        <div class=\"ngg-gallery-thumbnail\">\n            <a href=\"https:\/\/cheminpetit.de\/wordpress\/wp-content\/gallery\/hochschule\/h_10-1.jpg\"\n               title=\"Hans Chemin-Petit dankt den &quot;Ehemaligen&quot; (Hochsch\u00fclern) f\u00fcr das Treffen am 22. Oktober 1972 in der Akademie der K\u00fcnste Berlin aus Anla\u00df seines 70. Geburtstages\"\n               data-src=\"https:\/\/cheminpetit.de\/wordpress\/wp-content\/gallery\/hochschule\/h_10-1.jpg\"\n               data-thumbnail=\"https:\/\/cheminpetit.de\/wordpress\/wp-content\/gallery\/hochschule\/thumbs\/thumbs_h_10-1.jpg\"\n               data-image-id=\"62\"\n               data-title=\"h_10\"\n               data-description=\"Hans Chemin-Petit dankt den &quot;Ehemaligen&quot; (Hochsch\u00fclern) f\u00fcr das Treffen am 22. Oktober 1972 in der Akademie der K\u00fcnste Berlin aus Anla\u00df seines 70. Geburtstages\"\n               data-image-slug=\"h_10\"\n               class=\"ngg-fancybox\" rel=\"d89fe0b02c16d95cf05f447aa0ccc6d7\">\n                <img\n                    title=\"h_10\"\n                    alt=\"h_10\"\n                    src=\"https:\/\/cheminpetit.de\/wordpress\/wp-content\/gallery\/hochschule\/thumbs\/thumbs_h_10-1.jpg\"\n                    width=\"210\"\n                    height=\"210\"\n                    style=\"max-width:100%;\"\n                \/>\n            <\/a>\n        <\/div>\n\t\t\t\t\t\t\t<\/div> \n\t\t\t\n        \n\t\t\n\t\t<!-- Pagination -->\n\t<div class='ngg-clear'><\/div>\t<\/div>\n\n","protected":false},"excerpt":{"rendered":"<p>&nbsp;<\/p>\n","protected":false},"author":2,"featured_media":0,"parent":63,"menu_order":0,"comment_status":"closed","ping_status":"closed","template":"templates\/page-ribbon.php","meta":{"ngg_post_thumbnail":0},"_links":{"self":[{"href":"https:\/\/cheminpetit.de\/wordpress\/wp-json\/wp\/v2\/pages\/548"}],"collection":[{"href":"https:\/\/cheminpetit.de\/wordpress\/wp-json\/wp\/v2\/pages"}],"about":[{"href":"https:\/\/cheminpetit.de\/wordpress\/wp-json\/wp\/v2\/types\/page"}],"author":[{"embeddable":true,"href":"https:\/\/cheminpetit.de\/wordpress\/wp-json\/wp\/v2\/users\/2"}],"replies":[{"embeddable":true,"href":"https:\/\/cheminpetit.de\/wordpress\/wp-json\/wp\/v2\/comments?post=548"}],"version-history":[{"count":1,"href":"https:\/\/cheminpetit.de\/wordpress\/wp-json\/wp\/v2\/pages\/548\/revisions"}],"predecessor-version":[{"id":1116,"href":"https:\/\/cheminpetit.de\/wordpress\/wp-json\/wp\/v2\/pages\/548\/revisions\/1116"}],"up":[{"embeddable":true,"href":"https:\/\/cheminpetit.de\/wordpress\/wp-json\/wp\/v2\/pages\/63"}],"wp:attachment":[{"href":"https:\/\/cheminpetit.de\/wordpress\/wp-json\/wp\/v2\/media?parent=548"}],"curies":[{"name":"wp","href":"https:\/\/api.w.org\/{rel}","templated":true}]}}