{"id":47,"date":"2016-08-21T11:57:29","date_gmt":"2016-08-21T09:57:29","guid":{"rendered":"http:\/\/www.cheminpetit.de\/wordpress\/?page_id=47"},"modified":"2016-08-21T11:57:29","modified_gmt":"2016-08-21T09:57:29","slug":"persoenlichkeit","status":"publish","type":"page","link":"https:\/\/cheminpetit.de\/wordpress\/leben-und-wirken\/persoenlichkeit\/","title":{"rendered":"Pers\u00f6nlichkeit"},"content":{"rendered":"<p><!--\/raw--><\/p>\n<figure id=\"attachment_366\" aria-describedby=\"caption-attachment-366\" style=\"width: 209px\" class=\"wp-caption alignright\"><img decoding=\"async\" loading=\"lazy\" class=\"wp-image-366 size-medium\" src=\"http:\/\/www.cheminpetit.de\/wordpress\/wp-content\/uploads\/p_05-209x300.jpg\" width=\"209\" height=\"300\" \/><figcaption id=\"caption-attachment-366\" class=\"wp-caption-text\">1977 Foto: Karin Gaa Berlin<\/figcaption><\/figure>\n<p>&#8220; [&#8230;] Wer Hans Chemin-Petit begegnete, tat \u2028gut daran, sich von vornherein darauf einzu\u2028stellen, da\u00df er einem Herrn von Welt, einem \u2028Kosmopoliten alter Schule begegnen w\u00fcrde, \u2028der es verstand, Noblesse und Sanftmut, \u2028Heiterkeit und strenge Urbanit\u00e4t miteinander \u2028zu vereinen. [&#8230;] Hans Chemin-Petit, der lang-\u2028j\u00e4hrige Direktor unserer Abteilung Musik, war \u2028ein Herr, der das Vers\u00f6hnlich-Pragmatische \u2028liebte und Ideologien mi\u00dftraute, und er war \u2028zu gleicher Zeit ein Zauberk\u00fcnstler sui generis, \u2028- eben ein K\u00fcnstler von Rang. [&#8230;] &#8220;<\/p>\n<p><em>Walter Jens: Zum Geleit, in: Hans Chemin-Petit, 1902-1981.\u2028Dokumente zu Leben und Werk, zusammengestellt und doku- \u2028mentiert von Vera Gr\u00fctzner, hrsg. von der Stiftung Archiv der Akademie der K\u00fcnste, Berlin 1994.<\/em><\/p>\n<p>Hans Chemin-Petit war kein Spezialist, kein auf eine einzige Disziplin beschr\u00e4nkter Virtuose. In ihm lebte die nat\u00fcrliche Einheit des aus\u00fcbenden und des schaffenden Musikers. Die Pers\u00f6nlichkeit ist gebildet und gefestigt durch einen reichen Besitz an erworbener Tradition sowie willig erlebten und mitvollzogenen Wandel der Zeit. Sie bezeugt sich auch, selbstsicher und gegen die Versuchungen einer zu Negation und Untergangspathos neigenden Epoche gefeit, in dem Grundklang einer lebens- und geistgl\u00e4ubigen Heiterkeit, welche der Mehrzahl der religi\u00f6sen und weltlichen Werke gemeinsam ist. Er hatte ein bekenntnishaftes Musikverst\u00e4ndnis und eine, den Menschen bewegende Musizierpraxis.<\/p>\n<p>Aus der Vielzahl charakterisierender Zeugnisse seien einige genannt. Man liest von gewinnender Menschlichkeit, absolut \u00fcberzeugender k\u00fcnstlerischer Autorit\u00e4t, Toleranz, bewundernswerter geistiger und menschlicher Ausstrahlung, immer wacher Pr\u00e4senz, Klugheit, von schneller F\u00e4higkeit, Stellung zu nehmen, entschieden zu sein und das von ihm Gesagte voll zu vertreten. Er war flexibel und charmant. In tiefem Ernst, aber auch f\u00fcr alle mit erquickender Heiterkeit, forderte er viel, aber er gab auch viel. Er war schwungvoll inspiriert und inspirierend, ein besessener K\u00fcnstler und liebenswerter Mensch, voller Ideenreichtum, mit diplomatischem Geschick begabt.<\/p>\n<p>In einem fr\u00fchen Brief von Siegmund von Hausegger (1940) ist zu lesen: &#8220; [&#8230;] Sie haben mir die gro\u00dfe Freude bereitet, mich \u00fcber Dinge, die mir seit Jahrzehnten am Herzen liegen, einem jungen K\u00fcnstler gegen\u00fcber aussprechen gekonnt zu haben, der wie Wenige Begabung mit h\u00f6chstem Streben verbindet. [&#8230;] &#8220;<\/p>\n<p>Aus einem Nachruf von Werner Oehlmann zitiert: &#8220; [&#8230;] In ihm verlieren wir nicht nur einen Meister inspirierter, stilsicherer Interpretationen, sondern eine Pers\u00f6nlichkeit von unverwechselbarer und unersetzlicher Eigenart, eine reiche, vielseitig ausstrahlende k\u00fcnstlerische Individualit\u00e4t. [&#8230;] &#8220; (1)<\/p>\n<p>&#8220; [&#8230;] Der Abschied von Hans Chemin-Petit ist ein Einschnitt im Musikleben der Stadt, denn mit ihm haben wir eine musikalische Institution verloren. [&#8230;] &#8220; (2)<\/p>\n<p><!--\/raw--><\/p>\n","protected":false},"excerpt":{"rendered":"<p>&#8220; [&#8230;] Wer Hans Chemin-Petit begegnete, tat \u2028gut daran, sich von vornherein darauf einzu\u2028stellen, da\u00df er einem Herrn von Welt, einem \u2028Kosmopoliten alter Schule begegnen w\u00fcrde, \u2028der es verstand, Noblesse und Sanftmut, \u2028Heiterkeit und strenge Urbanit\u00e4t miteinander \u2028zu vereinen. [&#8230;] Hans Chemin-Petit, der lang-\u2028j\u00e4hrige Direktor unserer Abteilung Musik, war \u2028ein Herr, der das Vers\u00f6hnlich-Pragmatische \u2028liebte [&hellip;]<\/p>\n","protected":false},"author":2,"featured_media":0,"parent":45,"menu_order":0,"comment_status":"closed","ping_status":"closed","template":"templates\/page-ribbon.php","meta":{"ngg_post_thumbnail":0},"_links":{"self":[{"href":"https:\/\/cheminpetit.de\/wordpress\/wp-json\/wp\/v2\/pages\/47"}],"collection":[{"href":"https:\/\/cheminpetit.de\/wordpress\/wp-json\/wp\/v2\/pages"}],"about":[{"href":"https:\/\/cheminpetit.de\/wordpress\/wp-json\/wp\/v2\/types\/page"}],"author":[{"embeddable":true,"href":"https:\/\/cheminpetit.de\/wordpress\/wp-json\/wp\/v2\/users\/2"}],"replies":[{"embeddable":true,"href":"https:\/\/cheminpetit.de\/wordpress\/wp-json\/wp\/v2\/comments?post=47"}],"version-history":[{"count":0,"href":"https:\/\/cheminpetit.de\/wordpress\/wp-json\/wp\/v2\/pages\/47\/revisions"}],"up":[{"embeddable":true,"href":"https:\/\/cheminpetit.de\/wordpress\/wp-json\/wp\/v2\/pages\/45"}],"wp:attachment":[{"href":"https:\/\/cheminpetit.de\/wordpress\/wp-json\/wp\/v2\/media?parent=47"}],"curies":[{"name":"wp","href":"https:\/\/api.w.org\/{rel}","templated":true}]}}