{"id":41,"date":"2016-08-21T11:56:07","date_gmt":"2016-08-21T09:56:07","guid":{"rendered":"http:\/\/www.cheminpetit.de\/wordpress\/?page_id=41"},"modified":"2024-04-01T18:23:49","modified_gmt":"2024-04-01T18:23:49","slug":"literaturverzeichnis","status":"publish","type":"page","link":"https:\/\/cheminpetit.de\/wordpress\/publikationen\/literaturverzeichnis\/","title":{"rendered":"Literaturverzeichnis"},"content":{"rendered":"<p><!--\/raw--><br \/>\n<strong>In Monographien: <\/strong><\/p>\n<p>Akademie der K\u00fcnste 1960-1970, Berlin 1970, erw\u00e4hnt S. 190 und Ausgabe 1970-1979, Bd. 1, erw\u00e4hnt S. 14, 15, 16, 122, 251; Bd. 3, S. 79, 92; Bd. 4, S. 42, 130 \u2028(Nachrufe von Hans Chemin-Petit auf Heinz Tiessen und Johann Nepomuk David)<\/p>\n<p>Akademie der K\u00fcnste: &#8222;Ich bin kein Romantiker&#8220; &#8211; Der Pianist Wilhelm Kempff 1895-1991, \u2028Hofheim 2008, erw\u00e4hnt S. 168, 171, 189, 214, 215<\/p>\n<p>Badrutt, Thomas: Paul Juon, Leben und Werk, 2. Auflage 2010, erw\u00e4hnt S. E 7, E 17 ff, \u2028(Hrsg. Institut f\u00fcr Kulturforschung Graub\u00fcnden \/ Internationale Juon Gesellschaft)<\/p>\n<p>BERGER, ERNA: Auf den Fl\u00fcgeln des Gesanges, Z\u00fcrich 1988, erw\u00e4hnt S. 139 \u2028(Atlantis Musikbuch-Verlag)<\/p>\n<p>BUDER, MARIANNE und GONSCHOREK, DORETTE: \u2028Hans Chemin-Petit, Betrachtung einer Lebensleistung, Berlin 1977 (Stapp Verlag)<\/p>\n<p>BUDER, MARIANNE und GONSCHOREK, DORETTE: &#8222;Tradition ohne Schlendrian&#8220;, \u2028100 Jahre Philharmonischer Chor Berlin 1882 bis 1982, Berlin 1982 (Stapp Verlag)<\/p>\n<p>FISCHER, BARBARA: Hans Chemin-Petit, Ein K\u00fcnstler im Spannungsfeld der Politik, K\u00f6ln 2017 (Verlag Christoph Dohr)<\/p>\n<p>GRABENHORST, GEORG: Wege und Umwege, Hildesheim 1979, erw\u00e4hnt Bd. 1, S. 80, 303 \u2028(Verlag August Lax)<\/p>\n<p>GR\u00dcTZNER, VERA: Potsdamer Musikgeschichte, Berlin 1992, \u2028erw\u00e4hnt S. 127, 133,135-138, 141-143, 145-149, Bild Nr. 36 (Arani Verlag)<\/p>\n<p>GR\u00dcTZNER, VERA: Hans Chemin-Petit 1902 -1981, Berlin 1994 (Henschel Verlag)<\/p>\n<p>HEINRICH, GUIDO und SCHANDERA, GUNTER : Magdeburger Biographisches Lexikon 19. und 20. Jahrhundert, Magdeburg 2002 (Scriptum Verlag)<\/p>\n<p>H\u00d6CKER, KARLA: Hauskonzerte in Berlin, Berlin 1970, erw\u00e4hnt S. 90, 93, 115, 116, 149 \u2028(Rembrandt Verlag)<\/p>\n<p>KAMEKE VON, ERNST-ULRICH: Lebensreise in Dur und Moll, Egelsbach bei \u2028Frankfurt\/M. 2001, erw\u00e4hnt S. 159 ,161, 162, 177, 196, 197, 290 (Fouqu\u00e9 Literaturverlag)<\/p>\n<p>KRUSCHE, FRIEDEMANN: Musik im Magdeburger Dom, Magdeburg ohne Jahresangabe, \u2028erw\u00e4hnt S. 11 (Hrsg. F\u00f6rderkreis des Magdeburger Domchores)<\/p>\n<p>MOSER, HANS JOACHIM: Kleine deutsche Musikgeschichte, Wiesbaden ohne Jahresangabe, erw\u00e4hnt S. 320, 335 (Verlag VMA)<\/p>\n<p>MUCK, PETER: Einhundert Jahre Berliner Philharmonisches Orchester, Tutzing 1982 \u2028(Verlag Hans Schneider)<\/p>\n<p>OEHLMANN, WERNER: Hans Chemin-Petit &#8211; Dirigent, Lehrer, Komponist, Kassel 1971 \u2028(Verlag Merseburger)<\/p>\n<p>REIPSCH, RALPH-J\u00dcRGEN: Chemin-Petit, Internet-Seite der Forschungsgruppe &#8222;Magdeburger Biographisches Lexikon&#8220; der Otto-von-Guericke-Universit\u00e4t Magdeburg, Sachgebiet Musik<\/p>\n<p>SCHNOOR, HANS: Geschichte der Musik, G\u00fctersloh 1954, erw\u00e4hnt S. 644 (C. Bertelsmann Verlag)<\/p>\n<p>SOEHNGEN, OSKAR: Laudatio aus Anla\u00df der Ernennung von Hans Chemin-Petit zum Ehrenmitglied des Philharmonischen Chores Berlin am 2. Juli 1967, Kassel 1967 (Verlag Merseburger)<\/p>\n<p>STAHLBERG, ALEXANDER: Die verdammte Pflicht, Berlin-Frankfurt\/Main 1987, erw\u00e4hnt S. 106 (Ullstein Verlag)<\/p>\n<p>STRAUBE, KARL: Briefe eines Thomaskantors, Berlin 1959, erw\u00e4hnt S. 149 \u2028(Evangelische Verlagsanstalt GmbH)<\/p>\n<p>THIMME, ROLAND: Schwarzmondnacht, Berlin 2009, S. 293ff (Verlag Hentrich &amp; Hentrich)<\/p>\n<p>TRABER, HABAKUK: 125 Jahre Philharmonischer Chor Berlin. Aufbruch als Devise, Berlin 2010, erw\u00e4hnt S. 319 mit sehr vielen Seiteneintr\u00e4gen (Verlag f\u00fcr Berlin-Brandenburg GmbH)<\/p>\n<p>VOLKMANN, HEINZ: Zum Leben &#8211; Jedermann braucht Trauer, Berlin 1984, erw\u00e4hnt S. 216\/217 &#8222;Geist und Liebe&#8220;, Ansprache bei der Trauerfeier von Hans Chemin-Petit am 27.4.1981 (CZV-Verlag)<\/p>\n<p>WIRTH, G\u00dcNTER: Der andere Geist von Potsdam, Frankfurt am Main 2000, erw\u00e4hnt S. 54, 56, 57, 92, 123, 177, 188 (Suhrkamp Verlag)<\/p>\n<p>WITTE, ANDREA und CHEMIN-PETIT, HELENE: Hans Chemin-Petit. Werkverzeichnis, Berlin 1987 (Stapp Verlag)<\/p>\n<p>Es fehlen Lexikon-Eintr\u00e4ge und Fachb\u00fccher-Beitr\u00e4ge.<\/p>\n<p><strong>Eine Auswahl der in Zeitschriften und Zeitungen erschienenen Beitr\u00e4ge: <\/strong><\/p>\n<p>BEAUJEAN, ALFRED: Im Rampenlicht der Kritik, Aachen &#8211; Premiere einer tonalen Oper: ein seltenes Ereignis. In: Opernwelt, 1962, Nr. 6<\/p>\n<p>BEAUJEAN, ALFRED: &#8218;K\u00f6nig Nicolo&#8216; von Hans Chemin-Petit in Aachen uraufgef\u00fchrt. \u2028In: Das Orchester, Mainz 1962, 10. Jg., Nr. 7\/8, S. 246\/247<\/p>\n<p>Berliner Aktivit\u00e4ten im Vorfeld der Olympischen Spiele. \u2028In: Berliner Leben, Berlin 1972, 8. Jg., Nr. 1, S. 19\/20<\/p>\n<p>B\u00d6LKE, KURD: Wedekind wieder als Oper, Hans Chemin-Petit komponierte &#8218;K\u00f6nig Nicolo&#8216;. \u2028In: Der Kurier, Berlin 10.5.1962<\/p>\n<p>BORN, FRANZ: Heute geh&#8217;n wir ins Konzert, die gro\u00dfe Zeit der zwanziger Jahre. \u2028In: Der Tagesspiegel, Berlin 25.11.1962, Nr. 5234, S.29<\/p>\n<p>B\u00dcSTRIN, KLAUS: Wie ehrt Potsdam Chemin-Petit? Zum 100. Geburtstag des Komponisten. \u2028In: Potsdamer Neueste Nachrichten, Kultur 24.7.2002, S. 24<\/p>\n<p>BURDE, WOLFGANG: Zum Tode von Hans Chemin-Petit. \u2028In: Hochschule der K\u00fcnste Berlin &#8211; Information, Berlin 1981, 7. Jg., Nr. 3, S. 4<\/p>\n<p>Hans Chemin-Petit &#8218;K\u00f6nig Nicolo&#8216; &#8211; Aachen und Artikel \u00fcber Chorwerke. \u2028In: Bote &amp; Bock &#8222;Aus unserem Tagebuch&#8220;, Berlin 21.4.1962, Nr. 21<\/p>\n<p>Hans Chemin-Petit. In: GEMA-News, Berlin 1968, No. 8, S. 27<\/p>\n<p>Hans Chemin-Petit. In: musik, Berlin 1972, Nr. 2, S. 19\/20 und \u2028Zum Jubil\u00e4um des Philharmonischen Chores Berlin, S. 25-27<\/p>\n<p>Hans Chemin-Petit. Nachruf. In: d-u Mitteilungen, Berlin 1981, 7. Jg., Nr. 3-4, S. 5<\/p>\n<p>EIMERT, HERBERT: Zuletzt die gro\u00dfe Messe, Finale beim Bonner Beethovenfest mit dem Philharmonischen Chor Berlin. In: K\u00f6lnische Rundschau, Feuilleton, K\u00f6ln 11.10.1965<\/p>\n<p>ELVERS, RUDOLF: Die Psalmvertonungen von Hans Chemin-Petit. \u2028In: Bote &amp; Bock &#8222;Aus unserem Tagebuch&#8220;, Berlin 12.9.1957, S. 15\/16<\/p>\n<p>FISCHER, BARBARA: Hans Chemin Petit, Erinnerung an einen universalen K\u00fcnstler. In: Chor und Konzert, Jahresausgabe 2022, S. 8-10<\/p>\n<p>GR\u00dcTZNER, VERA: Die Grenze ging durch ihn hindurch. \u2028Zum 10. Todestag des Potsdamer Komponisten Hans Chemin-Petit am 12. April. \u2028In: Potsdamer Neueste Nachrichten, Feuilleton, Potsdam 12.4.1991, S. 5<\/p>\n<p>GR\u00dcTZNER, VERA: Hans Chemin-Petit, Profil seines k\u00fcnstlerischen Wirkens, \u2028HdK mag 2\/94, Berlin, S. 168f<\/p>\n<p>HENKING, BERNHARD: Coburg &#8211; Eine neue Oper von Hans Chemin-Petit. \u2028In: Schweizerische Musikzeitung, Z\u00fcrich September\/Oktober 1970, Nr. 5<\/p>\n<p>&#8218;K\u00f6nig Nicolo&#8216;, Oper von Hans Chemin-Petit. \u2028In: Schweizerische Musikzeitung, Z\u00fcrich Juli\/August 1962, 102. Jg., Nr. 4<\/p>\n<p>Komponist im Park. In: Potsdamer Tageszeitung, Potsdam 30.6.1936, Nr. 25<\/p>\n<p>Komponistenportrait Hans Chemin-Petit. In: Kirchenmusik III., 1970, S. 76<\/p>\n<p>KROLZIG, G\u00dcNTER: Johann Sebastian Bach im D-Zug. In: Potsdamer Kirche, Potsdam Juli 1950<\/p>\n<p>MOSER, HANS JOACHIM: Potsdamer Komponist: Hans Chemin-Petit. Ca. 1942<\/p>\n<p>NICOLAS, ILSE: Prominente von einst &#8211; so leben sie heute. \u2028In: Welt am Sonntag, Berlin 1.2.1976, Nr. 5, S. 45<\/p>\n<p>OEHLMANN, WERNER: Wedekind auf der Opernb\u00fchne, &#8218;K\u00f6nig Nicolo&#8216; von<br \/>\nHans Chemin-Petit in Aachen uraufgef\u00fchrt. In: Der Tagesspiegel, Berlin 9.5.1962<\/p>\n<p>OEHLMANN, WERNER: Hans Chemin-Petit als Opernkomponist. \u2028In: d-u Mitteilungen, Berlin 1977, 3. Jg., Nr. 3, S. 17\/18 und Hans Chemin-Petit, S. 12-16<\/p>\n<p>OHRMANN, F.: Hans Chemin-Petit, Wilhelm Kempff, Konzertbericht. \u2028In: Signale f\u00fcr die musikalische Welt, Berlin Februar 1934, 92. Jg., Nr. 7, S. 103<\/p>\n<p>Philharmonischer Chor Berlin. In: Berlin, Berlin 1965, 2. Jg., Nr. 3<\/p>\n<p>Philharmonischer Chor Berlin. In: musik, Berlin 1975, Nr. 3, S. 19<\/p>\n<p>SCH\u00dcTZE, ERICH: Die Werkanalyse &#8211; Zwei Kammerkantaten von Hans Chemin-Petit (&#8218;Von der Eitelkeit der Welt&#8216; und &#8218;An die Liebe&#8216;). In: Die Musik, Februar 1938, 30. Jg., Nr. 5, S. 318-320<\/p>\n<p>SNOCK, PAUL: Chemin-Petit: Symphonic Cantata, Psalm 98. In: Fanfare, Zeitschrift der Schallplattenindustrie in den USA, Tenafly N. J. Januar\/Februar 1979<\/p>\n<p>SREBALL, G.: St\u00e4tte seelischer Sammlung und Vertiefung. In: Sonntagsblatt, Berlin 1967<\/p>\n<p>ST\u00d6CKL, RUDOLF: &#8218; Die Kom\u00f6diantin&#8216; von Hans Chemin-Petit in Coburg. \u2028In: Das Orchester, Mainz 1970, 18. Jg., Nr. 9<\/p>\n<p>Weitere Jubil\u00e4en &#8211; Hans Chemin-Petit. \u2028In: Bote &amp; Bock &#8222;Aus unserem Tagebuch&#8220;, Berlin 22.4.1963, Nr. 22<\/p>\n<p>WELTER, FRIEDRICH: Musiker unserer Tage, Hans Chemin-Petit. \u2028In: Allgemeine Musikzeitung, Berlin-Leipzig-K\u00f6ln-M\u00fcnchen 1939, 66. Jg., Nr. 40, S. 564\/565<\/p>\n<p><strong>Beitr\u00e4ge in Konzertprogrammen des Philharmonischen Chores Berlin: <\/strong><\/p>\n<p>Festkonzert<br \/>\nzum 70j\u00e4hrigen Bestehen des Chores am 14.12.1952<br \/>\nzum 75j\u00e4hrigen Bestehen am 8.12.1957 \u2028zum 90j\u00e4hrigen Bestehen am 30.1.1972<br \/>\nzum 30j\u00e4hrigen Bestehen seit der Neugr\u00fcndung am 21.11.1976<br \/>\naus Anla\u00df des 75. Geburtstages von Hans Chemin-Petit am 16.10.1977<\/p>\n<p>Programmheft mit Nachruf auf Hans Chemin-Petit von Oskar Soehngen vom 24.5.1981<\/p>\n<p>Gedenkkonzert aus Anla\u00df des 80. Geburtstages von Hans Chemin-Petit (Urauff\u00fchrung von &#8218;Kassandra&#8216;) am 22.5.1982<\/p>\n<p>Jubil\u00e4umskonzert: 100 Jahre Philharmonischer Chor Berlin am 11.12.1982<\/p>\n<p><strong>Verschiedenes: <\/strong><\/p>\n<p>Werkverzeichnis Musikverlag R. Lienau, Berlin ca. 1939<br \/>\nWerkverzeichnis 1948<br \/>\nWerkverzeichnis Musikverlag R. Lienau, Berlin 1962<\/p>\n<p>Einf\u00fchrung zum Orchesterprolog von G\u00fcnther Wilke, Musikverlag R. Lienau, Berlin<\/p>\n<p>Presse\u00fcbersicht zum Orchesterprolog, Musikverlag R. Lienau, Berlin 1939 und 1941<\/p>\n<p>Einf\u00fchrung zu &#8218;Festliche Musik&#8216; von G\u00fcnther Wilke, Musikverlag R. Lienau, Berlin<\/p>\n<p>Philharmonischer Chor Berlin: Pressestimmen, Konzertdirektion Hans Adler, \u2028Berlin 1948<\/p>\n<p>Zur Urauff\u00fchrung der II. Symphonie von Hans Chemin-Petit von Hermann Peter Gericke. \u2028In: Konzertprogramm vom 9.7.1950 in der Bildergalerie Potsdam Sanssouci<\/p>\n<p>Pressestimmen zur Urauff\u00fchrung 1970 der heiteren Oper &#8218;Die Kom\u00f6diantin&#8216; von Hans Chemin-Petit, Erdo Verlag, Berlin 1970<\/p>\n<p>Philharmonischer Chor Berlin: Pressestimmen, Berlin 1978<\/p>\n<p>In memoriam Hans Chemin-Petit. In: Bote &amp; Bock &#8222;Daten &#8211; Fakten &#8211; Pl\u00e4ne&#8220;, \u2028Berlin 1981, Nr. 3<\/p>\n<p><!--\/raw--><\/p>\n","protected":false},"excerpt":{"rendered":"<p>In Monographien: Akademie der K\u00fcnste 1960-1970, Berlin 1970, erw\u00e4hnt S. 190 und Ausgabe 1970-1979, Bd. 1, erw\u00e4hnt S. 14, 15, 16, 122, 251; Bd. 3, S. 79, 92; Bd. 4, S. 42, 130 \u2028(Nachrufe von Hans Chemin-Petit auf Heinz Tiessen und Johann Nepomuk David) Akademie der K\u00fcnste: &#8222;Ich bin kein Romantiker&#8220; &#8211; Der Pianist Wilhelm [&hellip;]<\/p>\n","protected":false},"author":2,"featured_media":0,"parent":39,"menu_order":0,"comment_status":"closed","ping_status":"closed","template":"templates\/page-ribbon.php","meta":{"ngg_post_thumbnail":0},"_links":{"self":[{"href":"https:\/\/cheminpetit.de\/wordpress\/wp-json\/wp\/v2\/pages\/41"}],"collection":[{"href":"https:\/\/cheminpetit.de\/wordpress\/wp-json\/wp\/v2\/pages"}],"about":[{"href":"https:\/\/cheminpetit.de\/wordpress\/wp-json\/wp\/v2\/types\/page"}],"author":[{"embeddable":true,"href":"https:\/\/cheminpetit.de\/wordpress\/wp-json\/wp\/v2\/users\/2"}],"replies":[{"embeddable":true,"href":"https:\/\/cheminpetit.de\/wordpress\/wp-json\/wp\/v2\/comments?post=41"}],"version-history":[{"count":2,"href":"https:\/\/cheminpetit.de\/wordpress\/wp-json\/wp\/v2\/pages\/41\/revisions"}],"predecessor-version":[{"id":1432,"href":"https:\/\/cheminpetit.de\/wordpress\/wp-json\/wp\/v2\/pages\/41\/revisions\/1432"}],"up":[{"embeddable":true,"href":"https:\/\/cheminpetit.de\/wordpress\/wp-json\/wp\/v2\/pages\/39"}],"wp:attachment":[{"href":"https:\/\/cheminpetit.de\/wordpress\/wp-json\/wp\/v2\/media?parent=41"}],"curies":[{"name":"wp","href":"https:\/\/api.w.org\/{rel}","templated":true}]}}