{"id":37,"date":"2016-08-21T11:55:14","date_gmt":"2016-08-21T09:55:14","guid":{"rendered":"http:\/\/www.cheminpetit.de\/wordpress\/?page_id=37"},"modified":"2016-08-21T11:55:14","modified_gmt":"2016-08-21T09:55:14","slug":"audio","status":"publish","type":"page","link":"https:\/\/cheminpetit.de\/wordpress\/audio\/","title":{"rendered":"H\u00f6rbeispiele"},"content":{"rendered":"<p>Zusammengestellt von Gerd Witte aus dem privaten Tonband-Archiv der Familie Chemin-Petit \/ Witte.<\/p>\n<p>Die detailierten Beschreibungen der H\u00f6rbeispiele sind im Werkverzeichnis unter der jeweiligen Kategorie zu finden.<\/p>\n<p><strong>B\u00fchnenwerke<\/strong><\/p>\n<p>1927 &#8222;Der gefangene Vogel&#8220; (05:06) <!--[if lt IE 9]><script>document.createElement('audio');<\/script><![endif]-->\n<audio class=\"wp-audio-shortcode\" id=\"audio-37-1\" preload=\"none\" style=\"width: 100%;\" controls=\"controls\"><source type=\"audio\/mpeg\" src=\"http:\/\/cheminpetit.de\/wordpress\/wp-content\/uploads\/2016\/08\/01.mp3?_=1\" \/><a href=\"http:\/\/cheminpetit.de\/wordpress\/wp-content\/uploads\/2016\/08\/01.mp3\">http:\/\/cheminpetit.de\/wordpress\/wp-content\/uploads\/2016\/08\/01.mp3<\/a><\/audio><\/p>\n<p>1965 &#8222;Die Kom\u00f6diantin&#8220; (03:37)<audio class=\"wp-audio-shortcode\" id=\"audio-37-2\" preload=\"none\" style=\"width: 100%;\" controls=\"controls\"><source type=\"audio\/mpeg\" src=\"http:\/\/cheminpetit.de\/wordpress\/wp-content\/uploads\/2016\/08\/02.mp3?_=2\" \/><a href=\"http:\/\/cheminpetit.de\/wordpress\/wp-content\/uploads\/2016\/08\/02.mp3\">http:\/\/cheminpetit.de\/wordpress\/wp-content\/uploads\/2016\/08\/02.mp3<\/a><\/audio><\/p>\n<p>1980 &#8222;Kassandra&#8220; (04:22)<audio class=\"wp-audio-shortcode\" id=\"audio-37-3\" preload=\"none\" style=\"width: 100%;\" controls=\"controls\"><source type=\"audio\/mpeg\" src=\"http:\/\/cheminpetit.de\/wordpress\/wp-content\/uploads\/2016\/08\/03.mp3?_=3\" \/><a href=\"http:\/\/cheminpetit.de\/wordpress\/wp-content\/uploads\/2016\/08\/03.mp3\">http:\/\/cheminpetit.de\/wordpress\/wp-content\/uploads\/2016\/08\/03.mp3<\/a><\/audio><\/p>\n<p>&nbsp;<\/p>\n<p><strong>Orchesterwerke<\/strong><\/p>\n<p>1924 &#8222;Intermezzo Scherzo f\u00fcr gro\u00dfes Orchester&#8220; (UA) (04:44)<audio class=\"wp-audio-shortcode\" id=\"audio-37-4\" preload=\"none\" style=\"width: 100%;\" controls=\"controls\"><source type=\"audio\/mpeg\" src=\"http:\/\/cheminpetit.de\/wordpress\/wp-content\/uploads\/2016\/08\/18.mp3?_=4\" \/><a href=\"http:\/\/cheminpetit.de\/wordpress\/wp-content\/uploads\/2016\/08\/18.mp3\">http:\/\/cheminpetit.de\/wordpress\/wp-content\/uploads\/2016\/08\/18.mp3<\/a><\/audio><\/p>\n<p>1939 &#8222;Orchesterprolog&#8220; (06:02)<audio class=\"wp-audio-shortcode\" id=\"audio-37-5\" preload=\"none\" style=\"width: 100%;\" controls=\"controls\"><source type=\"audio\/mpeg\" src=\"http:\/\/cheminpetit.de\/wordpress\/wp-content\/uploads\/2016\/08\/04.mp3?_=5\" \/><a href=\"http:\/\/cheminpetit.de\/wordpress\/wp-content\/uploads\/2016\/08\/04.mp3\">http:\/\/cheminpetit.de\/wordpress\/wp-content\/uploads\/2016\/08\/04.mp3<\/a><\/audio><\/p>\n<p>1944 &#8222;Orchesterkonzert D-Dur&#8220; Symphonische Musik f\u00fcr gro\u00dfes Orchester (04:50)<audio class=\"wp-audio-shortcode\" id=\"audio-37-6\" preload=\"none\" style=\"width: 100%;\" controls=\"controls\"><source type=\"audio\/mpeg\" src=\"http:\/\/cheminpetit.de\/wordpress\/wp-content\/uploads\/2016\/08\/05.mp3?_=6\" \/><a href=\"http:\/\/cheminpetit.de\/wordpress\/wp-content\/uploads\/2016\/08\/05.mp3\">http:\/\/cheminpetit.de\/wordpress\/wp-content\/uploads\/2016\/08\/05.mp3<\/a><\/audio><\/p>\n<p>1963 &#8222;Konzert f\u00fcr Orgel, Streichorchester und Pauken&#8220; (05:20)<audio class=\"wp-audio-shortcode\" id=\"audio-37-7\" preload=\"none\" style=\"width: 100%;\" controls=\"controls\"><source type=\"audio\/mpeg\" src=\"http:\/\/cheminpetit.de\/wordpress\/wp-content\/uploads\/2016\/08\/06.mp3?_=7\" \/><a href=\"http:\/\/cheminpetit.de\/wordpress\/wp-content\/uploads\/2016\/08\/06.mp3\">http:\/\/cheminpetit.de\/wordpress\/wp-content\/uploads\/2016\/08\/06.mp3<\/a><\/audio><\/p>\n<p>1971 &#8222;Konzert f\u00fcr Violine und Orchester&#8220; (05:40)<audio class=\"wp-audio-shortcode\" id=\"audio-37-8\" preload=\"none\" style=\"width: 100%;\" controls=\"controls\"><source type=\"audio\/mpeg\" src=\"http:\/\/cheminpetit.de\/wordpress\/wp-content\/uploads\/2016\/08\/07.mp3?_=8\" \/><a href=\"http:\/\/cheminpetit.de\/wordpress\/wp-content\/uploads\/2016\/08\/07.mp3\">http:\/\/cheminpetit.de\/wordpress\/wp-content\/uploads\/2016\/08\/07.mp3<\/a><\/audio><\/p>\n<p>1973 &#8222;Konzert f\u00fcr Blockfl\u00f6te und Cembalo mit Streichorchester und Schlagzeug&#8220; (04:00)<audio class=\"wp-audio-shortcode\" id=\"audio-37-9\" preload=\"none\" style=\"width: 100%;\" controls=\"controls\"><source type=\"audio\/mpeg\" src=\"http:\/\/cheminpetit.de\/wordpress\/wp-content\/uploads\/2016\/08\/08.mp3?_=9\" \/><a href=\"http:\/\/cheminpetit.de\/wordpress\/wp-content\/uploads\/2016\/08\/08.mp3\">http:\/\/cheminpetit.de\/wordpress\/wp-content\/uploads\/2016\/08\/08.mp3<\/a><\/audio><\/p>\n<p>&nbsp;<\/p>\n<p><strong>Chorwerke mit Begleitung <\/strong><\/p>\n<p>1962 &#8222;Der 98. Psalm&#8220; f\u00fcr 5stimmigen gemischten Chor und Orchester (05:09)<audio class=\"wp-audio-shortcode\" id=\"audio-37-10\" preload=\"none\" style=\"width: 100%;\" controls=\"controls\"><source type=\"audio\/mpeg\" src=\"http:\/\/cheminpetit.de\/wordpress\/wp-content\/uploads\/2016\/08\/09.mp3?_=10\" \/><a href=\"http:\/\/cheminpetit.de\/wordpress\/wp-content\/uploads\/2016\/08\/09.mp3\">http:\/\/cheminpetit.de\/wordpress\/wp-content\/uploads\/2016\/08\/09.mp3<\/a><\/audio><\/p>\n<p>1966 &#8222;Symphonische Kantate&#8220; nach Worten aus Prediger Salomonis f\u00fcr Alt, 5stimmigen gemischten Chor und Orchester (06:09)<audio class=\"wp-audio-shortcode\" id=\"audio-37-11\" preload=\"none\" style=\"width: 100%;\" controls=\"controls\"><source type=\"audio\/mpeg\" src=\"http:\/\/cheminpetit.de\/wordpress\/wp-content\/uploads\/2016\/08\/10.mp3?_=11\" \/><a href=\"http:\/\/cheminpetit.de\/wordpress\/wp-content\/uploads\/2016\/08\/10.mp3\">http:\/\/cheminpetit.de\/wordpress\/wp-content\/uploads\/2016\/08\/10.mp3<\/a><\/audio><\/p>\n<p>Chorwerke a Capella<\/p>\n<p>1946 &#8222;Aus drei Motetten A. Silesius: Mensch, was du liebst&#8220; (03:21)<audio class=\"wp-audio-shortcode\" id=\"audio-37-12\" preload=\"none\" style=\"width: 100%;\" controls=\"controls\"><source type=\"audio\/mpeg\" src=\"http:\/\/cheminpetit.de\/wordpress\/wp-content\/uploads\/2016\/08\/11.mp3?_=12\" \/><a href=\"http:\/\/cheminpetit.de\/wordpress\/wp-content\/uploads\/2016\/08\/11.mp3\">http:\/\/cheminpetit.de\/wordpress\/wp-content\/uploads\/2016\/08\/11.mp3<\/a><\/audio><\/p>\n<p>1964 &#8222;Aus drei Gedichte J. Ringelnatz: Die zwei Ameisen &#8211; Der Briefmark&#8220; f\u00fcr 4stimmigen gemischten Chor (03:47)<audio class=\"wp-audio-shortcode\" id=\"audio-37-13\" preload=\"none\" style=\"width: 100%;\" controls=\"controls\"><source type=\"audio\/mpeg\" src=\"http:\/\/cheminpetit.de\/wordpress\/wp-content\/uploads\/2016\/08\/12.mp3?_=13\" \/><a href=\"http:\/\/cheminpetit.de\/wordpress\/wp-content\/uploads\/2016\/08\/12.mp3\">http:\/\/cheminpetit.de\/wordpress\/wp-content\/uploads\/2016\/08\/12.mp3<\/a><\/audio><\/p>\n<p>&nbsp;<\/p>\n<p><strong>Lieder mit KLavierbegleitung <\/strong><\/p>\n<p>1928 &#8222;Aus &#8218;Drei Lieder aus Liebesgedichte&#8216; von Ricarda Huch&#8220; (02:06)<audio class=\"wp-audio-shortcode\" id=\"audio-37-14\" preload=\"none\" style=\"width: 100%;\" controls=\"controls\"><source type=\"audio\/mpeg\" src=\"http:\/\/cheminpetit.de\/wordpress\/wp-content\/uploads\/2016\/08\/13.mp3?_=14\" \/><a href=\"http:\/\/cheminpetit.de\/wordpress\/wp-content\/uploads\/2016\/08\/13.mp3\">http:\/\/cheminpetit.de\/wordpress\/wp-content\/uploads\/2016\/08\/13.mp3<\/a><\/audio><\/p>\n<p>1945 &#8222;Kleines Triptychon&#8220; (04:38)<audio class=\"wp-audio-shortcode\" id=\"audio-37-15\" preload=\"none\" style=\"width: 100%;\" controls=\"controls\"><source type=\"audio\/mpeg\" src=\"http:\/\/cheminpetit.de\/wordpress\/wp-content\/uploads\/2016\/08\/14.mp3?_=15\" \/><a href=\"http:\/\/cheminpetit.de\/wordpress\/wp-content\/uploads\/2016\/08\/14.mp3\">http:\/\/cheminpetit.de\/wordpress\/wp-content\/uploads\/2016\/08\/14.mp3<\/a><\/audio><\/p>\n<p>&nbsp;<\/p>\n<p><strong>Kammermusik<\/strong><\/p>\n<p>1948 &#8222;Aus &#8218;Quintett (Finale)&#8216; (05:25)<audio class=\"wp-audio-shortcode\" id=\"audio-37-16\" preload=\"none\" style=\"width: 100%;\" controls=\"controls\"><source type=\"audio\/mpeg\" src=\"http:\/\/cheminpetit.de\/wordpress\/wp-content\/uploads\/2016\/08\/15.mp3?_=16\" \/><a href=\"http:\/\/cheminpetit.de\/wordpress\/wp-content\/uploads\/2016\/08\/15.mp3\">http:\/\/cheminpetit.de\/wordpress\/wp-content\/uploads\/2016\/08\/15.mp3<\/a><\/audio><\/p>\n<p>&nbsp;<\/p>\n<p><strong>Werke f\u00fcr Soloinstrumente<\/strong><\/p>\n<p>1951 &#8222;Passacaglia a-Moll, f\u00fcr Klavier&#8220; (05:39)<audio class=\"wp-audio-shortcode\" id=\"audio-37-17\" preload=\"none\" style=\"width: 100%;\" controls=\"controls\"><source type=\"audio\/mpeg\" src=\"http:\/\/cheminpetit.de\/wordpress\/wp-content\/uploads\/2016\/08\/16.mp3?_=17\" \/><a href=\"http:\/\/cheminpetit.de\/wordpress\/wp-content\/uploads\/2016\/08\/16.mp3\">http:\/\/cheminpetit.de\/wordpress\/wp-content\/uploads\/2016\/08\/16.mp3<\/a><\/audio><\/p>\n<p>1956 &#8222;Sonate in F f\u00fcr Blockfl\u00f6te (f&#8216;) solo&#8220; (09:13)<audio class=\"wp-audio-shortcode\" id=\"audio-37-18\" preload=\"none\" style=\"width: 100%;\" controls=\"controls\"><source type=\"audio\/mpeg\" src=\"http:\/\/cheminpetit.de\/wordpress\/wp-content\/uploads\/2016\/08\/17.mp3?_=18\" \/><a href=\"http:\/\/cheminpetit.de\/wordpress\/wp-content\/uploads\/2016\/08\/17.mp3\">http:\/\/cheminpetit.de\/wordpress\/wp-content\/uploads\/2016\/08\/17.mp3<\/a><\/audio><\/p>\n","protected":false},"excerpt":{"rendered":"<p>Zusammengestellt von Gerd Witte aus dem privaten Tonband-Archiv der Familie Chemin-Petit \/ Witte. Die detailierten Beschreibungen der H\u00f6rbeispiele sind im Werkverzeichnis unter der jeweiligen Kategorie zu finden. B\u00fchnenwerke 1927 &#8222;Der gefangene Vogel&#8220; (05:06) 1965 &#8222;Die Kom\u00f6diantin&#8220; (03:37) 1980 &#8222;Kassandra&#8220; (04:22) &nbsp; Orchesterwerke 1924 &#8222;Intermezzo Scherzo f\u00fcr gro\u00dfes Orchester&#8220; (UA) (04:44) 1939 &#8222;Orchesterprolog&#8220; (06:02) 1944 &#8222;Orchesterkonzert [&hellip;]<\/p>\n","protected":false},"author":2,"featured_media":0,"parent":0,"menu_order":0,"comment_status":"closed","ping_status":"closed","template":"templates\/page-ribbon.php","meta":{"ngg_post_thumbnail":0},"_links":{"self":[{"href":"https:\/\/cheminpetit.de\/wordpress\/wp-json\/wp\/v2\/pages\/37"}],"collection":[{"href":"https:\/\/cheminpetit.de\/wordpress\/wp-json\/wp\/v2\/pages"}],"about":[{"href":"https:\/\/cheminpetit.de\/wordpress\/wp-json\/wp\/v2\/types\/page"}],"author":[{"embeddable":true,"href":"https:\/\/cheminpetit.de\/wordpress\/wp-json\/wp\/v2\/users\/2"}],"replies":[{"embeddable":true,"href":"https:\/\/cheminpetit.de\/wordpress\/wp-json\/wp\/v2\/comments?post=37"}],"version-history":[{"count":0,"href":"https:\/\/cheminpetit.de\/wordpress\/wp-json\/wp\/v2\/pages\/37\/revisions"}],"wp:attachment":[{"href":"https:\/\/cheminpetit.de\/wordpress\/wp-json\/wp\/v2\/media?parent=37"}],"curies":[{"name":"wp","href":"https:\/\/api.w.org\/{rel}","templated":true}]}}