{"id":35,"date":"2016-08-21T11:49:01","date_gmt":"2016-08-21T09:49:01","guid":{"rendered":"http:\/\/www.cheminpetit.de\/wordpress\/?page_id=35"},"modified":"2016-08-21T11:49:01","modified_gmt":"2016-08-21T09:49:01","slug":"werkverzeichnis","status":"publish","type":"page","link":"https:\/\/cheminpetit.de\/wordpress\/werkverzeichnis\/","title":{"rendered":"WERKVERZEICHNIS"},"content":{"rendered":"<figure id=\"attachment_287\" aria-describedby=\"caption-attachment-287\" style=\"width: 256px\" class=\"wp-caption alignright\"><img decoding=\"async\" loading=\"lazy\" class=\"wp-image-287 size-medium\" src=\"http:\/\/cheminpetit.de\/wordpress\/wp-content\/uploads\/2016\/08\/k_5_1-256x300.jpg\" alt=\"Im Arbeitszimmer in der Ahrenshooper Zeile 66, Berlin 1977 Foto: Werner Bethsold, Berlin\" width=\"256\" height=\"300\" srcset=\"https:\/\/cheminpetit.de\/wordpress\/wp-content\/uploads\/2016\/08\/k_5_1-256x300.jpg 256w, https:\/\/cheminpetit.de\/wordpress\/wp-content\/uploads\/2016\/08\/k_5_1.jpg 512w\" sizes=\"(max-width: 256px) 100vw, 256px\" \/><figcaption id=\"caption-attachment-287\" class=\"wp-caption-text\">Im Arbeitszimmer in der Ahrenshooper Zeile 66, <br \/>Berlin 1977<br \/> Foto: Werner Bethsold, Berlin<\/figcaption><\/figure>\n<p>Werkverzeichnis herausgegeben von Andrea Witte\u00a0und Helene Chemin-Petit<\/p>\n<p>Stapp Verlag, Berlin 1987<\/p>\n<p>&nbsp;<\/p>\n<p>Anmerkungen:<\/p>\n<p>Erg\u00e4nzungen zum Werkverzeichnis werden weiterhin vorgenommen.<\/p>\n<p>Mit * bezeichnete Ausgaben sind k\u00e4uflich erh\u00e4ltlich<\/p>\n<p>Ms \u00a0\u00a0 = Manuskript<\/p>\n<p>UA \u00a0\u00a0 = Urauff\u00fchrung<\/p>\n<p>&nbsp;<\/p>\n<p><strong>Der gesamte k\u00fcnstlerische Nachlass befindet sich im Archiv der Akademie der K\u00fcnste Berlin.<\/strong><br \/>\n<a href=\"http:\/\/www.adk.de\/de\/archiv\/archivbestand\/musik\/index.htm?hg=musik&amp;we_objectID=100&amp;seachfor=chemin-petit\" target=\"_blank\">www.adk.de<\/a><\/p>\n","protected":false},"excerpt":{"rendered":"<p>Werkverzeichnis herausgegeben von Andrea Witte\u00a0und Helene Chemin-Petit Stapp Verlag, Berlin 1987 &nbsp; Anmerkungen: Erg\u00e4nzungen zum Werkverzeichnis werden weiterhin vorgenommen. Mit * bezeichnete Ausgaben sind k\u00e4uflich erh\u00e4ltlich Ms \u00a0\u00a0 = Manuskript UA \u00a0\u00a0 = Urauff\u00fchrung &nbsp; Der gesamte k\u00fcnstlerische Nachlass befindet sich im Archiv der Akademie der K\u00fcnste Berlin. www.adk.de<\/p>\n","protected":false},"author":2,"featured_media":0,"parent":0,"menu_order":0,"comment_status":"closed","ping_status":"closed","template":"templates\/page-ribbon.php","meta":{"ngg_post_thumbnail":0},"_links":{"self":[{"href":"https:\/\/cheminpetit.de\/wordpress\/wp-json\/wp\/v2\/pages\/35"}],"collection":[{"href":"https:\/\/cheminpetit.de\/wordpress\/wp-json\/wp\/v2\/pages"}],"about":[{"href":"https:\/\/cheminpetit.de\/wordpress\/wp-json\/wp\/v2\/types\/page"}],"author":[{"embeddable":true,"href":"https:\/\/cheminpetit.de\/wordpress\/wp-json\/wp\/v2\/users\/2"}],"replies":[{"embeddable":true,"href":"https:\/\/cheminpetit.de\/wordpress\/wp-json\/wp\/v2\/comments?post=35"}],"version-history":[{"count":0,"href":"https:\/\/cheminpetit.de\/wordpress\/wp-json\/wp\/v2\/pages\/35\/revisions"}],"wp:attachment":[{"href":"https:\/\/cheminpetit.de\/wordpress\/wp-json\/wp\/v2\/media?parent=35"}],"curies":[{"name":"wp","href":"https:\/\/api.w.org\/{rel}","templated":true}]}}