{"id":33,"date":"2016-08-21T11:48:41","date_gmt":"2016-08-21T09:48:41","guid":{"rendered":"http:\/\/www.cheminpetit.de\/wordpress\/?page_id=33"},"modified":"2016-08-21T11:48:41","modified_gmt":"2016-08-21T09:48:41","slug":"verlagsverzeichnis","status":"publish","type":"page","link":"https:\/\/cheminpetit.de\/wordpress\/werkverzeichnis\/verlagsverzeichnis\/","title":{"rendered":"Verlagsverzeichnis"},"content":{"rendered":"<p><!--\/raw--><br \/>\n<strong>Augemus Musikverlag<\/strong><br \/>\nRalf Kaupenjohann<br \/>\nWuppertaler Str. 424 b<br \/>\n45259 Essen<br \/>\n<strong><br \/>\n<a href=\"http:\/\/www.boosey.com\/\">Boosey &amp; Hawkes \u2022 BOTE &amp; BOCK \u2022 Anton J. Benjamin<\/a><\/strong><br \/>\nL\u00fctzowufer 26<br \/>\n10787 Berlin<br \/>\n<strong><br \/>\n<a href=\"http:\/\/www.buddemusic.de\/\">Rolf Budde Musikverlag GmbH<\/a><\/strong><br \/>\nHohenzollerndamm 54A<br \/>\n14199 Berlin<\/p>\n<p><strong>H\u00e4nssler Verlag GmbH &amp; Co KG<\/strong><br \/>\nMax-Eyth-Stra\u00dfe 41<br \/>\n71088 Holzgerlingen<\/p>\n<p><strong><a href=\"http:\/\/www.lienau-frankfurt.de\/\">Musikverlage Zimmermann, Lienau &amp; Allegra GmbH &amp; Co. KG<\/a><\/strong><br \/>\nAm Dornbusch 24-26<br \/>\n64390 Erzhausen<\/p>\n<p><strong><a href=\"http:\/\/www.merseburger.de\/\"><b>Verlag Merseburger<\/b><\/a><\/strong><br \/>\nNaumburger Stra\u00dfe 40<br \/>\n34127 Kassel<\/p>\n<p><strong><a href=\"http:\/\/www.moeseler-verlag.de\/\"><b>M\u00f6seler Verlag<\/b><\/a><\/strong><br \/>\nHoffmann-von-Fallersleben-Stra\u00dfe 8<br \/>\n38304 Wolfenb\u00fcttel<\/p>\n<p><strong>PAN Verlag GmbH<\/strong><br \/>\nNaumburger Str. 40<br \/>\n34127 Kassel<\/p>\n<p><strong>Ries &amp; Erler Musikverlag<\/strong><br \/>\nWandalenallee 8<br \/>\n14052 Berlin<\/p>\n<p><strong>Sikorski Musikverlage<\/strong><br \/>\nJohnsallee 23<br \/>\n20148 Hamburg<\/p>\n<p><strong>J.P. Tonger Musikverlag<\/strong><br \/>\nAuf dem Brand 10<br \/>\n50996 K\u00f6ln<\/p>\n<p><strong><a href=\"http:\/\/www.thomi-berg.de\/\"><b>Musikverlag Elisabeth Thomi-Berg e.K.<\/b><\/a><\/strong><br \/>\nehm. F.E.C. Leuckart Musikverlag<br \/>\nPasinger Str. 38a<br \/>\n82152 Planegg<\/p>\n<p><!--\/raw--><\/p>\n","protected":false},"excerpt":{"rendered":"<p>Augemus Musikverlag Ralf Kaupenjohann Wuppertaler Str. 424 b 45259 Essen Boosey &amp; Hawkes \u2022 BOTE &amp; BOCK \u2022 Anton J. Benjamin L\u00fctzowufer 26 10787 Berlin Rolf Budde Musikverlag GmbH Hohenzollerndamm 54A 14199 Berlin H\u00e4nssler Verlag GmbH &amp; Co KG Max-Eyth-Stra\u00dfe 41 71088 Holzgerlingen Musikverlage Zimmermann, Lienau &amp; Allegra GmbH &amp; Co. KG Am Dornbusch 24-26 [&hellip;]<\/p>\n","protected":false},"author":2,"featured_media":0,"parent":35,"menu_order":0,"comment_status":"closed","ping_status":"closed","template":"templates\/page-ribbon.php","meta":{"ngg_post_thumbnail":0},"_links":{"self":[{"href":"https:\/\/cheminpetit.de\/wordpress\/wp-json\/wp\/v2\/pages\/33"}],"collection":[{"href":"https:\/\/cheminpetit.de\/wordpress\/wp-json\/wp\/v2\/pages"}],"about":[{"href":"https:\/\/cheminpetit.de\/wordpress\/wp-json\/wp\/v2\/types\/page"}],"author":[{"embeddable":true,"href":"https:\/\/cheminpetit.de\/wordpress\/wp-json\/wp\/v2\/users\/2"}],"replies":[{"embeddable":true,"href":"https:\/\/cheminpetit.de\/wordpress\/wp-json\/wp\/v2\/comments?post=33"}],"version-history":[{"count":0,"href":"https:\/\/cheminpetit.de\/wordpress\/wp-json\/wp\/v2\/pages\/33\/revisions"}],"up":[{"embeddable":true,"href":"https:\/\/cheminpetit.de\/wordpress\/wp-json\/wp\/v2\/pages\/35"}],"wp:attachment":[{"href":"https:\/\/cheminpetit.de\/wordpress\/wp-json\/wp\/v2\/media?parent=33"}],"curies":[{"name":"wp","href":"https:\/\/api.w.org\/{rel}","templated":true}]}}