{"id":31,"date":"2016-08-21T11:48:20","date_gmt":"2016-08-21T09:48:20","guid":{"rendered":"http:\/\/www.cheminpetit.de\/wordpress\/?page_id=31"},"modified":"2016-08-21T11:48:20","modified_gmt":"2016-08-21T09:48:20","slug":"operntexte","status":"publish","type":"page","link":"https:\/\/cheminpetit.de\/wordpress\/werkverzeichnis\/operntexte\/","title":{"rendered":"Operntexte"},"content":{"rendered":"<p><!--\/raw--><br \/>\n<strong>1954<br \/>\nMein Onkel Benjamin <\/strong><br \/>\nEine Szenenfolge nach Claude Tillier<br \/>\n(Manuskript &#8211; nicht vertont)<br \/>\n\u00a0<br \/>\n<strong>1958<br \/>\nK\u00f6nig Nicolo <\/strong><br \/>\nOper in 7 Bildern nach dem Schauspiel von Frank Wedekind<br \/>\n*Verlag: Bote &#038; Bock, Berlin<br \/>\n\u00a0<br \/>\n<strong>1963<br \/>\nAim\u00e9e <\/strong><br \/>\nKomische Oper nach Heinz Coubier<br \/>\n(Manuskript &#8211; nicht vertont)<br \/>\n\u00a0<br \/>\n<strong>1964<br \/>\nDie Kom\u00f6diantin <\/strong><br \/>\nHeitere Oper nach einem B\u00fchnenst\u00fcck von Heinz Coubier<br \/>\n(Manuskript)<br \/>\n<strong>\u00a0<br \/>\n1966<br \/>\nDie Iden des M\u00e4rz <\/strong><br \/>\nEntwurf eines Operntextbuches nach Thornton Wilder<br \/>\n(Manuskript &#8211; nicht vertont)<br \/>\n\u00a0<br \/>\n<strong>1970<br \/>\nDie Rivalinnen <\/strong><br \/>\nHeitere Kammeroper nach der Erz\u00e4hlung von Giovanni Loredano \u2028(Manuskript)<br \/>\n\u00a0<br \/>\n<strong>1971<br \/>\nKlage der Ariadne <\/strong><br \/>\nDramatische Szene nach dem Gedicht von Friedrich Nietzsche \u2028(Manuskript)<br \/>\n\u00a0<br \/>\n<strong>1975<br \/>\nKassandras Tod <\/strong><br \/>\nDramatische Kantate mit Vorspruch und Epilog nach Aischylos<br \/>\n(2. Bild Kassandra, 1978)<br \/>\n*Druckwerkst\u00e4tte Gottschalk OHG, Berlin<br \/>\n\u00a0<br \/>\n<strong>1978<br \/>\nKassandra <\/strong><br \/>\nDrama in 2 Bildern mit Vorspruch und Epilog nach Aischylos<br \/>\n(2. Bild Kassandras Tod, 1975)<br \/>\n*Druckwerkst\u00e4tte Gottschalk OHG, Berlin<\/p>\n<p><!--\/raw-->\t<\/p>\n","protected":false},"excerpt":{"rendered":"<p>1954 Mein Onkel Benjamin Eine Szenenfolge nach Claude Tillier (Manuskript &#8211; nicht vertont) \u00a0 1958 K\u00f6nig Nicolo Oper in 7 Bildern nach dem Schauspiel von Frank Wedekind *Verlag: Bote &#038; Bock, Berlin \u00a0 1963 Aim\u00e9e Komische Oper nach Heinz Coubier (Manuskript &#8211; nicht vertont) \u00a0 1964 Die Kom\u00f6diantin Heitere Oper nach einem B\u00fchnenst\u00fcck von Heinz [&hellip;]<\/p>\n","protected":false},"author":2,"featured_media":0,"parent":35,"menu_order":0,"comment_status":"closed","ping_status":"closed","template":"templates\/page-ribbon.php","meta":{"ngg_post_thumbnail":0},"_links":{"self":[{"href":"https:\/\/cheminpetit.de\/wordpress\/wp-json\/wp\/v2\/pages\/31"}],"collection":[{"href":"https:\/\/cheminpetit.de\/wordpress\/wp-json\/wp\/v2\/pages"}],"about":[{"href":"https:\/\/cheminpetit.de\/wordpress\/wp-json\/wp\/v2\/types\/page"}],"author":[{"embeddable":true,"href":"https:\/\/cheminpetit.de\/wordpress\/wp-json\/wp\/v2\/users\/2"}],"replies":[{"embeddable":true,"href":"https:\/\/cheminpetit.de\/wordpress\/wp-json\/wp\/v2\/comments?post=31"}],"version-history":[{"count":0,"href":"https:\/\/cheminpetit.de\/wordpress\/wp-json\/wp\/v2\/pages\/31\/revisions"}],"up":[{"embeddable":true,"href":"https:\/\/cheminpetit.de\/wordpress\/wp-json\/wp\/v2\/pages\/35"}],"wp:attachment":[{"href":"https:\/\/cheminpetit.de\/wordpress\/wp-json\/wp\/v2\/media?parent=31"}],"curies":[{"name":"wp","href":"https:\/\/api.w.org\/{rel}","templated":true}]}}