{"id":29,"date":"2016-08-21T11:47:44","date_gmt":"2016-08-21T09:47:44","guid":{"rendered":"http:\/\/www.cheminpetit.de\/wordpress\/?page_id=29"},"modified":"2016-08-21T11:47:44","modified_gmt":"2016-08-21T09:47:44","slug":"verlorene-kompositionen","status":"publish","type":"page","link":"https:\/\/cheminpetit.de\/wordpress\/werkverzeichnis\/verlorene-kompositionen\/","title":{"rendered":"Verlorene Kompositionen"},"content":{"rendered":"<p><!--\/raw--><\/p>\n<p><strong>Kompositionen, deren Manuskripte durch Kriegseinfl\u00fcsse verloren sind<\/strong><\/p>\n<p>1924<br \/>\nB\u00fchnenmusik zu &#8222;K\u00f6nig Nicolo&#8220;<\/p>\n<p>1927<br \/>\nSymphonischer Satz f\u00fcr gro\u00dfes Orchester<\/p>\n<p>1933<br \/>\nH\u00f6rspielmusik f\u00fcr das Kinderst\u00fcck\u00a0 &#8222;Die Abenteuer des linken Schuhs&#8220;<\/p>\n<p>1938<br \/>\nVolksliedkantate &#8222;Ei, wie so t\u00f6richt&#8220; (Das Leineweberlied)<\/p>\n<p>1939<br \/>\nKantate nach Volksliedern f\u00fcr ein Schattenspiel &#8222;Die fr\u00f6hlichen Handwerker&#8220;<br \/>\n<!--\/raw--><\/p>\n","protected":false},"excerpt":{"rendered":"<p>Kompositionen, deren Manuskripte durch Kriegseinfl\u00fcsse verloren sind 1924 B\u00fchnenmusik zu &#8222;K\u00f6nig Nicolo&#8220; 1927 Symphonischer Satz f\u00fcr gro\u00dfes Orchester 1933 H\u00f6rspielmusik f\u00fcr das Kinderst\u00fcck\u00a0 &#8222;Die Abenteuer des linken Schuhs&#8220; 1938 Volksliedkantate &#8222;Ei, wie so t\u00f6richt&#8220; (Das Leineweberlied) 1939 Kantate nach Volksliedern f\u00fcr ein Schattenspiel &#8222;Die fr\u00f6hlichen Handwerker&#8220;<\/p>\n","protected":false},"author":2,"featured_media":0,"parent":35,"menu_order":0,"comment_status":"closed","ping_status":"closed","template":"templates\/page-ribbon.php","meta":{"ngg_post_thumbnail":0},"_links":{"self":[{"href":"https:\/\/cheminpetit.de\/wordpress\/wp-json\/wp\/v2\/pages\/29"}],"collection":[{"href":"https:\/\/cheminpetit.de\/wordpress\/wp-json\/wp\/v2\/pages"}],"about":[{"href":"https:\/\/cheminpetit.de\/wordpress\/wp-json\/wp\/v2\/types\/page"}],"author":[{"embeddable":true,"href":"https:\/\/cheminpetit.de\/wordpress\/wp-json\/wp\/v2\/users\/2"}],"replies":[{"embeddable":true,"href":"https:\/\/cheminpetit.de\/wordpress\/wp-json\/wp\/v2\/comments?post=29"}],"version-history":[{"count":0,"href":"https:\/\/cheminpetit.de\/wordpress\/wp-json\/wp\/v2\/pages\/29\/revisions"}],"up":[{"embeddable":true,"href":"https:\/\/cheminpetit.de\/wordpress\/wp-json\/wp\/v2\/pages\/35"}],"wp:attachment":[{"href":"https:\/\/cheminpetit.de\/wordpress\/wp-json\/wp\/v2\/media?parent=29"}],"curies":[{"name":"wp","href":"https:\/\/api.w.org\/{rel}","templated":true}]}}