{"id":27,"date":"2016-08-21T11:47:16","date_gmt":"2016-08-21T09:47:16","guid":{"rendered":"http:\/\/www.cheminpetit.de\/wordpress\/?page_id=27"},"modified":"2016-08-21T11:47:16","modified_gmt":"2016-08-21T09:47:16","slug":"aus-sammelbaenden","status":"publish","type":"page","link":"https:\/\/cheminpetit.de\/wordpress\/werkverzeichnis\/aus-sammelbaenden\/","title":{"rendered":"Aus Sammelb\u00e4nden"},"content":{"rendered":"<p><!--\/raw--><br \/>\n<strong>In Sammelb\u00e4nden ver\u00f6ffentlichte Auswahl von ca. 400 Lied- und Chorals\u00e4tzen<\/strong><\/p>\n<p>&#8222;Weihnachtslieder&#8220;, Klavier-Ausgabe zum Quempas-Buch (Im Inhalt 17 S\u00e4tze von\u2028Hans Chemin-Petit)<br \/>\nVerlag: B\u00c4RENREITER, Kassel<\/p>\n<p>&#8222;Bruder Singer&#8220;, Klavierausgabe (Im Inhalt 19 S\u00e4tze von Hans Chemin-Petit)<br \/>\nVerlag: B\u00c4RENREITER, Kassel<\/p>\n<p>&#8222;Ihr Kinderlein kommet&#8220;, Advents- und Weihnachtslieder in einfachen Klaviers\u00e4tzen (Im Inhalt 9 S\u00e4tze von Hans Chemin-Petit)<br \/>\nVerlag: EVANGELISCHE VERLAGSANSTALT, Berlin<\/p>\n<p>&#8222;Varia&#8220;. Mehrstimmige S\u00e4tze zu den Weisen des Evangelischen Kirchengesangbuches<br \/>\nVerlag: H\u00c4NSSLER, Neuhausen-Stuttgart<\/p>\n<p>&#8222;Die helle Sonn&#8220;, Choralbuch f\u00fcr 3stimmigen gemischten Chor<br \/>\n&#8222;Europ\u00e4ische Volkslieder&#8220;, Heft 1 und 2<br \/>\n&#8222;Europ\u00e4ische Weihnachtslieder&#8220;, Heft 1 bis 3<br \/>\n&#8222;Kantate Chorheft&#8220; f\u00fcr Gemeinde und 3stimmigen gemischten Chor<br \/>\n&#8222;Kommt ihr Gspielen&#8220; Chorbuch zu deutschen Volksliedern, Heft 1 bis 6 herausgegeben von \u2028Hans Chemin-Petit (Im Inhalt 44 S\u00e4tze vom Herausgeber)<br \/>\n&#8222;Kleines Chorbuch&#8220; zu deutschen Volksliedern, Heft 1 bis 4 (Im Inhalt 37 S\u00e4tze von \u2028Hans Chemin-Petit)<br \/>\n&#8222;Orgelvorspiele zum Evangelischen Kirchengesangbuch&#8220; (Im Inhalt 8 Beitr\u00e4ge von \u2028Hans Chemin-Petit)<br \/>\nVerlag: MERSEBURGER, Kassel<\/p>\n<p>&#8222;Das kleine Volksliederbuch&#8220;, Lieds\u00e4tze f\u00fcr 3 gemischte Stimmen<br \/>\nVerlag: C. F. PETERS, Frankfurt a.M.<br \/>\n<!--\/raw--><\/p>\n","protected":false},"excerpt":{"rendered":"<p>In Sammelb\u00e4nden ver\u00f6ffentlichte Auswahl von ca. 400 Lied- und Chorals\u00e4tzen &#8222;Weihnachtslieder&#8220;, Klavier-Ausgabe zum Quempas-Buch (Im Inhalt 17 S\u00e4tze von\u2028Hans Chemin-Petit) Verlag: B\u00c4RENREITER, Kassel &#8222;Bruder Singer&#8220;, Klavierausgabe (Im Inhalt 19 S\u00e4tze von Hans Chemin-Petit) Verlag: B\u00c4RENREITER, Kassel &#8222;Ihr Kinderlein kommet&#8220;, Advents- und Weihnachtslieder in einfachen Klaviers\u00e4tzen (Im Inhalt 9 S\u00e4tze von Hans Chemin-Petit) Verlag: EVANGELISCHE VERLAGSANSTALT, [&hellip;]<\/p>\n","protected":false},"author":2,"featured_media":0,"parent":35,"menu_order":0,"comment_status":"closed","ping_status":"closed","template":"templates\/page-ribbon.php","meta":{"ngg_post_thumbnail":0},"_links":{"self":[{"href":"https:\/\/cheminpetit.de\/wordpress\/wp-json\/wp\/v2\/pages\/27"}],"collection":[{"href":"https:\/\/cheminpetit.de\/wordpress\/wp-json\/wp\/v2\/pages"}],"about":[{"href":"https:\/\/cheminpetit.de\/wordpress\/wp-json\/wp\/v2\/types\/page"}],"author":[{"embeddable":true,"href":"https:\/\/cheminpetit.de\/wordpress\/wp-json\/wp\/v2\/users\/2"}],"replies":[{"embeddable":true,"href":"https:\/\/cheminpetit.de\/wordpress\/wp-json\/wp\/v2\/comments?post=27"}],"version-history":[{"count":0,"href":"https:\/\/cheminpetit.de\/wordpress\/wp-json\/wp\/v2\/pages\/27\/revisions"}],"up":[{"embeddable":true,"href":"https:\/\/cheminpetit.de\/wordpress\/wp-json\/wp\/v2\/pages\/35"}],"wp:attachment":[{"href":"https:\/\/cheminpetit.de\/wordpress\/wp-json\/wp\/v2\/media?parent=27"}],"curies":[{"name":"wp","href":"https:\/\/api.w.org\/{rel}","templated":true}]}}