{"id":25,"date":"2016-08-21T11:45:50","date_gmt":"2016-08-21T09:45:50","guid":{"rendered":"http:\/\/www.cheminpetit.de\/wordpress\/?page_id=25"},"modified":"2016-08-21T11:45:50","modified_gmt":"2016-08-21T09:45:50","slug":"bearbeitungen","status":"publish","type":"page","link":"https:\/\/cheminpetit.de\/wordpress\/werkverzeichnis\/bearbeitungen\/","title":{"rendered":"Bearbeitungen"},"content":{"rendered":"<p><!--\/raw--><\/p>\n<p><strong>1931<br \/>\nHenry Eccles:<br \/>\nSonata g-Moll<br \/>\nf\u00fcr Violoncello und Klavier oder Cembalo <\/strong><br \/>\nSpieldauer: 14 Minuten<br \/>\nVerlag: Merseburger, Kassel 2010<br \/>\n*Partitur, *Stimme<br \/>\nUA: Juli 1931 im Rahmen der &#8222;H\u00e4ndelfest\u00adspiele G\u00f6ttingen&#8220;, Aula der Universit\u00e4t; Lena Chemin-Petit, Viktor Ernst Wolff<\/p>\n<p><strong>1942<br \/>\nJohann Sebastian Bach:<br \/>\nPr\u00e4ludium und Fuge G-Dur<br \/>\nf\u00fcr gro\u00dfes Orchester gesetzt<\/strong><br \/>\nSpieldauer: 11 Minuten<br \/>\nMs-Partitur, Akademie der K\u00fcnste Berlin<br \/>\nMaterial nicht mehr vorhanden<br \/>\n<em>Besetzung: 2 Fl., Picc., 2 Ob., E.H., 2 Fg., Ktfg., 4 Hrn., 3 Trp., 3 Pos., Tuba, Hf., Pk., Streicher<\/em><br \/>\nUA: 24. Juni 1942 im Rahmen der &#8222;Festlichen Musiktage Potsdam&#8220;, Serenadenabend im Hof des Stadt\u00adschlosses; Berliner Philharmonisches Orchester, Ltg.: Hans Chemin-Petit<\/p>\n<p><strong>1962<br \/>\nRichard Strauss:<br \/>\nSupplementpartitur zur &#8218;Deutschen Motette&#8216; op. 62; Friedrich R\u00fcckert<br \/>\nf\u00fcr 4 Solostimmen und 16stimmigen gemischten Chor a cappella zur Auff\u00fchrung mit 19 Bl\u00e4sern<\/strong><br \/>\nSpieldauer: 19 Minuten<br \/>\nMs-Partitur, Akademie der K\u00fcnste Berlin<br \/>\nMaterial noch nicht vorhanden<br \/>\n<em>Bl\u00e4serbesetzung: 3 Fl., 2 Ob., E.H., 2 Kl., Ba\u00dfkl., 2 Fg., Ktfg., 4 Hrn., 3 Pos.<\/em><br \/>\nNoch nicht aufgef\u00fchrt<\/p>\n<p><strong>1983<br \/>\nHans Chemin-Petit:<br \/>\nKleine Suite im alten Stil, 1948<br \/>\nf\u00fcr 2 Blockfl\u00f6ten und Violoncello<br \/>\nBearbeitung von Jeannette Cramer Chemin-Petit<br \/>\nf\u00fcr Sopran-, Alt- und Ba\u00dfblockfl\u00f6te oder 2 Violinen und Violoncello<\/strong><br \/>\nSpieldauer: 12 Minuten<br \/>\nPAN Verlag GmbH, Kassel<br \/>\n*Partitur, *Stimmen<br \/>\nUA: Daten nicht bekannt<br \/>\nBritische Erstauff\u00fchrung am 14.11.1985 Oxford, St Hugh&#8217;s College Music Society; Heather Brocklehurst, Lynda Sayce, Sarah Connolly<\/p>\n<p><strong>2011<br \/>\nHans Chemin-Petit (1902 \u2013 1981)<br \/>\nSiebzehn S\u00e4tze zur Weihnachtszeit, bearbeitet von Ralf Kaupenjohann,<br \/>\nf\u00fcr ein Melodieinstrument und Akkordeon (oder ein anderes Tasteninstrument)<br \/>\naus \u201eWeihnachtslieder\u201c, Klavier-Ausgabe zum Quempas-Buch, Verlag B\u00e4renreiter, Ausgabe 1964<\/strong><br \/>\nAugemus Musikverlag<br \/>\nISMN 979-0-50010-099-7<\/p>\n<p><!--\/raw--><\/p>\n","protected":false},"excerpt":{"rendered":"<p>1931 Henry Eccles: Sonata g-Moll f\u00fcr Violoncello und Klavier oder Cembalo Spieldauer: 14 Minuten Verlag: Merseburger, Kassel 2010 *Partitur, *Stimme UA: Juli 1931 im Rahmen der &#8222;H\u00e4ndelfest\u00adspiele G\u00f6ttingen&#8220;, Aula der Universit\u00e4t; Lena Chemin-Petit, Viktor Ernst Wolff 1942 Johann Sebastian Bach: Pr\u00e4ludium und Fuge G-Dur f\u00fcr gro\u00dfes Orchester gesetzt Spieldauer: 11 Minuten Ms-Partitur, Akademie der K\u00fcnste [&hellip;]<\/p>\n","protected":false},"author":2,"featured_media":0,"parent":35,"menu_order":0,"comment_status":"closed","ping_status":"closed","template":"templates\/page-ribbon.php","meta":{"ngg_post_thumbnail":0},"_links":{"self":[{"href":"https:\/\/cheminpetit.de\/wordpress\/wp-json\/wp\/v2\/pages\/25"}],"collection":[{"href":"https:\/\/cheminpetit.de\/wordpress\/wp-json\/wp\/v2\/pages"}],"about":[{"href":"https:\/\/cheminpetit.de\/wordpress\/wp-json\/wp\/v2\/types\/page"}],"author":[{"embeddable":true,"href":"https:\/\/cheminpetit.de\/wordpress\/wp-json\/wp\/v2\/users\/2"}],"replies":[{"embeddable":true,"href":"https:\/\/cheminpetit.de\/wordpress\/wp-json\/wp\/v2\/comments?post=25"}],"version-history":[{"count":0,"href":"https:\/\/cheminpetit.de\/wordpress\/wp-json\/wp\/v2\/pages\/25\/revisions"}],"up":[{"embeddable":true,"href":"https:\/\/cheminpetit.de\/wordpress\/wp-json\/wp\/v2\/pages\/35"}],"wp:attachment":[{"href":"https:\/\/cheminpetit.de\/wordpress\/wp-json\/wp\/v2\/media?parent=25"}],"curies":[{"name":"wp","href":"https:\/\/api.w.org\/{rel}","templated":true}]}}