{"id":23,"date":"2016-08-21T11:45:28","date_gmt":"2016-08-21T09:45:28","guid":{"rendered":"http:\/\/www.cheminpetit.de\/wordpress\/?page_id=23"},"modified":"2016-08-21T11:45:28","modified_gmt":"2016-08-21T09:45:28","slug":"werke-fuer-soloinstrumente","status":"publish","type":"page","link":"https:\/\/cheminpetit.de\/wordpress\/werkverzeichnis\/werke-fuer-soloinstrumente\/","title":{"rendered":"Werke f\u00fcr Soloinstrumente"},"content":{"rendered":"<figure id=\"attachment_566\" aria-describedby=\"caption-attachment-566\" style=\"width: 205px\" class=\"wp-caption alignright\"><img decoding=\"async\" loading=\"lazy\" class=\"wp-image-566 size-medium\" src=\"http:\/\/cheminpetit.de\/wordpress\/wp-content\/uploads\/2016\/08\/p_08_1-205x300.jpg\" alt=\"Jeannette Chemin-Petit\" width=\"205\" height=\"300\" srcset=\"https:\/\/cheminpetit.de\/wordpress\/wp-content\/uploads\/2016\/08\/p_08_1-205x300.jpg 205w, https:\/\/cheminpetit.de\/wordpress\/wp-content\/uploads\/2016\/08\/p_08_1.jpg 278w\" sizes=\"(max-width: 205px) 100vw, 205px\" \/><figcaption id=\"caption-attachment-566\" class=\"wp-caption-text\">Jeannette Chemin-Petit<\/figcaption><\/figure>\n<p><strong>1940<br \/>\n&#8222;Dir, o Herr, will ich singen&#8220; &#8230; \u2028&#8220;Nun danket all und bringet Ehr&#8220; &#8230; \u2028&#8220;Ach, bleib mit deiner Gnade&#8220; &#8230; \u2028&#8220;Wer nur den lieben Gott l\u00e4\u00dft walten&#8220; \u2028Vier kleine Orgelchor\u00e4le<\/strong><br \/>\nManuskript, Akademie der K\u00fcnste Berlin<\/p>\n<p><strong>1945<br \/>\n&#8222;Es, es, es, und es&#8220;<br \/>\nKleine Klaviervariationen \u00fcber das Volkslied <\/strong><br \/>\nSpieldauer: 10 Minuten<br \/>\nManuskript, Akademie der K\u00fcnste Berlin<br \/>\nUA: 17. M\u00e4rz 1951 Winterthur, Kirchengemeindehaus; \u2028Arwed Henking<\/p>\n<p><strong>1951<br \/>\nPassacaglia a-Moll<br \/>\nf\u00fcr Klavier<br \/>\n(s. Toccata und Passacaglia, 1967) <\/strong><br \/>\nSpieldauer: 6 Minuten<br \/>\n*Verlag: Celesta, Berlin 1968, Toccata und Passacaglia<br \/>\n*Schallplatte: Kaskade, Berlin<br \/>\nUA: Daten nicht bekannt<br \/>\nRundfunk: RIAS Berlin Aufnahmedatum nicht bekannt; K\u00e4te Walter<\/p>\n<!--[if lt IE 9]><script>document.createElement('audio');<\/script><![endif]-->\n<audio class=\"wp-audio-shortcode\" id=\"audio-23-1\" preload=\"none\" style=\"width: 100%;\" controls=\"controls\"><source type=\"audio\/mpeg\" src=\"http:\/\/cheminpetit.de\/wordpress\/wp-content\/uploads\/2016\/08\/16.mp3?_=1\" \/><a href=\"http:\/\/cheminpetit.de\/wordpress\/wp-content\/uploads\/2016\/08\/16.mp3\">http:\/\/cheminpetit.de\/wordpress\/wp-content\/uploads\/2016\/08\/16.mp3<\/a><\/audio>\n<p>H\u00f6rbeispiel: &#8222;Passacaglia a-Moll&#8220;<\/p>\n<p><strong>1956<br \/>\nSonate in F<br \/>\nf\u00fcr Blockfl\u00f6te (f&#8216;) solo <\/strong><br \/>\nSpieldauer: 11 Minuten<br \/>\n*Verlag: H. Sikorski, Hamburg 1958<br \/>\n*Verlag: Neue Musik, Berlin 1978 in &#8222;Blockfl\u00f6te 3&#8220; (mit freundlicher Genehmigung des Musikverlages Dr. Hans Sikorski, Hamburg)<br \/>\n*Schallplatte: IN MEMORIAM Hans Chemin-Petit &#8211; Jeannette Chemin-Petit, musicaphon, Kassel<br \/>\nUA: M\u00e4rz 1957 anl\u00e4\u00dflich der 1.Staatspr\u00fcfung f\u00fcr das Amt des Studienrates in der Hochschule f\u00fcr Musik Berlin; Jeannette Chemin-Petit<br \/>\nRundfunk: Radio DRS-Studio Z\u00fcrich Aufnahme am 28.10.1958; Jeannette Chemin-Petit<\/p>\n<audio class=\"wp-audio-shortcode\" id=\"audio-23-2\" preload=\"none\" style=\"width: 100%;\" controls=\"controls\"><source type=\"audio\/mpeg\" src=\"http:\/\/cheminpetit.de\/wordpress\/wp-content\/uploads\/2016\/08\/17.mp3?_=2\" \/><a href=\"http:\/\/cheminpetit.de\/wordpress\/wp-content\/uploads\/2016\/08\/17.mp3\">http:\/\/cheminpetit.de\/wordpress\/wp-content\/uploads\/2016\/08\/17.mp3<\/a><\/audio>\n<p>H\u00f6rbeispiel: &#8222;Sonate in F&#8220;<\/p>\n<p><strong>1960<br \/>\nSonatina in d<br \/>\nf\u00fcr Blockfl\u00f6te (f&#8216;) solo <\/strong><br \/>\nSpieldauer: 7 Minuten<br \/>\n*Verlag: H. Sikorski, Hamburg 1962<br \/>\nUA: 26. November 1960 anl\u00e4\u00dflich einer Veranstaltung des Berliner Tonk\u00fcnstler-Vereins e.V. &#8222;Zum Tag der Hausmusik &#8211; Lehrer spielen Neue Musik&#8220; im Kammersaal der Hochschule f\u00fcr Musik Berlin; Jeannette Chemin-Petit<\/p>\n<p><strong>1967<br \/>\nToccata und Passacaglia<br \/>\nf\u00fcr Klavier<br \/>\n(s. Passacaglia a-Moll, 1951) <\/strong><br \/>\nSpieldauer: 10 Minuten<br \/>\n*Verlag: Celesta, Berlin 1968<br \/>\n*Schallplatte: s. Passacaglia a-Moll, 1951<br \/>\nUA: SFB Aufnahme am 18.3.1971 f\u00fcr Ursendung; Anneliese Schier-Tiessen<\/p>\n<p><!--\/raw--><\/p>\n","protected":false},"excerpt":{"rendered":"<p>1940 &#8222;Dir, o Herr, will ich singen&#8220; &#8230; \u2028&#8220;Nun danket all und bringet Ehr&#8220; &#8230; \u2028&#8220;Ach, bleib mit deiner Gnade&#8220; &#8230; \u2028&#8220;Wer nur den lieben Gott l\u00e4\u00dft walten&#8220; \u2028Vier kleine Orgelchor\u00e4le Manuskript, Akademie der K\u00fcnste Berlin 1945 &#8222;Es, es, es, und es&#8220; Kleine Klaviervariationen \u00fcber das Volkslied Spieldauer: 10 Minuten Manuskript, Akademie der K\u00fcnste Berlin [&hellip;]<\/p>\n","protected":false},"author":2,"featured_media":0,"parent":35,"menu_order":0,"comment_status":"closed","ping_status":"closed","template":"templates\/page-ribbon.php","meta":{"ngg_post_thumbnail":0},"_links":{"self":[{"href":"https:\/\/cheminpetit.de\/wordpress\/wp-json\/wp\/v2\/pages\/23"}],"collection":[{"href":"https:\/\/cheminpetit.de\/wordpress\/wp-json\/wp\/v2\/pages"}],"about":[{"href":"https:\/\/cheminpetit.de\/wordpress\/wp-json\/wp\/v2\/types\/page"}],"author":[{"embeddable":true,"href":"https:\/\/cheminpetit.de\/wordpress\/wp-json\/wp\/v2\/users\/2"}],"replies":[{"embeddable":true,"href":"https:\/\/cheminpetit.de\/wordpress\/wp-json\/wp\/v2\/comments?post=23"}],"version-history":[{"count":0,"href":"https:\/\/cheminpetit.de\/wordpress\/wp-json\/wp\/v2\/pages\/23\/revisions"}],"up":[{"embeddable":true,"href":"https:\/\/cheminpetit.de\/wordpress\/wp-json\/wp\/v2\/pages\/35"}],"wp:attachment":[{"href":"https:\/\/cheminpetit.de\/wordpress\/wp-json\/wp\/v2\/media?parent=23"}],"curies":[{"name":"wp","href":"https:\/\/api.w.org\/{rel}","templated":true}]}}