{"id":17,"date":"2016-08-21T11:44:24","date_gmt":"2016-08-21T09:44:24","guid":{"rendered":"http:\/\/www.cheminpetit.de\/wordpress\/?page_id=17"},"modified":"2024-11-25T11:05:20","modified_gmt":"2024-11-25T11:05:20","slug":"gesangswerke-mit-instrumentalbegleitung","status":"publish","type":"page","link":"https:\/\/cheminpetit.de\/wordpress\/werkverzeichnis\/gesangswerke-mit-instrumentalbegleitung\/","title":{"rendered":"Gesangswerke mit Instrumentalbegleitung"},"content":{"rendered":"<h5><!--\/raw--><br \/>\na. Geistliche Werke<\/h5>\n<p><strong>1945<br \/>\nKleine geistliche Hausmusik<br \/>\n21 Choral- und Lieds\u00e4tze in verschiedenen Besetzungen zum h\u00e4uslichen Musizieren<\/strong><br \/>\nVerlag: Evangelische Verlagsanstalt, Berlin 1958<br \/>\n*Partitur (z.Zt. vergriffen)<br \/>\n<em>Besetzung: 1- oder 3stimmiger Liedsatz, 2 Blfl. (c&#8220; und f&#8216;), Vcl., Klav. oder Orgel<\/em><\/p>\n<p><strong>1953<br \/>\nWeihnachtsliederkreis<br \/>\nf\u00fcr Sopran, Tenor und Bariton mit Instrumentalbegleitung in verschiedenen Besetzungen\u2028(11 Titel)<\/strong><br \/>\nSpieldauer: 30 Minuten<br \/>\nMs-Partitur<br \/>\nMaterial Akademie der K\u00fcnste Berlin<br \/>\n<em>Instrumentalbesetzung: 2 Blfl. (c&#8220; und f&#8216;), Ob. (auch E.H.), Fg., Streichquartett<\/em><br \/>\nUA: RIAS Berlin Aufnahme am 19. und 23.12.1953 f\u00fcr Ursendung (Titel: Ber\u00fchmte Solisten singen Weih\u00adnachtslieder); Elisabeth Gr\u00fcmmer, Walther Ludwig, Dietrich Fischer-Dieskau, Linde H\u00f6ffer von Winter\u00adfeldt, Jeannette Chemin-Petit, Fritjof Fest, Johannes Zuther, Das Streichquartett Berlin: Rudolf Schulz, Willy Kirch, Walter Brose, Walter Lutz<br \/>\nEA im Konzert: 05.12.2021, Schinkelhalle Potsdam, Sinfonieorchester Collegium musicum Potsdam, Dana Hoffmann (Sopran), Jonathan de la Paz (Bariton), Ltg.: Knut Andreas<\/p>\n<p><strong>1960<br \/>\nAus dem Buch Hiob<br \/>\nLamentatio &#8230; Elatio<br \/>\nKammerkantate<br \/>\nf\u00fcr Alt, Blockfl\u00f6te (f &#8218;) und Viola<\/strong><br \/>\nSpieldauer: 10 Minuten<br \/>\nVerlag: R. Lienau, Berlin 1962<br \/>\nKlavierauszug von Lena Chemin-Petit<br \/>\n*Partitur (Faksimile-Druck), *Stimmen<br \/>\nUA: 18. Oktober 1962 anl\u00e4\u00dflich des 60. Geburts\u00adtages von Hans Chemin-Petit, Berlin, Hochmeister\u00adsaal; Magda Schweri, Jeannette Chemin-Petit, Emil Seiler<br \/>\nRundfunk: Radio DRS-Studio Z\u00fcrich Aufnahmedatum nicht bekannt; Magda Schweri, Jeannette Chemin-Petit, Gerhard Wieser. &#8211; RIAS Berlin Aufnahme am 6.4.1962; Jeanne Deroubaix, Jeannette Chemin-Petit, Stefano Passaggio<\/p>\n<p><strong>1964<br \/>\nDer 100. Psalm<br \/>\nf\u00fcr Alt mit Orgelbegleitung<\/strong><br \/>\nSpieldauer: 6 Minuten<br \/>\nMs-Partitur<br \/>\nMaterial Akademie der K\u00fcnste Berlin<br \/>\nUA: 17. Januar 1965 Berlin, Kaiser-Friedrich-Ged\u00e4chtniskirche; Gloria Seipelt, Peter Schwarz<\/p>\n<p><strong>1976<br \/>\nPsalmkantate<br \/>\nnach Worten aus dem Psalm 111<br \/>\nf\u00fcr Tenor, Orgel und Kammerorchester<\/strong><br \/>\nSpieldauer: 8 Minuten<br \/>\nMs-Partitur<br \/>\nMaterial M\u00fcnsterkantorei Ulm<br \/>\n<em>Orchesterbesetzung (solistisch): 2 Ob., Trp., 4 Vl., 3 Vla., 2 Vcl., Ktb., Pk.<\/em><br \/>\nUA: 26. Juni 1976 Ulm, Pauluskirche; Oly Pfaff, Collegium musicum Ulm (verst\u00e4rkt), Ltg.: Edgar Rabsch<\/p>\n<h5>b. Weltliche Werke<\/h5>\n<p><strong>1923<br \/>\n&#8222;Dies ist all, was mich begl\u00fcckt&#8220; &#8230; &#8222;Stummerbl\u00fchte Blume Nacht&#8220;<br \/>\nZwei Ges\u00e4nge; Ernst Ginsberg<br \/>\nf\u00fcr hohe Stimme und Orchester<\/strong><br \/>\nSpieldauer: 12 Minuten<br \/>\nMs-Partitur, Klavierauszug<br \/>\nMaterial noch nicht vorhanden<br \/>\n<em>Orchesterbesetzung: 2 Fl., 2 Ob., E.H., 2 Kl., Ba\u00dfkl., 2 Fg., Ktfg., 4 Hrn., 2 Trp., 2 Pos. (Tenor und Ba\u00df), Tuba, Hf., Pk., Streicher<\/em><br \/>\nNoch nicht aufgef\u00fchrt<\/p>\n<p><strong>1924 &#8230; 1926<br \/>\nNocturno &#8230; Elfenlied &#8230; Zueignung<br \/>\nDrei Ges\u00e4nge; Gerhart Drabsch, Joseph von Eichendorff<br \/>\nf\u00fcr Tenor und Kammerorchester<\/strong><br \/>\nSpieldauer: 17 Minuten<br \/>\nMs-Partitur<br \/>\nMaterial nicht mehr vorhanden<br \/>\n<em>Orchesterbesetzung: Fl., KI., Hrn., 3 Vl., 3 Vla., 2 Vcl., 2 Ktb. (evtl. Fg. statt 1. Ktb.)<\/em><br \/>\nUA: 23. Juni 1926 anl\u00e4\u00dflich eines Vortragsabends der Staatlichen Akademischen Hochschule f\u00fcr Musik Berlin, Theatersaal; Werner Rosenthal, Mitglieder des Orchesters der Hochschule, Ltg.: Hans Chemin-Petit<\/p>\n<p><strong>1929<br \/>\nDie Nacht<br \/>\nGesang; Joseph von Eichendorff<br \/>\nf\u00fcr 2 Solosoprane und 3- bis 5stimmigen Frauenchor mit Klavierbegleitung (Bearbeitung 1935)<\/strong><br \/>\nSpieldauer: 8 Minuten<br \/>\nMs-Partitur<br \/>\nMaterial nicht mehr vorhanden<br \/>\nUA: Daten nicht bekannt<\/p>\n<p><strong>1929 &#8230; 1930<br \/>\nAm Abend &#8230; Vormals richtete Gott &#8230; H\u00e4lfte des Lebens<br \/>\nDrei Hymnen; Friedrich H\u00f6lderlin<br \/>\nf\u00fcr Bariton und Orchester<\/strong><br \/>\nSpieldauer: 16 Minuten<br \/>\nMs-Partitur, Klavierauszug<br \/>\nMaterial nicht mehr vorhanden<br \/>\n<em>Orchesterbesetzung: Fl., Kl., Ba\u00dfkl., Hrn., Hf., 4 Vl., 2 Vla., 2 Vcl., Ktb.<\/em><br \/>\nUA: 1929 Potsdam, Palast Barberini (Teil-Urauff\u00fchrung), Hans Joachim Moser, Ltg: nicht bekannt,<br \/>\nJanuar 1931 Magdeburg (n\u00e4here Angaben nicht bekannt)<\/p>\n<p><strong>1930<br \/>\nLyrische Suite<br \/>\nLeichtes Spiel &#8230; Die Verlassene &#8230; Seitdem ich dich liebe &#8230; Bitte an den Hund &#8230; Bangnis<br \/>\nText aus &#8218;Der Japanische Fr\u00fchling&#8216; von Hans Bethge<br \/>\nf\u00fcr Sopran und 6 Soloinstrumente<\/strong><br \/>\nSpieldauer: 7 Minuten<br \/>\nMs-Partitur, Klavierauszug<br \/>\nMaterial Akademie der K\u00fcnste Berlin<br \/>\n<em>Instrumentalbesetzung: Fl., Vl., 2 Vla., Vcl., Ktb.<\/em><br \/>\nUA: 21. Oktober 1930 Dresden, Kammer\u00admusiksaal des Tonk\u00fcnstlervereins; Margarete Aulhorn-Specht, Mitglieder der Staatskapelle Dresden, Bentz-Quartett: Beatrice Bentz, Elisabeth Enthoven, Hilde Schirmer, Lena von Hippel<br \/>\nRundfunk: NDR Hannover (sp\u00e4tere Aufnahme, Daten nicht bekannt)<\/p>\n<p><strong>1935<br \/>\nVon der Eitelkeit der Welt<br \/>\nKantate; Andreas Gryphius<br \/>\nf\u00fcr Bariton und Kammerorchester<\/strong><br \/>\nSpieldauer: 20 Minuten<br \/>\nVerlag: R. Lienau, Berlin 1936<br \/>\nLeihmaterial R. Lienau<br \/>\n*Klavierauszug<br \/>\n<em>Orchesterbesetzung: 2 Ob., Fg., Streicher (2 Vla.)<\/em><br \/>\nUA: Reichssender Berlin am 25. November 1935 Ursendung; Fred Drissen, Mitglieder des Rundfunkorchesters, \u2028Ltg.: Hans Chemin-Petit<\/p>\n<p><strong>1937<br \/>\nAn die Liebe<br \/>\nKantate nach Worten des Kanzlers (um 1300)<br \/>\nf\u00fcr Sopran und Kammerorchester<\/strong><br \/>\nSpieldauer: 16 Minuten<br \/>\nVerlag: R. Lienau, Berlin 1938<br \/>\nLeihmaterial R. Lienau<br \/>\n*Partitur, *Klavierauszug von Erwin Dressel<br \/>\n<em>Orchesterbesetzung: 2 Ob., Fg., Hf., Streicher (2 Vla.)<\/em><br \/>\nUA: Reichssender Berlin am 10. Dezember 1937 Ursendung; Margarete von Winterfeldt, Mitglieder des Rundfunkorchesters, Ltg.: Hans Chemin-Petit<\/p>\n<p><strong>1940<br \/>\n&#8222;Der Mond ist aufgegangen&#8220;<br \/>\nDrei Lieds\u00e4tze<br \/>\nf\u00fcr 2 Singstimmen und Streichquartett oder Orgel<\/strong><br \/>\nSpieldauer: 5 Minuten<br \/>\nMs-Partitur<br \/>\nMaterial noch nicht vorhanden<br \/>\nNoch nicht aufgef\u00fchrt<\/p>\n<p><strong>1943<br \/>\n&#8222;Ich bin die Mutter Sonne&#8220;<br \/>\nLied; Christian Morgenstern<br \/>\nf\u00fcr Singstimme, Blockfl\u00f6te (c&#8220;) und Violoncello<\/strong><br \/>\nMs-Partitur<br \/>\nNoch nicht aufgef\u00fchrt<\/p>\n<p><strong>1944<br \/>\nGeistliches Konzert<br \/>\nText Rainer Maria Rilke<br \/>\nf\u00fcr Alt und Kammerorchester<br \/>\n(s. Klavierfassung, 1944)<\/strong><br \/>\nSpieldauer: 14 Minuten<br \/>\nMs-Partitur, Klavierauszug<br \/>\nMaterial Akademie der K\u00fcnste Berlin<br \/>\n<em>Orchesterbesetzung: 2 Fl., 2 Ob., 2 Kl., 2 Fg., 2 Hrn., 2 Trp., Pos., Pk., 3 Vl., 2 Vla., 2 Vcl., Ktb.<\/em><br \/>\nUA: 25. April 1944 Memel, Sch\u00fctzenhaus; Hildegard Hennecke, St\u00e4dtisches Orchester (verst\u00e4rkt), \u2028Ltg.: Hans Chemin-Petit<br \/>\nRundfunk: NDR und SFB (sp\u00e4tere Aufnahmen, Daten nicht bekannt)<\/p>\n<p><strong>1945<br \/>\nKleines Triptychon<br \/>\n&#8222;Ich wei\u00df nicht, was ich bin&#8220; &#8230; &#8222;Die Ros&#8216; ist ohn&#8216; Warum&#8220; &#8230; &#8222;Wer sich nur einen Blick&#8220;<br \/>\nDrei Spr\u00fcche; Angelus Silesius<br \/>\nf\u00fcr mittlere Stimme, 2 Blockfl\u00f6ten (c&#8220; und f&#8216;) und Violoncello<br \/>\n(s. Klavierfassung, 1945)<\/strong><br \/>\nSpieldauer: 5 Minuten<br \/>\nVerlag: R. Lienau, Berlin 1986<br \/>\n*Partitur, *Stimmen<br \/>\n*Schallplatte: IN MEMORIAM Hans Chemin-Petit &#8211; Jeannette Chemin-Petit, musicaphon, Kassel<br \/>\nUA: Landessender Potsdam Aufnahme 1948 f\u00fcr Ursendung; Berta Taubert-Metzmacher, Andrea, Jeannette und Lena Chemin-Petit (Titel: Hausmusik bei Chemin-Petit)<br \/>\nRundfunk: s. UA. &#8211; Radio DRS-Studio Z\u00fcrich Aufnahme am 17.2.1956; Hedy Graf, Jeannette Chemin-Petit, Marianne H\u00f6ffer, Christoph Kapler<br \/>\nH\u00f6rbeispiel: &#8222;Kleines Triptychon&#8220;\u2028&#8220;Kleines Triptychon&#8220; (0:00 von 4:38)<\/p>\n<p><strong>1962<br \/>\nSchwebender Genius<br \/>\nText Johann Wolfgang von Goethe<br \/>\nf\u00fcr Alt, Fl\u00f6te (evtl. Blockfl\u00f6te f&#8216;), Viola, Violon\u00adcello oder Orgel<\/strong><br \/>\nSpieldauer: 3 Minuten<br \/>\nMs-Partitur<br \/>\nMaterial nicht mehr vorhanden<br \/>\nUA: 28.8.1963 Krematorium Wilmersdorf Berlin anl\u00e4sslich der Trauerfeier f\u00fcr Arnold Bork; Gloria Seipelt, \u2028Christian Schlicke<\/p>\n<p><strong>1966<br \/>\nTre canti di Roma<br \/>\nWind am Abend &#8230; Nacht &#8230; Brunnen<br \/>\n&#8218;Worte einer Liebenden&#8216;, Textdichter unbekannt<br \/>\nf\u00fcr Mezzosopran, Blockfl\u00f6te (f&#8216;) und Gitarre<br \/>\nSpieldauer: 9 Minuten<\/strong><br \/>\nMs-Partitur<br \/>\nMaterial nicht vorhanden, Auff\u00fchrungen aus der Partitur<br \/>\nUA: 7. November 1967 Schwyz-Rickenbach (Schweiz); Magda Schweri, Jeannette Chemin-Petit, Hermann Leeb<br \/>\nRundfunk: RIAS Berlin Aufnahme am 27.6.1979; Christa-Sylvia Gr\u00f6schke, Jeannette Chemin-Petit, Beate Dittmann<\/p>\n<p><!--\/raw--><\/p>\n","protected":false},"excerpt":{"rendered":"<p>a. Geistliche Werke 1945 Kleine geistliche Hausmusik 21 Choral- und Lieds\u00e4tze in verschiedenen Besetzungen zum h\u00e4uslichen Musizieren Verlag: Evangelische Verlagsanstalt, Berlin 1958 *Partitur (z.Zt. vergriffen) Besetzung: 1- oder 3stimmiger Liedsatz, 2 Blfl. (c&#8220; und f&#8216;), Vcl., Klav. oder Orgel 1953 Weihnachtsliederkreis f\u00fcr Sopran, Tenor und Bariton mit Instrumentalbegleitung in verschiedenen Besetzungen\u2028(11 Titel) Spieldauer: 30 Minuten [&hellip;]<\/p>\n","protected":false},"author":2,"featured_media":0,"parent":35,"menu_order":0,"comment_status":"closed","ping_status":"closed","template":"templates\/page-ribbon.php","meta":{"ngg_post_thumbnail":0},"_links":{"self":[{"href":"https:\/\/cheminpetit.de\/wordpress\/wp-json\/wp\/v2\/pages\/17"}],"collection":[{"href":"https:\/\/cheminpetit.de\/wordpress\/wp-json\/wp\/v2\/pages"}],"about":[{"href":"https:\/\/cheminpetit.de\/wordpress\/wp-json\/wp\/v2\/types\/page"}],"author":[{"embeddable":true,"href":"https:\/\/cheminpetit.de\/wordpress\/wp-json\/wp\/v2\/users\/2"}],"replies":[{"embeddable":true,"href":"https:\/\/cheminpetit.de\/wordpress\/wp-json\/wp\/v2\/comments?post=17"}],"version-history":[{"count":1,"href":"https:\/\/cheminpetit.de\/wordpress\/wp-json\/wp\/v2\/pages\/17\/revisions"}],"predecessor-version":[{"id":1437,"href":"https:\/\/cheminpetit.de\/wordpress\/wp-json\/wp\/v2\/pages\/17\/revisions\/1437"}],"up":[{"embeddable":true,"href":"https:\/\/cheminpetit.de\/wordpress\/wp-json\/wp\/v2\/pages\/35"}],"wp:attachment":[{"href":"https:\/\/cheminpetit.de\/wordpress\/wp-json\/wp\/v2\/media?parent=17"}],"curies":[{"name":"wp","href":"https:\/\/api.w.org\/{rel}","templated":true}]}}