{"id":15,"date":"2016-08-21T11:43:47","date_gmt":"2016-08-21T09:43:47","guid":{"rendered":"http:\/\/www.cheminpetit.de\/wordpress\/?page_id=15"},"modified":"2024-04-01T18:28:04","modified_gmt":"2024-04-01T18:28:04","slug":"chorwerke-a-cappella","status":"publish","type":"page","link":"https:\/\/cheminpetit.de\/wordpress\/werkverzeichnis\/chorwerke-a-cappella\/","title":{"rendered":"Chorwerke a cappella"},"content":{"rendered":"<h5><!--\/raw--><br \/>\na. Geistliche Werke<\/h5>\n<p><strong>1939<br \/>\n&#8222;Nun danket all und bringet Ehr&#8220;<br \/>\nChoralmotette<br \/>\nf\u00fcr 5stimmigen gemischten Chor<\/strong><br \/>\nSpieldauer: 5 Minuten<br \/>\nVerlag: Merseburger, Kassel (3 Auflagen)<br \/>\n*Partitur (z.Zt. vergriffen)<br \/>\n*Schallplatte: Lorby, Landshut<br \/>\nUA: Daten nicht bekannt<\/p>\n<p><strong>1940<br \/>\n&#8222;Wer nur den lieben Gott l\u00e4\u00dft walten&#8220;<br \/>\nChoralmotette<br \/>\nf\u00fcr 5stimmigen gemischten Chor<\/strong><br \/>\nSpieldauer: 5 Minuten<br \/>\nVerlag: Merseburger, Kassel 1946<br \/>\n*Partitur (z.Zt.vergriffen)<br \/>\nUA: 29. September 1940, Magdeburg, &#8222;Abendmusik in der Katharinenkirche&#8220;,<br \/>\nMagdeburger Domchor, Ltg.: Hans Chemin-Petit<\/p>\n<p><strong>1941<br \/>\n&#8222;Mitten wir im Leben sind&#8220;<br \/>\nChoralmotette<br \/>\nf\u00fcr Alt und 3stimmigen M\u00e4nnerchor<\/strong><br \/>\nSpieldauer: 3 Minuten<br \/>\nVerlag: Merseburger, Kassel 2013<br \/>\nNoch nicht aufgef\u00fchrt<br \/>\n<strong><br \/>\n1945<br \/>\n&#8222;Der Morgenstern ist aufgedrungen&#8220; &#8230; &#8222;Lobt Gott, ihr Christen&#8220; &#8230; &#8222;Fr\u00f6hlich soll mein Herze&#8220; &#8230; &#8222;Es ist ein Ros&#8220; (3stim.) &#8230; &#8222;Vom Himmel hoch&#8220; &#8230; &#8222;Es ist ein Ros&#8220; (5stim.)<br \/>\n6 Weihnachtslieds\u00e4tze<br \/>\nf\u00fcr 3- bis 5stimmigen gemischten Chor<\/strong><br \/>\nMs-Partitur<\/p>\n<p><strong>1951<br \/>\n&#8222;Ach Gott und Herr&#8220;<br \/>\nEingangslied zum Bu\u00df- und Bettag<br \/>\nf\u00fcr 3stimmigen gemischten Chor<\/strong><br \/>\nVerlag: Merseburger, Kassel 1951<br \/>\n*Partitur<\/p>\n<p><strong>1951<br \/>\n&#8222;Aus tiefer Not la\u00df uns zu Gott&#8220;<br \/>\nGraduallied des Bu\u00df- und Bettages<br \/>\nf\u00fcr 3stimmigen gemischten Chor<\/strong><br \/>\nVerlag: Merseburger, Kassel 1951<br \/>\n*Partitur<\/p>\n<p><strong>1951<br \/>\n&#8222;Herr, la\u00df ihn noch dies Jahr&#8220;<br \/>\nEvangelienspruch f\u00fcr den Bu\u00df- und Bettag<br \/>\nf\u00fcr 3stimmigen gemischten Chor<\/strong><br \/>\nVerlag: Merseburger, Kassel 1951<br \/>\n*Partitur<\/p>\n<p><strong>1951<br \/>\n&#8222;Wenn aber jener, der Geist der Wahrheit, kommen wird&#8220;<br \/>\nEvangelienspruch auf den Sonntag Cantate f\u00fcr 3stimmigen gemischten Chor<\/strong><br \/>\nVerlag: Merseburger, Kassel 1951<br \/>\n*Partitur<\/p>\n<p><strong>1951<br \/>\n&#8222;Nun freut euch, lieben Christen gmein&#8220;<br \/>\nZwei S\u00e4tze zum Graduallied des Sonntags Cantate<br \/>\nf\u00fcr 3stimmigen gemischten Chor<\/strong><br \/>\nVerlag: Merseburger, Kassel 1951<br \/>\n*Partitur<\/p>\n<p><strong>1957<br \/>\n&#8222;Befiehl du deine Wege&#8220;<br \/>\nKleine Choralkantate<br \/>\nf\u00fcr Einzelstimme, Gemeindegesang, 3- und 4stimmigen gemischten Chor<\/strong><br \/>\nSpieldauer: 12 Minuten<br \/>\nVerlag: Merseburger, Kassel 1957<br \/>\n*Partitur<br \/>\nUA: Daten nicht bekannt<\/p>\n<p><strong>1957<br \/>\n&#8222;Sei Lob und Ehr dem h\u00f6chsten Gut&#8220;<br \/>\nKleine Choralkantate<br \/>\nf\u00fcr Einzelstimme, Gemeindegesang und 4stimmigen gemischten Chor<\/strong><br \/>\nSpieldauer: 10 Minuten<br \/>\nVerlag: Merseburger, Kassel 1957<br \/>\n*Partitur<br \/>\nUA: Daten nicht bekannt<\/p>\n<p><strong>1958<br \/>\n&#8222;O Heiland, rei\u00df die Himmel auf&#8220;<br \/>\nKleine Choralmotette<br \/>\nf\u00fcr 3stimmigen gemischten Chor<\/strong><br \/>\nSpieldauer: 3 Minuten<br \/>\nVerlag: Merseburger, Kassel 1959<br \/>\n*Partitur<br \/>\nUA: Daten nicht bekannt<\/p>\n<p><strong>1963<br \/>\n&#8222;Freut euch, ihr lieben Christen all&#8220;<br \/>\nZwei Chorals\u00e4tze<br \/>\nf\u00fcr 3stimmigen gemischten Chor und 3 Instrumente ad libitum<\/strong><br \/>\nVerlag: H\u00e4nssler, Neuhausen-Stuttgart 1964<br \/>\n*Partitur<\/p>\n<p><strong>1965<br \/>\n&#8222;Es lagen im Felde&#8220; &#8230;&#8220;Vom Himmel kam der Engel Schar&#8220; &#8230;&#8220;Eine gro\u00dfe Freud verk\u00fcnd ich euch&#8220; &#8230;&#8220;Geborn ist uns ein Kindelein&#8220;<br \/>\n4 Weihnachtslieds\u00e4tze<br \/>\nf\u00fcr 3- bis 5stimmigen gemischten Chor<\/strong><br \/>\nKopisten-Ms-Partitur<br \/>\nMaterial Jugendchor der Vers\u00f6hnungskirche Ludwigshafen<br \/>\n*Schallplatte: Lorby, Landshut (Besetzung s. UA)<br \/>\nUA: 26. Dezember 1965 Ulm, M\u00fcnster; Jugendchor des Ulmer M\u00fcnsters, Ltg.: Barbara Haller<\/p>\n<p><strong>1970<br \/>\n&#8222;Spricht der Herr&#8220; &#8230; &#8222;Der die Herzen erforschet&#8220; &#8230; &#8222;Alles, was von Gott geboren ist&#8220;<br \/>\nDrei Motetten nach Worten der Heiligen Schrift<br \/>\nf\u00fcr 4- bis 6stimmigen gemischten Chor<\/strong><br \/>\nSpieldauer: 10 Minuten<br \/>\nVerlag: Merseburger, Kassel 1971<br \/>\n*Partitur<br \/>\nUA: 16. Mai 1971 anl\u00e4\u00dflich des 15j\u00e4hrigen Jubil\u00e4ums des Jugendchores des Ulmer M\u00fcnsters, Ltg.: Barbara Haller<br \/>\nRundfunk: RIAS Berlin Aufnahme am 13.5.1972; RIAS-Kammerchor, Ltg.: G\u00fcnther Arndt<\/p>\n<p><strong>1977<br \/>\nDe spiritu sancto<br \/>\nDrei Motetten zum Proprium des hl. Pfingstfestes<br \/>\nf\u00fcr 5stimmigen gemischten Chor<\/strong><br \/>\nSpieldauer: 20 Minuten<br \/>\nKopisten-Partitur Ms-Druck<br \/>\nMaterial Verband Deutscher Konzertch\u00f6re e.V., Archiv,\u2028Martin-Klauer-Weg 14, 99425 Weimar<br \/>\nUA: 2. Oktober 1977 anl\u00e4\u00dflich des 25j\u00e4hrigen Jubil\u00e4ums des Hugo-Distler-Chores Hannover, Gartenkirche; Ltg.: Hans M\u00fcller-Scheffsky (Nr. 1 und 2) mit Orgelimprovisation von Volker Gwinner<br \/>\nRundfunk: NDR Hannover Aufnahme am 30.5.1979 (Nr. 1 und 2, Besetzung s. UA)<br \/>\nNr. 3 im Archiv bei Thorofon (Besetzung s.o.)<\/p>\n<h5><\/h5>\n<h5>b. Weltliche Werke<\/h5>\n<p><strong>1928<br \/>\n&#8222;Wenn der Mensch Kraft hat zu segnen&#8220;<br \/>\nMotette und Fuge; Gerhart Drabsch<br \/>\nf\u00fcr 8stimmigen gemischten Chor (\u00dcberarbeitung 1930)<\/strong><br \/>\nSpieldauer: 15 Minuten<br \/>\nMs-Partitur<br \/>\nMaterial nicht mehr vorhanden<br \/>\nUA: Daten nicht bekannt<\/p>\n<p><strong>1929<br \/>\nMarienlied &#8230; In der Nacht &#8230; Elfenlied<br \/>\nDrei Madrigale; Joseph von Eichendorff<br \/>\nf\u00fcr 2 Solosoprane und 3stimmigen Knaben- oder Frauenchor<\/strong><br \/>\nSpieldauer: 11 Minuten<br \/>\nVerlag: Bote &amp; Bock, Berlin 1930<br \/>\n*Gesamtausgabe (z. Zt. vergriffen)<br \/>\n*Partitur Marienlied (Ausgabe ohne Solosoprane) 1958<br \/>\nUA: Datum nicht bekannt, Berlin, Konzertsaal der Staatlichen Akademischen Hochschule; Staats- und Domchor Berlin, Ltg.: Hugo R\u00fcdel<\/p>\n<p><strong>1931<br \/>\n&#8222;Sch\u00f6nheit dieser Welt vergeht&#8220;<br \/>\nMotette; Martin Opitz<br \/>\nf\u00fcr 6stimmigen gemischten Chor<\/strong><br \/>\nSpieldauer: 4 Minuten<br \/>\nVerlag: Heinz Drosihn, Magdeburg<br \/>\n*Partitur (vergriffen)<br \/>\nUA: 19. Oktober 1931 im Rahmen des &#8222;Vereins zur Pflege der Kirchenmusik&#8220; Berlin, Kaiser-Wilhelm-Ged\u00e4chtniskirche; Magdeburger Domchor, Ltg.: Bernhard Henking<\/p>\n<p><strong>1933<br \/>\n&#8222;Vor allem, das entstand&#8220;<br \/>\nMotette; Matthias Claudius<br \/>\nf\u00fcr 8stimmigen gemischten Chor<\/strong><br \/>\nSpieldauer: 15 Minuten<br \/>\nVerlag: Merseburger, Kassel 1933<br \/>\n*Partitur (z.Zt. vergriffen)<br \/>\nUA: 24. September 1933 im Rahmen einer &#8222;Geist\u00adlichen Abendmusik der Bachgemeinde Magdeburg&#8220;, St. Johannis-Kirche; Magdeburger Domchor, Ltg.: Hans Chemin-Petit<\/p>\n<p><strong>1934<br \/>\n&#8222;Empfangen und gen\u00e4hret&#8220;<br \/>\nMotette; Matthias Claudius<br \/>\nf\u00fcr 6stimmigen gemischten Chor<\/strong><br \/>\nSpieldauer: 11 Minuten<br \/>\nVerlag: Merseburger, Kassel 1934<br \/>\n*Partitur<br \/>\nUA: 23. Juni 1934 Dresden, Kreuzkirche; Dresdner Kreuzchor, Ltg.: Rudolf Mauersberger<br \/>\nRundfunk: RIAS Berlin Aufnahme am 4.7.1952; RIAS-Kammerchor, Ltg.: Herbert Froitzheim<\/p>\n<p><strong>1935<br \/>\n&#8222;Der Mensch lebt und bestehet&#8220;<br \/>\nMotette; Matthias Claudius<br \/>\nf\u00fcr 8stimmigen gemischten Chor<\/strong><br \/>\nSpieldauer: 10 Minuten<br \/>\nVerlag: Merseburger, Kassel 1935<br \/>\n*Partitur (z.Zt. vergriffen)<br \/>\nUA: 17. November 1935 Berlin, Marienkirche; Magdeburger Domchor, Ltg.: Hans Chemin-Petit<\/p>\n<p><strong>1936<br \/>\n&#8222;Du, in den wir m\u00fcnden&#8220;<br \/>\nMotette; Richard Schaukal<br \/>\nf\u00fcr 5stimmigen Frauen- oder Kinderchor<\/strong><br \/>\nSpieldauer: 6 Minuten<br \/>\nMs-Partitur<br \/>\nMaterial noch nicht vorhanden<br \/>\nNoch nicht aufgef\u00fchrt<\/p>\n<p><strong>1941<br \/>\nAlte Treuenbrietzener Weisheit &#8222;Es hei\u00dfe, wie es hei\u00dfe&#8220;<br \/>\nScherzlied f\u00fcr 3 M\u00e4nnerstimmen<\/strong><br \/>\nSpieldauer: 2 Minuten<br \/>\nMs-Partitur<br \/>\nUA: 26.2.1994, Fontanehaus Berlin; &#8222;Erk 1845&#8220; M\u00e4nner-Vocal- Ensemble , Ltg.: Michael Uhl<\/p>\n<p><strong>1942<br \/>\nVom Abend bis zum Morgen<br \/>\nAbendlandschaft &#8230; Der Abend &#8230; Die Nacht &#8230; Die Fr\u00fche &#8230; Der Morgen<br \/>\nMadrigalzyklus; Joseph von Eichendorff<br \/>\nf\u00fcr 3stimmigen Frauenchor<\/strong><br \/>\nSpieldauer: 12 Minuten<br \/>\nVerlag: M\u00f6seler, Wolfenb\u00fcttel 1954 (Erstausgabe Kallmeyer 1944)<br \/>\n*Partitur<br \/>\nUA: 17. Juli 1943 im Rahmen der &#8222;Charlottenburger Schlo\u00dfmusik Berlin&#8220;, Eosandersaal; Frauenchor der Staatlichen Hochschule f\u00fcr Musikerziehung, Ltg.: Hans Chemin-Petit<br \/>\nRundfunk: RIAS Berlin Aufnahme am 2.7.1952; RIAS-Kammerchor, Ltg.: Herbert Froitzheim<\/p>\n<p><strong>1942<br \/>\nNeujahr &#8230; M\u00e4rz &#8230; Juli<br \/>\nDrei Madrigale; Eduard M\u00f6rike, Johann Wolfgang von Goethe, Theodor Storm<br \/>\nf\u00fcr 3stimmigen Frauenchor<\/strong><br \/>\nSpieldauer: 10 Minuten<br \/>\nVerlag: M\u00f6seler, Wolfenb\u00fcttel<br \/>\n(Erstausgaben Litolff, Leipzig Nr. 1, Kallmeyer Nr. 2 und 3, 1942, 1944)<br \/>\n*Partituren (z.Zt. vergriffen)<br \/>\nUA: Daten nicht bekannt<\/p>\n<p><strong>1942<\/strong><br \/>\n<strong>&#8222;Seltsam wirkt der Sterne Walten&#8220;<\/strong><br \/>\n<strong>Madrigal; Ina Seidel<\/strong><br \/>\n<strong>f\u00fcr 3stimmigen Frauenchor<\/strong><br \/>\nSpieldauer: 4 Minuten<br \/>\nFremdabschrift-Partitur<br \/>\nMaterial noch nicht vorhanden<br \/>\nNoch nicht aufgef\u00fchrt<\/p>\n<p><strong>1944<br \/>\nDas Guniwatschambo<br \/>\nHeiteres Madrigal; Worte und Weise aus &#8218;Der Pott&#8216;<br \/>\nf\u00fcr 5stimmigen gemischten Chor<\/strong><br \/>\nSpieldauer: 3 Minuten<br \/>\nVerlag: J. P. Tonger, K\u00f6ln 1961<br \/>\n*Partitur (s. Drei heitere Madrigale, 1961)<br \/>\nUA: Daten nicht bekannt<br \/>\nRundfunk: RIAS Berlin (s. Drei heitere Madrigale, 1961)<\/p>\n<p><strong>1946<br \/>\n&#8222;Halt an, wo l\u00e4ufst du hin&#8220; &#8230;&#8220;Die Rose, welche hier&#8220; &#8230;&#8220;Mensch, was du liebst&#8220;<br \/>\nDrei Motetten; Angelus Silesius<br \/>\nf\u00fcr 3- bis 5stimmigen gemischten Chor<\/strong><br \/>\nSpieldauer: 7 Minuten<br \/>\nVerlag: Merseburger, Kassel 1948<br \/>\n*Partitur<br \/>\nUA: Daten nicht bekannt<br \/>\nRundfunk: Bayerischer Rundfunk M\u00fcnchen, Kopie der Aufnahme des NDR. &#8211; NDR Hannover Auf\u00adnahme am 8.10.1960; Hannoversche Solisten\u00advereinigung, Ltg.: Wilfried Garbers<\/p>\n<!--[if lt IE 9]><script>document.createElement('audio');<\/script><![endif]-->\n<audio class=\"wp-audio-shortcode\" id=\"audio-15-1\" preload=\"none\" style=\"width: 100%;\" controls=\"controls\"><source type=\"audio\/mpeg\" src=\"http:\/\/cheminpetit.de\/wordpress\/wp-content\/uploads\/2016\/08\/11.mp3?_=1\" \/><a href=\"http:\/\/cheminpetit.de\/wordpress\/wp-content\/uploads\/2016\/08\/11.mp3\">http:\/\/cheminpetit.de\/wordpress\/wp-content\/uploads\/2016\/08\/11.mp3<\/a><\/audio>\n<p>H\u00f6rbeispiel: &#8222;Aus drei Motetten A. Silesius: Mensch, was du liebst&#8220;<\/p>\n<p><strong>1950<br \/>\nDer Optimist<br \/>\nHeiteres Madrigal; Wilhelm Wendling<br \/>\nf\u00fcr 4stimmigen gemischten Chor<\/strong><br \/>\nSpieldauer: 3 Minuten<br \/>\nVerlag: J. P. Tonger, K\u00f6ln 1961<br \/>\n*Partitur (s. Drei heitere Madrigale, 1961)<br \/>\nUA: Daten nicht bekannt<\/p>\n<p><strong>1953<br \/>\nDas N\u00f6rgeln<br \/>\nHeiteres Madrigal; Wilhelm Busch<br \/>\nf\u00fcr 3stimmigen gemischten Chor<\/strong><br \/>\nSpieldauer: 3 Minuten<br \/>\nVerlag: J. P. Tonger, K\u00f6ln 1961<br \/>\n*Partitur (s. Drei heitere Madrigale, 1961)<br \/>\nUA: Daten nicht bekannt<\/p>\n<p><strong>1953<br \/>\n&#8222;Was einer ist, was einer war&#8220;<br \/>\nSpruch; Hans Carossa<br \/>\nf\u00fcr 3stimmigen gemischten Chor<\/strong><br \/>\nSpieldauer: 3 Minuten<br \/>\nMs-Partitur<br \/>\nMaterial noch nicht vorhanden<br \/>\nNoch nicht aufgef\u00fchrt<\/p>\n<p><strong>1960<br \/>\nTrois petit riens<br \/>\nValse &#8230; Notturno &#8230; Gigue<br \/>\nDurchaus ernsthafte Studien ohne Worte<br \/>\nf\u00fcr 3stimmigen Frauenchor<\/strong><br \/>\nSpieldauer: 8 Minuten<br \/>\nVerlag: Bote &amp; Bock, Berlin 1967<br \/>\n*Partitur<br \/>\nUA: RIAS Berlin Aufnahme am 1.6.1967 f\u00fcr Ursen\u00addung; RIAS-Kammerchor, Ltg.: G\u00fcnther Arndt<br \/>\nRundfunk: Deutschlandfunk K\u00f6ln Aufnahme vom Deutschen Chorwettbewerb 1982 (Nr. 3); Kammerchor des Schillergymnasiums Heidenheim, Ltg.: Werner Neuber (2. Preis, Leistungsstufe 2). &#8211; RIAS Berlin (s. UA)<\/p>\n<p><strong>1961<br \/>\nDas N\u00f6rgeln &#8230; Der Optimist &#8230; Das Guniwatschambo<br \/>\nDrei heitere Madrigale; Wilhelm Busch, Wilhelm Wendling, Worte und Weise aus &#8218;Der Pott&#8216;<br \/>\nf\u00fcr 3- bis 5stimmigen gemischten Chor<\/strong><br \/>\nSpieldauer: 9 Minuten<br \/>\nVerlag: J. P. Tonger, K\u00f6ln 1961<br \/>\n*Partitur<br \/>\nUA: 30.5.1972, Martin-Luther-King-Kirche Berlin, Kirchenmusiker-Singkreis Neuk\u00f6lln, Ltg.: Rainer Seekamp<br \/>\nRundfunk: RIAS Berlin (Nr. 3 s. Ein Winter- und Fast\u00adnachtszyklus, 1954, Nr. 8)<\/p>\n<p><strong>1963<br \/>\nDie zwei Ameisen &#8230; Der Briefmark &#8230; Logik<br \/>\nDrei Gedichte; Joachim Ringelnatz<br \/>\nf\u00fcr 4 M\u00e4nnerstimmen<br \/>\n(s. f\u00fcr 4stimmigen, gemischten Chor, 1964)<\/strong><br \/>\nSpieldauer: 7 Minuten<br \/>\nVerlag: Ries &amp; Erler, Berlin 1995<br \/>\n*Partitur<br \/>\nUA: 26.2.1994 Berlin, Fontanehaus (Teil-Urauff\u00fchrung: Die zwei Ameisen); &#8222;Erk 1845&#8220; M\u00e4nner-Vocal-Ensemble, Ltg.: Michael Uhl<br \/>\n15.5.1994 Berlin, Studio der Akademie der K\u00fcnste, anl\u00e4sslich der Ausstellungser\u00f6ffnung f\u00fcr Hans Chemin-Petit; Achim G\u00f6res, Julian Metzger, Kai-Uwe Fahnert, Frank Schwemmer (ars nova-ensemble Berlin)<\/p>\n<p><strong>1963<br \/>\n&#8222;Was gestern war, la\u00df gestern sein&#8220; &#8230; &#8222;Noch ist es Tag, da r\u00fchre sich der Mann&#8220;<br \/>\nZwei Chorlieder; Johannes Sch\u00fcler, Johann Wolfgang von Goethe<br \/>\nf\u00fcr 3stimmigen gemischten Chor<\/strong><br \/>\nSpieldauer: 5 Minuten<br \/>\nMs-Partitur<br \/>\nMaterial nicht mehr vorhanden<br \/>\nUA: Daten nicht bekannt<\/p>\n<p><strong>1964<br \/>\nDie zwei Ameisen &#8230; Der Briefmark &#8230; Logik<br \/>\nDrei Gedichte; Joachim Ringelnatz<br \/>\nf\u00fcr 4stimmigen gemischten Chor<br \/>\n(s. Urfassung f\u00fcr 4 M\u00e4nnerstimmen, 1963)<\/strong><br \/>\nSpieldauer: 7 Minuten<br \/>\nMs-Partitur<br \/>\nMaterial nicht mehr vorhanden<br \/>\nUA: RIAS Berlin Aufnahme am 1.6.1967 f\u00fcr Ursendung; RIAS-Kammerchor, Ltg.: G\u00fcnther Arndt<\/p>\n<audio class=\"wp-audio-shortcode\" id=\"audio-15-2\" preload=\"none\" style=\"width: 100%;\" controls=\"controls\"><source type=\"audio\/mpeg\" src=\"http:\/\/cheminpetit.de\/wordpress\/wp-content\/uploads\/2016\/08\/12.mp3?_=2\" \/><a href=\"http:\/\/cheminpetit.de\/wordpress\/wp-content\/uploads\/2016\/08\/12.mp3\">http:\/\/cheminpetit.de\/wordpress\/wp-content\/uploads\/2016\/08\/12.mp3<\/a><\/audio>\n<p>H\u00f6rbeispiel: &#8222;Aus drei Gedichte J. Ringelnatz: Die zwei Ameisen &#8211; Der Briefmark&#8220;<\/p>\n<p><strong>1973<br \/>\n&#8222;Alles geben die G\u00f6tter&#8220; &#8230; &#8222;So dunkel es oft&#8220;<br \/>\nZwei Spr\u00fcche; Johann Wolfgang von Goethe<br \/>\nf\u00fcr 4stimmigen gemischten Chor<\/strong><br \/>\nSpieldauer: 6 Minuten<br \/>\nVerlag: J. P. Tonger, K\u00f6ln 1974<br \/>\n*Partitur<br \/>\nUA: Daten nicht bekannt<br \/>\nRundfunk: Bayerischer Rundfunk M\u00fcnchen Auf\u00adnahme am 22.3.1978; Singgemeinschaft Kleinwallstadt, \u2028Ltg.: Erich Peter Stein<\/p>\n<p><strong>1974<br \/>\nO Jammer<br \/>\nLied und Moritat aus &#8218;Lob der Tr\u00e4ne&#8216;, Hrsg. Karl Heinz Kramer<br \/>\nf\u00fcr 3stimmigen Frauenchor<\/strong><br \/>\nSpieldauer: 7 Minuten<br \/>\nMs-Partitur<br \/>\nMaterial noch nicht vorhanden<br \/>\nNoch nicht aufgef\u00fchrt<\/p>\n<p><!--\/raw--><\/p>\n","protected":false},"excerpt":{"rendered":"<p>a. Geistliche Werke 1939 &#8222;Nun danket all und bringet Ehr&#8220; Choralmotette f\u00fcr 5stimmigen gemischten Chor Spieldauer: 5 Minuten Verlag: Merseburger, Kassel (3 Auflagen) *Partitur (z.Zt. vergriffen) *Schallplatte: Lorby, Landshut UA: Daten nicht bekannt 1940 &#8222;Wer nur den lieben Gott l\u00e4\u00dft walten&#8220; Choralmotette f\u00fcr 5stimmigen gemischten Chor Spieldauer: 5 Minuten Verlag: Merseburger, Kassel 1946 *Partitur (z.Zt.vergriffen) [&hellip;]<\/p>\n","protected":false},"author":2,"featured_media":0,"parent":35,"menu_order":0,"comment_status":"closed","ping_status":"closed","template":"templates\/page-ribbon.php","meta":{"ngg_post_thumbnail":0},"_links":{"self":[{"href":"https:\/\/cheminpetit.de\/wordpress\/wp-json\/wp\/v2\/pages\/15"}],"collection":[{"href":"https:\/\/cheminpetit.de\/wordpress\/wp-json\/wp\/v2\/pages"}],"about":[{"href":"https:\/\/cheminpetit.de\/wordpress\/wp-json\/wp\/v2\/types\/page"}],"author":[{"embeddable":true,"href":"https:\/\/cheminpetit.de\/wordpress\/wp-json\/wp\/v2\/users\/2"}],"replies":[{"embeddable":true,"href":"https:\/\/cheminpetit.de\/wordpress\/wp-json\/wp\/v2\/comments?post=15"}],"version-history":[{"count":1,"href":"https:\/\/cheminpetit.de\/wordpress\/wp-json\/wp\/v2\/pages\/15\/revisions"}],"predecessor-version":[{"id":1434,"href":"https:\/\/cheminpetit.de\/wordpress\/wp-json\/wp\/v2\/pages\/15\/revisions\/1434"}],"up":[{"embeddable":true,"href":"https:\/\/cheminpetit.de\/wordpress\/wp-json\/wp\/v2\/pages\/35"}],"wp:attachment":[{"href":"https:\/\/cheminpetit.de\/wordpress\/wp-json\/wp\/v2\/media?parent=15"}],"curies":[{"name":"wp","href":"https:\/\/api.w.org\/{rel}","templated":true}]}}