{"id":13,"date":"2016-08-21T11:43:22","date_gmt":"2016-08-21T09:43:22","guid":{"rendered":"http:\/\/www.cheminpetit.de\/wordpress\/?page_id=13"},"modified":"2016-08-21T11:43:22","modified_gmt":"2016-08-21T09:43:22","slug":"chorwerke-mit-begleitung","status":"publish","type":"page","link":"https:\/\/cheminpetit.de\/wordpress\/werkverzeichnis\/chorwerke-mit-begleitung\/","title":{"rendered":"Chorwerke mit Begleitung"},"content":{"rendered":"<p><!--\/raw--><\/p>\n<figure id=\"attachment_268\" aria-describedby=\"caption-attachment-268\" style=\"width: 300px\" class=\"wp-caption alignright\"><img decoding=\"async\" loading=\"lazy\" class=\"wp-image-268 size-medium\" src=\"http:\/\/cheminpetit.de\/wordpress\/wp-content\/uploads\/2016\/08\/c_02_1-300x215.jpg\" alt=\"Auff\u00fchrung des Weihnachtsoratoriums von J.S. Bach in der Philharmonie Berlin am 14. Dezember 1968 mit dem Philharmonischen Chor Berlin unter der Leitung von Hans Chemin-Petit Foto: Foto-Klebbe-Berlin\" width=\"300\" height=\"215\" srcset=\"https:\/\/cheminpetit.de\/wordpress\/wp-content\/uploads\/2016\/08\/c_02_1-300x215.jpg 300w, https:\/\/cheminpetit.de\/wordpress\/wp-content\/uploads\/2016\/08\/c_02_1-768x549.jpg 768w, https:\/\/cheminpetit.de\/wordpress\/wp-content\/uploads\/2016\/08\/c_02_1.jpg 839w\" sizes=\"(max-width: 300px) 100vw, 300px\" \/><figcaption id=\"caption-attachment-268\" class=\"wp-caption-text\">Auff\u00fchrung des Weihnachtsoratoriums von J.S. Bach in der Philharmonie Berlin am 14. Dezember 1968 mit dem Philharmonischen Chor Berlin unter der Leitung von Hans Chemin-Petit<br \/> Foto: Foto-Klebbe-Berlin<\/figcaption><\/figure>\n<h5>a. Geistliche Werke<\/h5>\n<p><strong>1953<br \/>\nDer 90. Psalm<br \/>\nf\u00fcr Bariton, 5stimmigen gemischten Chor \u2028und Orchester <\/strong><br \/>\nSpieldauer: 33 Minuten<br \/>\nVerlag: Bote &amp; Bock, Berlin 1955<br \/>\nLeihmaterial Bote &amp; Bock<br \/>\n*Klavierauszug<br \/>\n<em>Orchesterbesetzung: 2 FI. (2. auch Picc.), 2 Ob., \u2028E.H., 3 KI. (3. auch Ba\u00dfkl.), 2 Fg., Ktfg., 2 Trp., \u20283 Pos., Hf., Klav., Pk., Schl. (Bk., kl.Tr., gr.Tr., \u2028Holztr., Tamtam), Streicher<\/em><br \/>\nUA: 22. November 1953 Berlin, Titania-Palast; \u2028Dietrich Fischer-Dieskau, Philharmonischer Chor Berlin, \u2028Berliner Philharmonisches Orchester, \u2028Ltg.: Hans Chemin-Petit<br \/>\nRundfunk: Amerikanische Rundfunkstationen Sendereihe \u2028&#8220;Music from Germany&#8220; (s. Aufnahme SFB). &#8211; Radio DRS-Studio Z\u00fcrich Aufnahme am 29.10.1958; Willy Ferenz, Z\u00fcrcher Bach-Chor (Einstudierung Bernhard Henking), Studio-Orchester Berom\u00fcnster, Ltg.: Hans Chemin-Petit. &#8211; \u2028SFB (s. Psalmen\u00adtriptychon, 1962)<\/p>\n<p><strong><br \/>\n1954<br \/>\nDer 150. Psalm<br \/>\nf\u00fcr 5stimmigen gemischten Chor und Orchester <\/strong><br \/>\nSpieldauer: 19 Minuten<br \/>\nVerlag: Bote &amp; Bock, Berlin 1955<br \/>\nLeihmaterial Bote &amp; Bock<br \/>\n*Klavierauszug, *Chorpartitur<br \/>\n<em>Orchesterbesetzung: 2 FI., Picc., 2 Ob., E.H., 2 KI., Ba\u00dfkl., 2 Fg., Ktfg., 2 Trp., 3 Pos., Hf., Pk., Schl. (kl.Bk., gr.Bk., kl.Tr., gr.Tr., Tri., Glockensp., Tamtam), Streicher<\/em><br \/>\nUA: 16. Mai 1956 Magdeburg, Dom; Magdeburger Domchor, Rebling-Chor, St\u00e4dtisches Orchester, Ltg.: Gerhard Bremsteller<br \/>\nRundfunk: RIAS Berlin Aufnahme am 28.10.1957; Philharmonischer Chor Berlin, Radio-Symphonie-Orchester Berlin, Ltg.: Hans Chemin-Petit. &#8211; SFB (s. Psalmentriptychon, 1962)<\/p>\n<p><strong>1962<br \/>\nDer 98. Psalm<br \/>\nf\u00fcr 5stimmigen gemischten Chor und Orchester <\/strong><br \/>\nSpieldauer: 26 Minuten<br \/>\nVerlag: Bote &amp; Bock, Berlin 1962<br \/>\nLeihmaterial Bote &amp; Bock<br \/>\n*Klavierauszug<br \/>\n*Schallplatte: Thorofon, Wedemark 1 (s. Aufnahme SFB)<br \/>\n<em>Orchesterbesetzung: 2 FI., Picc., 2 Ob., E.H., 2 KI., Ba\u00dfkl., 2 Fg., Ktfg., 2 Trp., 3 Pos., Hf., Pk., Schl. (kl.Bk., gr.Bk., kl.Tr., gr.Tr., R\u00fchrtr., Tri., Tamtam), Streicher<\/em><br \/>\nUA: s. Psalmentriptychon, 1962<br \/>\nRundfunk: SFB (s. Psalmentriptychon, 1962). &#8211; SFB Aufnahme am 21. und 22.10.1971; Philharmonischer Chor Berlin, Radio-Symphonie-Orchester Berlin, Ltg.: Hans Chemin-Petit<\/p>\n<!--[if lt IE 9]><script>document.createElement('audio');<\/script><![endif]-->\n<audio class=\"wp-audio-shortcode\" id=\"audio-13-1\" preload=\"none\" style=\"width: 100%;\" controls=\"controls\"><source type=\"audio\/mpeg\" src=\"http:\/\/cheminpetit.de\/wordpress\/wp-content\/uploads\/2016\/08\/09.mp3?_=1\" \/><a href=\"http:\/\/cheminpetit.de\/wordpress\/wp-content\/uploads\/2016\/08\/09.mp3\">http:\/\/cheminpetit.de\/wordpress\/wp-content\/uploads\/2016\/08\/09.mp3<\/a><\/audio>\n<p>H\u00f6rbeispiel: &#8222;Der 98. Psalm&#8220;<\/p>\n<p><strong>1962<br \/>\nPsalmentriptychon<br \/>\nDer 150. Psalm &#8230; Der 90. Psalm &#8230; Der 98. Psalm<\/strong><br \/>\nSpieldauer: 19 Minuten &#8230; 33 Minuten &#8230; 26 Minuten<br \/>\nVerlag: Bote &amp; Bock, Berlin 1962<br \/>\nLeihmaterial Bote &amp; Bock<br \/>\n*Klavierauszug: Der 150. Psalm &#8230; Der 90. Psalm &#8230; Der 98. Psalm<br \/>\n*Chorpartitur: Der 150. Psalm<br \/>\n*Schallplatte: Thorofon, Wedemark 1 \u00a0Der 98. Psalm (s. 1962)<br \/>\n<em>Orchesterbesetzung: s. Der 150. Psalm, 1954 &#8230; Der 90. Psalm, 1953 &#8230; Der 98. Psalm, 1962<\/em><br \/>\nUA: 6. Oktober 1962 im Rahmen der &#8222;Berliner Fest\u00adwochen&#8220;, Gro\u00dfer Sendesaal des SFB; Herbert Brauer, Philharmonischer Chor Berlin, Berliner Philharmonisches Orchester, Ltg.: Hans Chemin-Petit<br \/>\nRundfunk: SFB Mitschnitt der UA. &#8211; Radio DRS-Studio Z\u00fcrich Der 90. Psalm (s. 1953). &#8211; SFB Der 98. Psalm (s. 1962)<\/p>\n<p><strong>1964<br \/>\nSumma vitae<br \/>\nKantate; Kurt Ihlenfeld und Psalm 103,1<br \/>\nf\u00fcr Tenor, 5stimmigen gemischten Chor und Kammerorchester <\/strong><br \/>\nSpieldauer: 11 Minuten<br \/>\nVerlag: Merseburger, Kassel 1965<br \/>\nLeihmaterial Merseburger<br \/>\n<em>Orchesterbesetzung: Blfl. (f&#8216;), 3 Vla., 2 Vcl., Ktb.<\/em><br \/>\nUA: 2. April 1967 Potsdam, Erl\u00f6serkirche; Herbert Reinhold, Kantorei der Erl\u00f6serkirche, Mitglieder des Brandenburgischen Kammerorchesters, Ltg.: Friedrich Meinel<\/p>\n<p><strong>1966<br \/>\nSymphonische Kantate<br \/>\nnach Worten aus Prediger Salomonis<br \/>\nf\u00fcr Alt, 5stimmigen gemischten Chor und Orchester <\/strong><br \/>\nSpieldauer: 20 Minuten<br \/>\nVerlag: Bote &amp; Bock, Berlin 1967<br \/>\nLeihmaterial Bote &amp; Bock<br \/>\n*Klavierauszug<br \/>\n*Schallplatte: Thorofon, Wedemark 1 (s. Aufnahme SFB)<br \/>\n<em>Orchesterbesetzung: FI., Ob., 2 KI., 2 Fg. (2. auch Ktfg.), 2 Trp., 3 Pos., Pk., Schl. (gr.Tr., Tamtam), Streicher<\/em><br \/>\nUA: 26. November 1967 Ulm, Martin-Luther-Kirche; Angelika Urner, Oratorienchor Ulm, Studio Ulmer Musikfreunde, Ltg.: Hans Jakob Haller<br \/>\nRundfunk: NDR Hannover Konzertmitschnitt im Rahmen der &#8222;Festlichen Chormusiktage des Verbandes Deutscher Oratorien- und Kammer\u00adch\u00f6re e.V.&#8220; am 15.5.1969, Stadthalle Wolfsburg; Ortrun Wenkel, Hugo-Distler-Chor Hannover, Rund\u00adfunkorchester Hannover des NDR, Ltg.: Hans M\u00fcller-Scheffsky. &#8211; Radio DRS-Studio Z\u00fcrich Konzertmit\u00adschnitt am 23.11.1969, Tonhalle (Schweizerische Erstauff\u00fchrung); Verena Gohl, Z\u00fcrcher Bach-Chor, Tonhalleorchester, Ltg.: Bernhard Henking. &#8211; SFB Aufnahme am 14. und 15.2.1974; Ortrun Wenkel, Philharmonischer Chor Berlin, Radio-Symphonie-Orchester Berlin, Ltg.: Hans Chemin-Petit<\/p>\n<audio class=\"wp-audio-shortcode\" id=\"audio-13-2\" preload=\"none\" style=\"width: 100%;\" controls=\"controls\"><source type=\"audio\/mpeg\" src=\"http:\/\/cheminpetit.de\/wordpress\/wp-content\/uploads\/2016\/08\/10.mp3?_=2\" \/><a href=\"http:\/\/cheminpetit.de\/wordpress\/wp-content\/uploads\/2016\/08\/10.mp3\">http:\/\/cheminpetit.de\/wordpress\/wp-content\/uploads\/2016\/08\/10.mp3<\/a><\/audio>\n<p>H\u00f6rbeispiel: &#8222;Symphonische Kantate&#8220;<\/p>\n<p><strong>1969<br \/>\nIntroitus und Hymnus<br \/>\nDer 148. Psalm<br \/>\nf\u00fcr 5stimmigen gemischten Chor, Orgel, Bl\u00e4ser, Harfe und Schlagzeug <\/strong><br \/>\nSpieldauer: 17 Minuten<br \/>\nVerlag: Merseburger, Kassel 1969<br \/>\nLeihmaterial Merseburger<br \/>\n*Chorpartitur, *Orgelstimme = Klavierauszug<br \/>\n<em>Instrumentalbesetzung: Orgel, 2 Trp., 2 Hrn., 3 Pos., Hf., Pk., Tri.<\/em><br \/>\nUA: 25. Januar 1970 Berlin, Konzertsaal der Hochschule f\u00fcr Musik; Philharmonischer Chor Berlin, Staats- und Domchor Berlin (Einstudierung Gottfried Grote), Hans Jakob Haller, Mitglieder des Symphonischen Orchesters Berlin, Ltg.: Hans Chemin-Petit<br \/>\nRundfunk: Bayerischer Rundfunk M\u00fcnchen Konzertmitschnitt im Rahmen der &#8222;Orgelwoche Bayreuth&#8220; am 23.5.1971, Stadtkirche; Kantorei der Stadtkirche und Chor der Kirchenmusikschule (Einstudierung Viktor Lukas), Viktor Lukas, Mitglieder der Bamber\u00adger Symphoniker, Ltg.: Hans Chemin-Petit. &#8211; NDR Hannover Aufnahme am 8.2.1970; Philharmonischer Chor Berlin, Jugendchor des Ulmer M\u00fcnsters (Ein\u00adstudierung Barbara Haller), Hans Jakob Haller, Mitglieder des Studio-Orchesters Hannover, Ltg.: Hans Chemin-Petit<\/p>\n<p><strong>1980<br \/>\nIntroitus und Choral<br \/>\n&#8222;Erhalt uns, Herr, bei deinem Wort&#8220;<br \/>\nf\u00fcr Orgel und 4stimmigen gemischten Chor <\/strong><br \/>\nSpieldauer: 7 Minuten<br \/>\nMs-Partitur<br \/>\nChorpartituren Evangelisch lutherische Kirchengemeinde Wei\u00dfenburg<br \/>\nUA: 15. November 1980 Wei\u00dfenburg im Rahmen der &#8222;450-Jahrfeier der Confessio Augustana&#8220;,<br \/>\nSt. Andreas-Kirche; Klaus Wedel, St. Andreas-Kantorei, Ltg.: Siegfried Bergemann<\/p>\n<h5>Weltliche Werke<\/h5>\n<p><strong>1938<br \/>\n&#8222;Heut soll das gro\u00dfe Flachsernten sein&#8220;<br \/>\nKleine Kantate \u00fcber das skandinavische Tanzlied<br \/>\nf\u00fcr 3stimmigen Frauen- oder Kinderchor, Fl\u00f6te, 2 Violinen, Violoncello und Klavier <\/strong><br \/>\nSpieldauer: 7 Minuten<br \/>\nVerlag: Merseburger, Kassel 1944<br \/>\n*Partitur (z.Zt. vergriffen)<br \/>\nUA: Daten nicht bekannt<\/p>\n<p><strong>1944<br \/>\n&#8222;Werkleute sind wir&#8220;<br \/>\nKantate; Rainer Maria Rilke<br \/>\nf\u00fcr Sopran, Bariton, 4stimmigen gemischten Chor und Orchester <\/strong><br \/>\nSpieldauer: 20 Minuten<br \/>\nMs-Partitur, Klavierauszug<br \/>\nChorpartituren Philharmonischer Chor Berlin<br \/>\nOrchestermaterial nicht mehr vorhanden<br \/>\n<em>Orchesterbesetzung: 2 Fl., 2 Ob., 2 Kl., 2 Fg., 4 Hrn., 2 Trp., 3 Pos., Pk., Schl. (Bk. evtl. Tamtam), Streicher<\/em><br \/>\nUA: 22. Januar 1951 Magdeburg, Kristallpalast; Gertrud Birmele, Karl Wolfram, Reblingscher Chor (Einstudierung Hermann Peter Gericke), Orchester der St\u00e4dtischen B\u00fchnen, Ltg.: Hans Chemin-Petit<\/p>\n<p><strong>1954<br \/>\nEin Winter- und Fastnachtszyklus<br \/>\nVolksliederbearbeitungen und Instrumentalst\u00fccke in verschiedenen solistischen Besetzungen (12 Titel)<br \/>\n(Nr. 7 s. Kleine Suite f\u00fcr 9 Soloinstrumente nach der Musik zum Puppenspiel<br \/>\n&#8218;Dr. Johannes Faust&#8216;, 1938) <\/strong><br \/>\nSpieldauer: 45 Minuten<br \/>\nMs-Partitur<br \/>\nPartitur und Chorpartituren RIAS Berlin, Stimmenmaterial nicht mehr vorhanden<br \/>\n*Partitur Nr. 7 Kleine Suite, Verlag R. Lienau, Berlin<br \/>\n<em>Besetzung: Bariton, Chor; 2 Blfl. (c&#8220; und f&#8216;), Ob., Kl., Fg., Schl., Streicher (2 Vla.)<\/em><br \/>\nUA: RIAS Berlin Aufnahme 1954 f\u00fcr Ursendung; Herbert Brauer, RIAS-Kammerchor, Ltg.: Herbert Froitzheim<\/p>\n<p><strong>1960<br \/>\nProoemion<br \/>\nText Johann Wolfgang von Goethe<br \/>\nf\u00fcr 5- bis 6stimmigen gemischten Chor, Orgel und Schlagwerk <\/strong><br \/>\nSpieldauer: 9 Minuten<br \/>\nVerlag: Merseburger, Kassel 1962<br \/>\n*Partitur = Orgelstimme, *Chorpartitur, *Pauke\/ Schlagzeugstimme<br \/>\n<em>Instrumentalbesetzung: Orgel, Pk., Schl. (gr.Tr., Gong)<\/em><br \/>\nUA: 28. Mai 1961 im Rahmen der &#8222;Vollversammlung der 4. Bundesschulmusikwoche&#8220;, Konzertsaal der Hochschule f\u00fcr Musik Berlin; Chor der Schulmusik\u00adabteilung der Hochschule f\u00fcr Musik, Ltg.: Hans Chemin-Petit<br \/>\nRundfunk: NDR Hannover Konzertmitschnitt aus &#8222;Festliche Chormusiktage Oldenburg&#8220; am 27.5.1965, Schlo\u00dftheater; Vokal-Kollegium Hannover, Mitglieder des Staatsorchesters Oldenburg, Ltg.: Hans M\u00fcller-Scheffsky<\/p>\n<figure id=\"attachment_284\" aria-describedby=\"caption-attachment-284\" style=\"width: 219px\" class=\"wp-caption alignright\"><img decoding=\"async\" loading=\"lazy\" class=\"wp-image-284 size-medium\" src=\"http:\/\/cheminpetit.de\/wordpress\/wp-content\/uploads\/2016\/08\/k_4_4-219x300.jpg\" alt=\"Partiturautograph der Symphonischen Kantate nach Prediger Salomonis, 1966\" width=\"219\" height=\"300\" srcset=\"https:\/\/cheminpetit.de\/wordpress\/wp-content\/uploads\/2016\/08\/k_4_4-219x300.jpg 219w, https:\/\/cheminpetit.de\/wordpress\/wp-content\/uploads\/2016\/08\/k_4_4.jpg 437w\" sizes=\"(max-width: 219px) 100vw, 219px\" \/><figcaption id=\"caption-attachment-284\" class=\"wp-caption-text\">Partiturautograph der Symphonischen Kantate nach Prediger Salomonis, 1966<\/figcaption><\/figure>\n<p><strong>1961<br \/>\nProoemion<br \/>\nf\u00fcr 5- bis 6stimmigen gemischten Chor, Bl\u00e4ser \u2028und Schlagwerk<br \/>\n(2. Fassung s. Prooemion, 1960) <\/strong><br \/>\nSpieldauer: 9 Minuten<br \/>\nVerlag: Merseburger, Kassel 1962<br \/>\nLeihmaterial Merseburger<br \/>\n<em>Instrumentalbesetzung: 3 Fl., 2 Ob., 2 Kl., Ba\u00dfkl., \u20282 Fg., Ktfg., 2 Hrn., 2 Trp., 3 Pos., Pk., Schl. \u2028(gr.Tr., Gong)<\/em><br \/>\nUA: 24. Mai 1962 Magdeburg, Kristallpalast; Magde\u00adburger \u2028Konzertchor, Rebling-Chor und Opernchor der St\u00e4dtischen \u2028B\u00fchnen (Einstudierung Hellmut Alig), Mitglieder des \u2028St\u00e4dtischen Orchesters Magdeburg, Ltg.: Gottfried Schwiers<br \/>\nRundfunk: NDR Hannover (sp\u00e4tere Aufnahme, Daten nicht \u2028bekannt)<\/p>\n<p><strong>1971<br \/>\nPro musica<br \/>\nKantate f\u00fcr die Schule; Andreas Gryphius, u.a.<br \/>\nf\u00fcr 8stimmigen gemischten Chor und 3stim\u00admigen \u2028Favoritchor, Orchester und Orgel <\/strong><br \/>\nSpieldauer: 12 Minuten<br \/>\nMs-Partitur, Chorpartitur<br \/>\nMaterial nicht mehr vorhanden<br \/>\n<em>Orchesterbesetzung: 2 Ob., Fg., 3 Pk., Schl. (Bk., kl.Tr., Tri.), Streicher, Orgel (evtl. Klav.)<\/em><br \/>\nUA: 8. November 1971 im Rahmen der &#8222;Musischen Wochen der Schulen Berlin&#8220;, Konzertsaal der Hochschule f\u00fcr Musik; 8 Schulch\u00f6re, Sch\u00fcler- und Leh\u00adrerorchester Wilmersdorf (verst\u00e4rkt), Ewald Ullrich, Ltg.: Hans Chemin-Petit<\/p>\n<p><!--\/raw--><\/p>\n","protected":false},"excerpt":{"rendered":"<p>a. Geistliche Werke 1953 Der 90. Psalm f\u00fcr Bariton, 5stimmigen gemischten Chor \u2028und Orchester Spieldauer: 33 Minuten Verlag: Bote &amp; Bock, Berlin 1955 Leihmaterial Bote &amp; Bock *Klavierauszug Orchesterbesetzung: 2 FI. (2. auch Picc.), 2 Ob., \u2028E.H., 3 KI. (3. auch Ba\u00dfkl.), 2 Fg., Ktfg., 2 Trp., \u20283 Pos., Hf., Klav., Pk., Schl. (Bk., kl.Tr., [&hellip;]<\/p>\n","protected":false},"author":2,"featured_media":0,"parent":35,"menu_order":0,"comment_status":"closed","ping_status":"closed","template":"templates\/page-ribbon.php","meta":{"ngg_post_thumbnail":0},"_links":{"self":[{"href":"https:\/\/cheminpetit.de\/wordpress\/wp-json\/wp\/v2\/pages\/13"}],"collection":[{"href":"https:\/\/cheminpetit.de\/wordpress\/wp-json\/wp\/v2\/pages"}],"about":[{"href":"https:\/\/cheminpetit.de\/wordpress\/wp-json\/wp\/v2\/types\/page"}],"author":[{"embeddable":true,"href":"https:\/\/cheminpetit.de\/wordpress\/wp-json\/wp\/v2\/users\/2"}],"replies":[{"embeddable":true,"href":"https:\/\/cheminpetit.de\/wordpress\/wp-json\/wp\/v2\/comments?post=13"}],"version-history":[{"count":0,"href":"https:\/\/cheminpetit.de\/wordpress\/wp-json\/wp\/v2\/pages\/13\/revisions"}],"up":[{"embeddable":true,"href":"https:\/\/cheminpetit.de\/wordpress\/wp-json\/wp\/v2\/pages\/35"}],"wp:attachment":[{"href":"https:\/\/cheminpetit.de\/wordpress\/wp-json\/wp\/v2\/media?parent=13"}],"curies":[{"name":"wp","href":"https:\/\/api.w.org\/{rel}","templated":true}]}}