{"id":11,"date":"2016-08-21T11:42:59","date_gmt":"2016-08-21T09:42:59","guid":{"rendered":"http:\/\/www.cheminpetit.de\/wordpress\/?page_id=11"},"modified":"2021-08-03T13:01:01","modified_gmt":"2021-08-03T13:01:01","slug":"orchesterwerke","status":"publish","type":"page","link":"https:\/\/cheminpetit.de\/wordpress\/werkverzeichnis\/orchesterwerke\/","title":{"rendered":"Orchesterwerke"},"content":{"rendered":"<figure id=\"attachment_276\" aria-describedby=\"caption-attachment-276\" style=\"width: 300px\" class=\"wp-caption alignright\"><img decoding=\"async\" loading=\"lazy\" class=\"wp-image-276 size-medium\" src=\"http:\/\/cheminpetit.de\/wordpress\/wp-content\/uploads\/2016\/08\/k_0_1-300x213.jpg\" alt=\" Urauff\u00fchrung der Bearbeitung Hans Chemin-Petits f\u00fcr gro\u00dfes Orchester von Johann Sebastian Bach: Pr\u00e4ludium und Fuge G-Dur im Rahmen der Festlichen Musiktage in Potsdam im Hof des Stadtschlosses am 24. Juni 1942 mit dem Berliner Philharmonischen Orchester unter der Leitung von Hans Chemin-Petit Foto: Robert Bander, Potsdam \" width=\"300\" height=\"213\" srcset=\"https:\/\/cheminpetit.de\/wordpress\/wp-content\/uploads\/2016\/08\/k_0_1-300x213.jpg 300w, https:\/\/cheminpetit.de\/wordpress\/wp-content\/uploads\/2016\/08\/k_0_1-768x545.jpg 768w, https:\/\/cheminpetit.de\/wordpress\/wp-content\/uploads\/2016\/08\/k_0_1.jpg 845w\" sizes=\"(max-width: 300px) 100vw, 300px\" \/><figcaption id=\"caption-attachment-276\" class=\"wp-caption-text\">Urauff\u00fchrung der Bearbeitung Hans Chemin-Petits f\u00fcr gro\u00dfes Orchester von Johann Sebastian Bach: Pr\u00e4ludium und Fuge G-Dur im Rahmen der Festlichen Musiktage in Potsdam im Hof des Stadtschlosses am 24. Juni 1942 mit dem Berliner Philharmonischen Orchester unter der Leitung von Hans Chemin-Petit Foto: Robert Bander, Potsdam<\/figcaption><\/figure>\n<p><strong>1924<br \/>\nIntermezzo<br \/>\nScherzo f\u00fcr gro\u00dfes Orchester <\/strong><br \/>\nSpieldauer: ca. 8 Minuten<br \/>\nMs-Partitur<br \/>\nLeihmaterial Sinfonieorchester Collegium musicum Potsdam<br \/>\n<em>Besetzung: 3 Fl. (1. auch Picc.), 2 Ob., E.H., 2 KI., Ba\u00dfkl., 2 Fg., Ktfg., 4 Hrn., 3 Trp., 3 Pos., Tuba, Hf., Klav., Pk., Schl. (Bk., kl.Tr., Tri., Xylo., Kastagn.), Streicher<\/em><br \/>\nUA (posthum): 19. M\u00e4rz 2016 im Rahmen der Sinfoniekonzerte, Friedrichskirche Potsdam-Babelsberg, Sinfonieorchester Collegium musicum Potsdam, Ltg.: Knut Andreas<\/p>\n<!--[if lt IE 9]><script>document.createElement('audio');<\/script><![endif]-->\n<audio class=\"wp-audio-shortcode\" id=\"audio-11-1\" preload=\"none\" style=\"width: 100%;\" controls=\"controls\"><source type=\"audio\/mpeg\" src=\"http:\/\/cheminpetit.de\/wordpress\/wp-content\/uploads\/2016\/08\/18.mp3?_=1\" \/><a href=\"http:\/\/cheminpetit.de\/wordpress\/wp-content\/uploads\/2016\/08\/18.mp3\">http:\/\/cheminpetit.de\/wordpress\/wp-content\/uploads\/2016\/08\/18.mp3<\/a><\/audio>\n<p>H\u00f6rbeispiel:\u2028&#8220;Intermezzo Scherzo f\u00fcr gro\u00dfes Orchester&#8220; (UA)<\/p>\n<p><strong>1926<br \/>\nNekrolog<br \/>\nSymphonischer Satz f\u00fcr Orchester <\/strong><br \/>\nSpieldauer: 10 Minuten<br \/>\nKopisten-Ms-Partitur<br \/>\nMaterial nicht mehr vorhanden<br \/>\n<em>Besetzung: 2 Fl., 2 Ob., E.H., 2 Kl., Ba\u00dfkl., 2 Fg., 4 Hrn., 2 Trp., 3 Pos., Tuba, Pk., Streicher<\/em><br \/>\nUA: Daten nicht bekannt<\/p>\n<p><strong>1931<br \/>\nKonzert f\u00fcr Violoncello und Orchester<\/strong><br \/>\nSpieldauer: 20 Minuten<br \/>\nMs-Partitur, Klavierauszug von Lena Chemin-Petit<br \/>\nMaterial nicht mehr vorhanden<br \/>\n<em>Orchesterbesetzung: 2 Fl., 2 Ob., 2 Kl., Ba\u00dfkl., 2 Fg., 3 Hrn., Trp., Pos., Schl., Streicher<\/em><br \/>\nUA: 11. Januar 1932 Magdeburg, Stadttheater; Der Komponist, Ltg.: Walter Beck<\/p>\n<p><strong>1932<br \/>\nI. Symphonie a-Moll <\/strong><br \/>\nSpieldauer: 32 Minuten<br \/>\nVerlag: R. Lienau, Berlin 1936<br \/>\nKlavierauszug Finale von Arnold Waldwagner<br \/>\nLeihmaterial R. Lienau<br \/>\n<em>Besetzung: 2 Fl., 2 Ob., 2 Kl., Ba\u00dfkl., 2 Fg., Ktfg., 4 Hrn., 2 Trp., 3 Pos., Orgel, Pk., Schl. (Bk., kl.Tr., Tri.), Streicher<\/em><br \/>\nUA: 15. Februar 1933 im Rahmen der Dresdner Volksb\u00fchne e.V., Gro\u00dfer Saal des Gewerbehauses Ostraallee; Dresdner Philharmonie, Ltg.: Fritz Busch (Titel: Sinfonietta)<\/p>\n<p><strong>1939<br \/>\nOrchesterprolog<\/strong><br \/>\nSpieldauer: 17 Minuten<br \/>\nVerlag: R. Lienau, Berlin 1939<br \/>\nLeihmaterial R. Lienau<br \/>\n*Partitur, *Taschenpartitur, *Einf\u00fchrung<br \/>\n<em>Besetzung: 2 FI., 2 Ob., 2 Kl., 2 Fg., 4 Hrn., 3 Trp., 3 Pos., Tuba, Schl., Streicher<\/em><br \/>\nUA: 5. Oktober 1939 Berlin, Deutsches Opernhaus; Orchester des Deutschen Opernhauses, Ltg.: Artur Rother<br \/>\nRundfunk: RIAS Berlin Aufnahme am 19.6.1954; RIAS-Symphonie-Orchester, Ltg.: Hans Chemin-Petit<\/p>\n<audio class=\"wp-audio-shortcode\" id=\"audio-11-2\" preload=\"none\" style=\"width: 100%;\" controls=\"controls\"><source type=\"audio\/mpeg\" src=\"http:\/\/cheminpetit.de\/wordpress\/wp-content\/uploads\/2016\/08\/04.mp3?_=2\" \/><a href=\"http:\/\/cheminpetit.de\/wordpress\/wp-content\/uploads\/2016\/08\/04.mp3\">http:\/\/cheminpetit.de\/wordpress\/wp-content\/uploads\/2016\/08\/04.mp3<\/a><\/audio>\n<p>H\u00f6rbeispiel: &#8222;Orchesterprolog&#8220;<\/p>\n<p><strong>1941<br \/>\nFestliche Musik<br \/>\nRicercare mit dem Choral &#8222;Lobe den Herren&#8220; <\/strong><br \/>\nSpieldauer: 13 Minuten<br \/>\nVerlag: R. Lienau, Berlin 1942<br \/>\nLeihmaterial R. Lienau<br \/>\n*Partitur, *Einf\u00fchrung<br \/>\n<em>Besetzung: 3 Fl. (3. auch Picc.), 3 Ob. (3. auch E.H.), 2 Kl., Ba\u00dfkl., 2 Fg., Ktfg., 4 Hrn., 3 Trp., 3 Pos., Tuba, 3 Fanf. (evtl. Trp.), 2 Hf., Pk., Schl. (Bk., kl.Tr., gr.Tr., Tri., Tamtam, Tamburin), Streicher<\/em><br \/>\nUA: 7. Oktober 1941 Potsdam, Reichsbahnausbes\u00adserungswerk; Berliner Philharmonisches Orchester, Ltg.: Hans Chemin-Petit<\/p>\n<p><strong>1944<br \/>\nOrchesterkonzert D-Dur<br \/>\nSymphonische Musik f\u00fcr gro\u00dfes Orchester <\/strong><br \/>\nSpieldauer: 26 Minuten<br \/>\nVerlag: R. Lienau, Berlin 1954<br \/>\nLeihmaterial R. Lienau<br \/>\n<em>Besetzung: 2 Fl., 2 Ob., 2 Kl., 2 Fg., 4 Hrn., 2 Trp., 3 Pos., Tuba, Schl., Streicher<\/em><br \/>\nUA: 16. September 1953 NWDR Hannover, Ursendung; Orchester des NWDR Hannover, Ltg.: Hans Chemin-Petit<br \/>\nRundfunk: NDR Hannover Aufnahme am 26. und 27.2.1968 ; Rundfunkorchester Hannover, Ltg.: Willy Steiner<\/p>\n<audio class=\"wp-audio-shortcode\" id=\"audio-11-3\" preload=\"none\" style=\"width: 100%;\" controls=\"controls\"><source type=\"audio\/mpeg\" src=\"http:\/\/cheminpetit.de\/wordpress\/wp-content\/uploads\/2016\/08\/05.mp3?_=3\" \/><a href=\"http:\/\/cheminpetit.de\/wordpress\/wp-content\/uploads\/2016\/08\/05.mp3\">http:\/\/cheminpetit.de\/wordpress\/wp-content\/uploads\/2016\/08\/05.mp3<\/a><\/audio>\n<p>H\u00f6rbeispiel: &#8222;Orchesterkonzert D-Dur&#8220;<\/p>\n<p><strong>1948<br \/>\nSymphonische Ouvert\u00fcre in C<br \/>\n(s. 1. Satz II. Symphonie, 1949)<\/strong><br \/>\nSpieldauer: 11 Minuten<br \/>\nMs-Partitur, Ms-Klavierauszug (s. II. Symphonie)<br \/>\nMaterial Akademie der K\u00fcnste Berlin<br \/>\n<em>Besetzung: s. II. Symphonie, 1949<\/em><br \/>\nUA: Daten nicht bekannt<br \/>\nRundfunk: SFB Aufnahme am 28.5.1957; Radio-Symphonie-Orchester Berlin, Ltg.: Hans Chemin-Petit<\/p>\n<p><strong>1949<br \/>\nII. Symphonie in C-Dur<br \/>\n(Satz 1 und 4 auch als &#8218;Sonata e Fuga&#8216; aufgef\u00fchrt) <\/strong><br \/>\nSpieldauer: 47 Minuten<br \/>\nMs-Partitur, Ms-Klavierauszug<br \/>\nMaterial Akademie der K\u00fcnste Berlin<br \/>\n<em>Besetzung: 3 Fl. (3. auch Picc.), 3 Ob. (3. auch E.H.), 3 Kl. (3. auch Ba\u00dfkl.), 3 Fg. (3. auch Ktfg.),\u20284 Hrn., 3 Trp., 3 Pos., Tuba, Pk., Schl. (Bk., kl.Tr., gr.Tr., Tri., Xylo., Tamtam), Streicher<\/em><br \/>\nUA: 9. Juli 1950 im Rahmen der &#8222;Bachtage Potsdam&#8220;, Bildergalerie &#8211; Sanssouci; Staatskapelle Berlin, Ltg.: Hans Chemin-Petit<br \/>\nRundfunk: Radio DDR Berlin (\u00fcbergeben an Staat\u00adliches Komitee f\u00fcr Rundfunk beim Ministerrat der DDR &#8211; Zentrales Musikarchiv, Berlin) Konzertmit\u00adschnitt aus &#8222;Evangelischer Kirchentag Berlin&#8220; am 13.7.1951, Staatsoper; Staats\u00adkapelle Berlin, Ltg.: Hans Chemin-Petit. &#8211; SFB Auf\u00adnahme am 28.5.1957 (2. Satz, Scherzo); Radio-Symphonie-Orchester Berlin, Ltg.: Hans Chemin-Petit<\/p>\n<p><strong>1963<br \/>\nIntrada e Passacaglia<br \/>\nParergon zur Oper &#8218;K\u00f6nig Nicolo&#8216; f\u00fcr gro\u00dfes Orchester <\/strong><br \/>\nSpieldauer: 13 Minuten<br \/>\nVerlag: Bote &amp; Bock, Berlin 1964<br \/>\nLeihmaterial Bote &amp; Bock<br \/>\n*Studienpartitur<br \/>\n<em>Besetzung: 3 Fl. (3. auch Picc.), 3 Ob. (3. auch E.H.), 2 Kl., Ba\u00dfkl., 2 Fg., Ktfg., 4 Hrn., 3 Trp., 3 Pos., Tuba, Hf., Celesta, Pk., Schl. (Bk., kl.Tr., gr.Tr., R\u00fchrtr., Tri., Marimb., Tamtam), Streicher<\/em><br \/>\nUA: 5. Dezember 1963 Hannover, Gro\u00dfer Sendesaal des Funkhauses; Nieders\u00e4chsisches Symphonie-Orchester, Ltg.: Thomas Mayer<br \/>\nRundfunk: NDR Hannover Aufnahme am 31.3.1964; Rundfunkorchester Hannover, Ltg.: Hans Chemin-Petit. &#8211; Radio DRS-Studio Basel Aufnahme am 17.12.1964; Radio-Orchester Bero\u00adm\u00fcnster, Ltg.: Wolfgang Trommer. &#8211; RIAS Berlin Aufnahme am 1.7.1964; Radio-Symphonie-Orchester Berlin, Ltg.: Hans Chemin-Petit. &#8211; SFB Konzertmitschnitt am 29.1.1965, Gro\u00dfer Sendesaal im Haus des Rundfunks; Radio-Symphonie-Orchester Berlin, Ltg.: Hans Chemin-Petit<\/p>\n<p><strong>1963<br \/>\nKonzert f\u00fcr Orgel, Streichorchester und Pauken<br \/>\nFantasia e Fuga <\/strong><br \/>\nSpieldauer: 10 Minuten<br \/>\nVerlag: Merseburger, Kassel 1964<br \/>\n*Partitur, *Orgelstimme = Klavierauszug von Peter Schwarz, *Orchesterstimmen<br \/>\n*Schallplatte: IN MEMORIAM Hans-Chemin-Petit &#8211; Jeannette Chemin-Petit, musicaphon, Kassel<br \/>\nUA: 3. November 1963 Berlin, Kaiser-Friedrich-Ged\u00e4chtniskirche; Peter Schwarz, Mitglieder des Philharmonischen Orchesters Berlin, Ltg.: Hans Chemin-Petit<br \/>\nRundfunk: NDR Hannover Aufnahme am 9.1.1965; Peter Schwarz, Rundfunkorchester Hannover, Ltg.: Hans Chemin-Petit. &#8211; RIAS Berlin Aufnahme am 22.12.1966; Peter Schwarz, Radio-Symphonie-Orchester Berlin, Ltg.: Hans Chemin-Petit. &#8211; SFB Konzertmitschnitt am 15.1.1984, Philharmonie; Peter Schwarz, Radio-Symphonie-Orchester Berlin, Ltg.: Uwe Gronostay<\/p>\n<audio class=\"wp-audio-shortcode\" id=\"audio-11-4\" preload=\"none\" style=\"width: 100%;\" controls=\"controls\"><source type=\"audio\/mpeg\" src=\"http:\/\/cheminpetit.de\/wordpress\/wp-content\/uploads\/2016\/08\/06.mp3?_=4\" \/><a href=\"http:\/\/cheminpetit.de\/wordpress\/wp-content\/uploads\/2016\/08\/06.mp3\">http:\/\/cheminpetit.de\/wordpress\/wp-content\/uploads\/2016\/08\/06.mp3<\/a><\/audio>\n<p>H\u00f6rbeispiel: &#8222;Konzert f\u00fcr Orgel, Streichorchester und Pauken&#8220;<\/p>\n<p><strong>1968<br \/>\nMusik f\u00fcr Orchester 1968<br \/>\nStudie zu einem Drama <\/strong><br \/>\nSpieldauer: 14 Minuten<br \/>\nVerlag: Bote &amp; Bock, Berlin 1985<br \/>\nLeihmaterial Bote &amp; Bock<br \/>\n<em>Besetzung: 3 FI. (3. auch Picc.), 2 Ob., E.H., 2 Kl., Ba\u00dfkl., 2 Fg., Ktfg., 4 Hrn., 3 Trp., 3 Pos., Tuba, Hf., Pk., Schl. (Bk., kl.Tr., gr.Tr., R\u00fchrtr., Tri., Xylo., Marimb., Tempelbl., Tamtam), Streicher<\/em><br \/>\nUA: 22. Februar 1969 Berlin, Konzertsaal der Hochschule f\u00fcr Musik; Symphonisches Orchester Berlin, Ltg.: Charles A. B\u00fcnte<br \/>\nRundfunk: Bayerischer Rundfunk M\u00fcnchen Auf\u00adnahme am 19.4.1974, Herkulessaal; Symphonie\u00adorchester des Bayerischen Rundfunks, Ltg.: Lutz Herbig<\/p>\n<figure id=\"attachment_285\" aria-describedby=\"caption-attachment-285\" style=\"width: 300px\" class=\"wp-caption alignright\"><img decoding=\"async\" loading=\"lazy\" class=\"wp-image-285 size-medium\" src=\"http:\/\/cheminpetit.de\/wordpress\/wp-content\/uploads\/2016\/08\/k_4_5-300x235.jpg\" alt=\"Aus den Skizzenb\u00fcchern: Solokadenz des Violin- konzertes (1971), 3. Satz \" width=\"300\" height=\"235\" srcset=\"https:\/\/cheminpetit.de\/wordpress\/wp-content\/uploads\/2016\/08\/k_4_5-300x235.jpg 300w, https:\/\/cheminpetit.de\/wordpress\/wp-content\/uploads\/2016\/08\/k_4_5.jpg 767w\" sizes=\"(max-width: 300px) 100vw, 300px\" \/><figcaption id=\"caption-attachment-285\" class=\"wp-caption-text\">Aus den Skizzenb\u00fcchern: Solokadenz des Violin- konzertes (1971), 3. Satz<\/figcaption><\/figure>\n<p><strong>1971<br \/>\nKonzert f\u00fcr Violine und Orchester<br \/>\nSpieldauer: 18 Minuten <\/strong><br \/>\nVerlag: F.E.C. Leuckart, M\u00fcnchen 1975<br \/>\nLeihmaterial F.E.C. Leuckart<br \/>\n*Klavierauszug, *Solostimme<br \/>\n<em>Orchesterbesetzung: 2 Fl., 2 Ob., 2 Kl., 2 Fg., 3 Hrn.,\u20282 Trp., 3 Pos., Hf., Pk., Schl., Streicher (ohne Vl.)<\/em><br \/>\nUA: 2. Dezember 1972 Berlin, Konzertsaal der Hochschule\u2028f\u00fcr Musik; Denes Zsigmondy, Sympho\u00adnisches Orchester\u2028Berlin, Ltg.: Wolfgang Trommer<\/p>\n<audio class=\"wp-audio-shortcode\" id=\"audio-11-5\" preload=\"none\" style=\"width: 100%;\" controls=\"controls\"><source type=\"audio\/mpeg\" src=\"http:\/\/cheminpetit.de\/wordpress\/wp-content\/uploads\/2016\/08\/07.mp3?_=5\" \/><a href=\"http:\/\/cheminpetit.de\/wordpress\/wp-content\/uploads\/2016\/08\/07.mp3\">http:\/\/cheminpetit.de\/wordpress\/wp-content\/uploads\/2016\/08\/07.mp3<\/a><\/audio>\n<p>H\u00f6rbeispiel: &#8222;Konzert f\u00fcr Violine und Orchester&#8220;<\/p>\n<p><strong>1973<br \/>\nKonzert f\u00fcr Blockfl\u00f6te (f&#8216;) und Cembalo mit\u2028Streichorchester und Schlagzeug <\/strong><br \/>\nSpieldauer: 12 Minuten<br \/>\nVerlag: R. Lienau, Berlin 1974<br \/>\nLeihmaterial R. Lienau<br \/>\n*Stimme f\u00fcr Blockfl\u00f6te (f&#8216;) und Cembalo<br \/>\n*Schallplatte: IN MEMORIAM Hans-Chemin-Petit &#8211; Jeannette Chemin-Petit, musicaphon, Kassel<br \/>\nUA: 23. November 1974 Berlin, Konzertsaal der Hochschule f\u00fcr Musik; Jeannette Chemin-Petit, Maria Bethsold, Symphonisches Orchester Berlin, Ltg.: Hans Chemin-Petit<br \/>\nRundfunk: Bayerischer Rundfunk M\u00fcnchen Konzertmitschnitt aus &#8222;Musica Bayreuth&#8220; am 22.6.1976, Opernhaus; Jeannette Chemin-Petit, Viktor Lukas, M\u00fcnchener Kammerorchester, Ltg.: Hans Stadlmaier<\/p>\n<audio class=\"wp-audio-shortcode\" id=\"audio-11-6\" preload=\"none\" style=\"width: 100%;\" controls=\"controls\"><source type=\"audio\/mpeg\" src=\"http:\/\/cheminpetit.de\/wordpress\/wp-content\/uploads\/2016\/08\/08.mp3?_=6\" \/><a href=\"http:\/\/cheminpetit.de\/wordpress\/wp-content\/uploads\/2016\/08\/08.mp3\">http:\/\/cheminpetit.de\/wordpress\/wp-content\/uploads\/2016\/08\/08.mp3<\/a><\/audio>\n<p>H\u00f6rbeispiel: &#8222;Konzert f\u00fcr Blockfl\u00f6te und Cembalo mit Streichorchester und Schlagzeug&#8220;<\/p>\n<p><strong>1976<br \/>\nConcerto symphonico<br \/>\nf\u00fcr Orchester <\/strong><br \/>\nSpieldauer: 12 Minuten<br \/>\nVerlag: Bote &amp; Bock, Berlin 1985<br \/>\nLeihmaterial Bote &amp; Bock<br \/>\n<em>Besetzung: 2 Fl. (2. auch Picc.), 2 Ob., 2 Kl., 2 Fg., 4 Hrn., 2 Trp., 3 Pos., Pk., Schl., Streicher<\/em><br \/>\nUA: 11. Juni 1978 Berlin, Philharmonie; Sympho\u00adnisches Orchester Berlin, Ltg.: Hans Chemin-Petit<\/p>\n<p><strong>1980<br \/>\nHeitere Suite<br \/>\nf\u00fcr Orchester<br \/>\nNebenwerk zur Oper &#8218;Die Kom\u00f6diantin&#8216; <\/strong><br \/>\nSpieldauer: ca. 15 Minuten<br \/>\nVerlag: Edition Corona AG Rolf Budde GmbH &amp; Co, Berlin 1981<br \/>\nLeihmaterial Rolf Budde Musikverlage<br \/>\n<em>Besetzung: 2 FI. (2. auch Picc.), 2 Ob., 2 Kl. (2. auch Ba\u00dfkl.), 2 Fg. (2. auch Ktfg.), 3 Hrn., 2 Trp., Ba\u00dfpos., Hf., Pk., Schl. (kl.Tr., gr.Tr., Tempelbl.), Streicher<\/em><br \/>\nUA: SFB Aufnahme am 28.4.1981 f\u00fcr Ursendung (Nr. 3, Tanz); Studio-Orchester Berlin, Ltg.: Werner Eisbrenner<br \/>\nGesamtwerk noch nicht aufgef\u00fchrt<\/p>\n<p><strong>1980<br \/>\nElegie<br \/>\nDem Gedenken an die Toten der Kriege<br \/>\nf\u00fcr Streichorchester, Blechbl\u00e4ser und Pauken <\/strong><br \/>\nSpieldauer: 6 Minuten<br \/>\nMs-Partitur<br \/>\nMaterial Volksbund Deutsche Kriegsgr\u00e4ber\u00adf\u00fcrsorge e.V., Landesverband Berlin<br \/>\n<em>Besetzung: 4 Hrn., 2 Trp., 3 Pos., Pk., Streicher<\/em><br \/>\nUA: 15. November 1981 anl\u00e4\u00dflich der &#8222;Gedenkstunde Volkstrauertag 1981&#8220; des Volks\u00adbundes Deutsche Kriegsgr\u00e4berf\u00fcrsorge e.V. Berlin, Deutsche Oper; Symphonisches Orchester Berlin, Ltg.: Uwe Gronostay<br \/>\nRundfunk: SFB Veranstaltungs\u00fcbertragung und Mitschnitt<\/p>\n<p><!--\/raw--><\/p>\n","protected":false},"excerpt":{"rendered":"<p>1924 Intermezzo Scherzo f\u00fcr gro\u00dfes Orchester Spieldauer: ca. 8 Minuten Ms-Partitur Leihmaterial Sinfonieorchester Collegium musicum Potsdam Besetzung: 3 Fl. (1. auch Picc.), 2 Ob., E.H., 2 KI., Ba\u00dfkl., 2 Fg., Ktfg., 4 Hrn., 3 Trp., 3 Pos., Tuba, Hf., Klav., Pk., Schl. (Bk., kl.Tr., Tri., Xylo., Kastagn.), Streicher UA (posthum): 19. M\u00e4rz 2016 im Rahmen [&hellip;]<\/p>\n","protected":false},"author":2,"featured_media":0,"parent":35,"menu_order":0,"comment_status":"closed","ping_status":"closed","template":"templates\/page-ribbon.php","meta":{"ngg_post_thumbnail":0},"_links":{"self":[{"href":"https:\/\/cheminpetit.de\/wordpress\/wp-json\/wp\/v2\/pages\/11"}],"collection":[{"href":"https:\/\/cheminpetit.de\/wordpress\/wp-json\/wp\/v2\/pages"}],"about":[{"href":"https:\/\/cheminpetit.de\/wordpress\/wp-json\/wp\/v2\/types\/page"}],"author":[{"embeddable":true,"href":"https:\/\/cheminpetit.de\/wordpress\/wp-json\/wp\/v2\/users\/2"}],"replies":[{"embeddable":true,"href":"https:\/\/cheminpetit.de\/wordpress\/wp-json\/wp\/v2\/comments?post=11"}],"version-history":[{"count":11,"href":"https:\/\/cheminpetit.de\/wordpress\/wp-json\/wp\/v2\/pages\/11\/revisions"}],"predecessor-version":[{"id":1409,"href":"https:\/\/cheminpetit.de\/wordpress\/wp-json\/wp\/v2\/pages\/11\/revisions\/1409"}],"up":[{"embeddable":true,"href":"https:\/\/cheminpetit.de\/wordpress\/wp-json\/wp\/v2\/pages\/35"}],"wp:attachment":[{"href":"https:\/\/cheminpetit.de\/wordpress\/wp-json\/wp\/v2\/media?parent=11"}],"curies":[{"name":"wp","href":"https:\/\/api.w.org\/{rel}","templated":true}]}}